{"id":16765,"date":"2017-02-27T18:09:29","date_gmt":"2017-02-27T17:09:29","guid":{"rendered":"http:\/\/www.fredericmenguy.fr\/?page_id=16765\/"},"modified":"2017-03-31T15:01:27","modified_gmt":"2017-03-31T13:01:27","slug":"instalacion-equipo-grageado-puesta-marcha-bombo","status":"publish","type":"page","link":"https:\/\/www.fredericmenguy.fr\/es\/instalacion-equipo-grageado-puesta-marcha-bombo\/","title":{"rendered":"Instalaci\u00f3n del equipo de grageado &#8211; Puesta en marcha del bombo"},"content":{"rendered":"<div class=\"wpb-content-wrapper\"><p>[vc_row css_animation=\u00bb\u00bb row_type=\u00bbrow\u00bb use_row_as_full_screen_section=\u00bbno\u00bb type=\u00bbgrid\u00bb angled_section=\u00bbno\u00bb text_align=\u00bbleft\u00bb background_image=\u00bb15168&#8243; background_image_as_pattern=\u00bbwithout_pattern\u00bb background_color=\u00bb#ffffff\u00bb padding_top=\u00bb90&#8243; padding_bottom=\u00bb90&#8243;][vc_column][vc_column_text]<\/p>\n<h2 style=\"text-align: center;\">Usted acaba de adquirir un bombo para grageado\u2026<\/h2>\n<p>[\/vc_column_text][vc_separator type=\u00bbsmall\u00bb position=\u00bbcenter\u00bb up=\u00bb7&#8243; down=\u00bb38&#8243;][vc_column_text]<\/p>\n<h4 style=\"text-align: center;\">y desea la opini\u00f3n de un experto para optimizar su instalaci\u00f3n?<\/h4>\n<p>[\/vc_column_text][vc_separator type=\u00bbtransparent\u00bb up=\u00bb60&#8243; down=\u00bb10&#8243;][vc_column_text]<span class='q_dropcap square' style='background-color:#6e6259;color:#ffffff;'>A<\/span>trav\u00e9s de su conocimiento de las diversas fases de la producci\u00f3n as\u00ed como de su secuencia, <a href=\"https:\/\/www.fredericmenguy.fr\/es\/frederic-menguy-presentacion\/\">Fr\u00e9d\u00e9ric Menguy<\/a> lo ayudar\u00e1 a reconocer las restricciones en la instalaci\u00f3n de su bombo para grageado y su entorno. Adem\u00e1s, lo ayudar\u00e1 a elaborar un plan de instalaci\u00f3n bien pensado que garantice la calidad final del producto grageado as\u00ed como la productividad de los equipos. Cada etapa ser\u00e1 tomada en cuenta de manera a disminuir los riesgos de degradaci\u00f3n de los productos o para evitar los va-y-vienes contra productivos.<\/p>\n<p>&nbsp;<\/p>\n<p>&nbsp;<\/p>\n<p>La experiencia de Fr\u00e9d\u00e9ric Menguy le permitir\u00e1 situar el bombo para grageado de manera \u00f3ptima en su entorno con el fin de :[\/vc_column_text][vc_separator type=\u00bbtransparent\u00bb up=\u00bb20&#8243; down=\u00bb20&#8243;][vc_row_inner row_type=\u00bbrow\u00bb type=\u00bbfull_width\u00bb text_align=\u00bbleft\u00bb css_animation=\u00bb\u00bb][vc_column_inner width=\u00bb1\/6&#8243;][\/vc_column_inner][vc_column_inner width=\u00bb5\/6&#8243;]<div class=\"q_list number circle_number\">\n\t<\/p>\n<ul>\n<li>Garantizar la ergonom\u00eda de cada puesto de trabajo, desde el inicio de la fabricaci\u00f3n hasta el acondicionamiento.<\/li>\n<li>Optimizar la producci\u00f3n<\/li>\n<\/ul>\n<p><\/div>[\/vc_column_inner][\/vc_row_inner][\/vc_column][\/vc_row][vc_row css_animation=\u00bb\u00bb row_type=\u00bbrow\u00bb use_row_as_full_screen_section=\u00bbno\u00bb type=\u00bbfull_width\u00bb angled_section=\u00bbno\u00bb text_align=\u00bbleft\u00bb background_image=\u00bb16398&#8243; background_image_as_pattern=\u00bbwithout_pattern\u00bb padding_top=\u00bb650&#8243;][vc_column][\/vc_column][\/vc_row][vc_row css_animation=\u00bb\u00bb row_type=\u00bbrow\u00bb use_row_as_full_screen_section=\u00bbno\u00bb type=\u00bbgrid\u00bb angled_section=\u00bbno\u00bb text_align=\u00bbleft\u00bb background_image_as_pattern=\u00bbwithout_pattern\u00bb background_color=\u00bb#f6f6f6&#8243; padding_top=\u00bb90&#8243; padding_bottom=\u00bb90&#8243;][vc_column][vc_column_text]<\/p>\n<h2 style=\"text-align: center;\">Instalaci\u00f3n del tratamiento de aire<\/h2>\n<p>[\/vc_column_text][vc_separator type=\u00bbsmall\u00bb position=\u00bbcenter\u00bb up=\u00bb7&#8243; down=\u00bb38&#8243;][vc_column_text]<\/p>\n<h4 style=\"text-align: center;\">\u00bfNecesita ayuda con la gesti\u00f3n para la instalaci\u00f3n del tratamiento de aire?<\/h4>\n<p>[\/vc_column_text][vc_separator type=\u00bbtransparent\u00bb up=\u00bb42&#8243; down=\u00bb15&#8243;][vc_column_text]<span class='q_dropcap square' style='background-color:#6e6259;color:#ffffff;'>I<\/span>nstalar un bombo implica asegurarse de que el entorno alrededor de este facilitar\u00e1 el rendimiento \u00f3ptimo de la m\u00e1quina. El sitio debe tambi\u00e9n garantizar buenos revestimientos en el piso y un buen posicionamiento de los sistemas de aspiraci\u00f3n y del pasaje de tuber\u00edas. En especial, se debe tener un cuidado con la instalaci\u00f3n de la CTA (central de tratamiento de aire).[\/vc_column_text][\/vc_column][\/vc_row][vc_row css_animation=\u00bb\u00bb row_type=\u00bbrow\u00bb use_row_as_full_screen_section=\u00bbno\u00bb type=\u00bbgrid\u00bb angled_section=\u00bbno\u00bb text_align=\u00bbleft\u00bb background_image_as_pattern=\u00bbwithout_pattern\u00bb background_color=\u00bb#6e6259&#8243; padding_top=\u00bb60&#8243; padding_bottom=\u00bb60&#8243;][vc_column][vc_column_text]<\/p>\n<h2 style=\"text-align: center;\"><span style=\"color: #e5a430;\">Fr\u00e9d\u00e9ric Menguy le propone sus conocimientos y experiencia con el fin de que la instalaci\u00f3n del equipo se lleve<br \/>\na cabo de manera racional\u00a0<\/span><\/h2>\n<p>[\/vc_column_text][vc_separator type=\u00bbtransparent\u00bb up=\u00bb10&#8243; down=\u00bb10&#8243;][vc_column_text]<\/p>\n<p style=\"text-align: center;\"><span style=\"color: #ffffff;\">y que la producci\u00f3n se reanude lo antes posible.<\/span><\/p>\n<p>[\/vc_column_text][\/vc_column][\/vc_row][vc_row css_animation=\u00bb\u00bb row_type=\u00bbrow\u00bb use_row_as_full_screen_section=\u00bbno\u00bb type=\u00bbgrid\u00bb angled_section=\u00bbno\u00bb text_align=\u00bbleft\u00bb background_image_as_pattern=\u00bbwithout_pattern\u00bb background_color=\u00bb#ffffff\u00bb padding_top=\u00bb90&#8243; padding_bottom=\u00bb90&#8243;][vc_column][vc_column_text]<\/p>\n<h2 style=\"text-align: center;\">La puesta en marcha del bombo para grageado: un momento clave<\/h2>\n<p>[\/vc_column_text][vc_separator type=\u00bbsmall\u00bb position=\u00bbcenter\u00bb up=\u00bb7&#8243; down=\u00bb38&#8243;][vc_column_text]<span class='q_dropcap square' style='background-color:#6e6259;color:#ffffff;'>F<\/span>r\u00e9d\u00e9ric Menguy le ayuda a la puesta en marcha del bombo para grageado, ya sea en conjunto con el fabricante de bombos que realiza la instalaci\u00f3n o una vez que este se haya ido. De esta manera, contribuye a que la nueva m\u00e1quina sea r\u00e1pidamente operacional y a que los operadores sepan manejarla perfectamente. El objetivo siendo que estos \u00faltimos entiendan bien el funcionamiento de cada uno de los par\u00e1metros presentes y sean aut\u00f3nomos r\u00e1pidamente.<\/p>\n<p>&nbsp;<\/p>\n<p>&nbsp;<\/p>\n<h3>Cuatro \u00e1reas est\u00e1n contempladas :<\/h3>\n<p>[\/vc_column_text][vc_separator type=\u00bbtransparent\u00bb up=\u00bb20&#8243; down=\u00bb20&#8243;][vc_row_inner row_type=\u00bbrow\u00bb type=\u00bbfull_width\u00bb text_align=\u00bbleft\u00bb css_animation=\u00bb\u00bb][vc_column_inner width=\u00bb1\/6&#8243;][\/vc_column_inner][vc_column_inner width=\u00bb5\/6&#8243;]<div class=\"q_list number circle_number\">\n\t<\/p>\n<ul>\n<li><a href=\"https:\/\/www.fredericmenguy.fr\/es\/consejos-productos-grageados\/\">El desarrollo de los par\u00e1metros de fabricaci\u00f3n<\/a> y la ayuda en la elaboraci\u00f3n de las recetas que se integrar\u00e1n en la m\u00e1quina.<\/li>\n<li><a href=\"https:\/\/www.fredericmenguy.fr\/es\/capacitacion-confiteros-industriales\/\">La capacitaci\u00f3n<\/a> de los operadores a la nueva m\u00e1quina y \/ o una o m\u00e1s operaciones b\u00e1sicas de grageado (engomado, cobertura de chocolate, grageado duro de az\u00facar y de sin-az\u00facar, grageado blando, coloraci\u00f3n y acabado, barniz de chocolate, abrillantado de az\u00facar<\/li>\n<li>Ayuda en la resoluci\u00f3n de <a href=\"https:\/\/www.fredericmenguy.fr\/es\/tipologia-problemas-encontrados-proceso-grageado\/\">problemas<\/a><\/li>\n<li>El seguimiento de los ensayos<\/li>\n<\/ul>\n<p><\/div>[\/vc_column_inner][\/vc_row_inner][\/vc_column][\/vc_row][vc_row row_type=\u00bbparallax\u00bb parallax_content_width=\u00bbin_grid\u00bb text_align=\u00bbleft\u00bb background_image=\u00bb16411&#8243; full_screen_section_height=\u00bbno\u00bb section_height=\u00bb650&#8243;][vc_column][vc_separator type=\u00bbtransparent\u00bb up=\u00bb93&#8243; down=\u00bb0&#8243;][vc_row_inner row_type=\u00bbrow\u00bb type=\u00bbfull_width\u00bb text_align=\u00bbleft\u00bb css_animation=\u00bb\u00bb][vc_column_inner offset=\u00bbvc_col-lg-6 vc_col-md-6&#8243;][vc_single_image image=\u00bb16432&#8243; img_size=\u00bbfull\u00bb alignment=\u00bbcenter\u00bb style=\u00bbvc_box_border_circle\u00bb qode_css_animation=\u00bbelement_from_left\u00bb transition_delay=\u00bb0.3&#8243;][vc_separator type=\u00bbtransparent\u00bb up=\u00bb23&#8243; down=\u00bb0&#8243;][\/vc_column_inner][vc_column_inner offset=\u00bbvc_col-lg-6 vc_col-md-6&#8243;][vc_separator type=\u00bbtransparent\u00bb up=\u00bb46&#8243; down=\u00bb0&#8243;][vc_column_text]<\/p>\n<h2><strong><span style=\"color: #ffffff;\">\u00bfTiene usted un proyecto?<\/span><\/strong><\/h2>\n<p>[\/vc_column_text][vc_separator type=\u00bbsmall\u00bb position=\u00bbleft\u00bb color=\u00bb#ffffff\u00bb down=\u00bb37&#8243;][vc_column_text]<\/p>\n<h4><span style=\"color: #ffffff;\">Consulte a un experto para optimizar la instalaci\u00f3n de su nuevo bombo para grageado<\/span><\/h4>\n<p>[\/vc_column_text][vc_separator type=\u00bbtransparent\u00bb up=\u00bb30&#8243; down=\u00bb0&#8243;][vc_column_text]<span style=\"color: #ffffff;\">Reconocido a nivel mundial como uno de los mejores expertos en grageados, hoy en d\u00eda asesora confiter\u00edas de todos los tama\u00f1os- confiter\u00edas industriales o artesanales- en Francia y otros pa\u00edses.<br \/>\n<\/span>[\/vc_column_text][vc_separator type=\u00bbtransparent\u00bb up=\u00bb40&#8243; down=\u00bb0&#8243;]<a  itemprop=\"url\" href=\"https:\/\/www.fredericmenguy.fr\/es\/contact\/\" target=\"_self\" data-hover-background-color=\"#ffffff\" data-hover-border-color=\"#ffffff\" data-hover-color=\"#303030\" class=\"qbutton  default\" style=\"color: #ffffff; border-color: #e5a430; background-color:#e5a430;\">Contactar a Fr\u00e9d\u00e9ric Menguy<\/a>[vc_separator type=\u00bbtransparent\u00bb up=\u00bb93&#8243; down=\u00bb0&#8243;][\/vc_column_inner][\/vc_row_inner][\/vc_column][\/vc_row][vc_row css_animation=\u00bb\u00bb row_type=\u00bbrow\u00bb use_row_as_full_screen_section=\u00bbno\u00bb type=\u00bbfull_width\u00bb angled_section=\u00bbno\u00bb text_align=\u00bbleft\u00bb background_image_as_pattern=\u00bbwithout_pattern\u00bb padding_top=\u00bb15&#8243; padding_bottom=\u00bb0&#8243; css=\u00bb.vc_custom_1481193892951{background-color: #e5a430 !important;}\u00bb][vc_column][\/vc_column][\/vc_row][vc_row css_animation=\u00bb\u00bb row_type=\u00bbrow\u00bb use_row_as_full_screen_section=\u00bbno\u00bb type=\u00bbfull_width\u00bb angled_section=\u00bbno\u00bb text_align=\u00bbleft\u00bb background_image_as_pattern=\u00bbwithout_pattern\u00bb][vc_column][vc_single_image image=\u00bb15417&#8243; img_size=\u00bbfull\u00bb alignment=\u00bbcenter\u00bb qode_css_animation=\u00bb\u00bb][\/vc_column][\/vc_row][vc_row css_animation=\u00bb\u00bb row_type=\u00bbrow\u00bb use_row_as_full_screen_section=\u00bbno\u00bb type=\u00bbfull_width\u00bb angled_section=\u00bbno\u00bb text_align=\u00bbleft\u00bb background_image_as_pattern=\u00bbwithout_pattern\u00bb padding_top=\u00bb15&#8243; padding_bottom=\u00bb0&#8243; css=\u00bb.vc_custom_1481193903771{background-color: #e5a430 !important;}\u00bb][vc_column][\/vc_column][\/vc_row]<\/p>\n<\/div>","protected":false},"excerpt":{"rendered":"<p>[vc_row css_animation=\u00bb\u00bb row_type=\u00bbrow\u00bb use_row_as_full_screen_section=\u00bbno\u00bb type=\u00bbgrid\u00bb angled_section=\u00bbno\u00bb text_align=\u00bbleft\u00bb background_image=\u00bb15168&#8243; background_image_as_pattern=\u00bbwithout_pattern\u00bb background_color=\u00bb#ffffff\u00bb padding_top=\u00bb90&#8243; padding_bottom=\u00bb90&#8243;][vc_column][vc_column_text] Usted acaba de adquirir un bombo para grageado\u2026 [\/vc_column_text][vc_separator type=\u00bbsmall\u00bb position=\u00bbcenter\u00bb up=\u00bb7&#8243; down=\u00bb38&#8243;][vc_column_text] y desea la opini\u00f3n de un experto para optimizar su instalaci\u00f3n? [\/vc_column_text][vc_separator type=\u00bbtransparent\u00bb up=\u00bb60&#8243; down=\u00bb10&#8243;][vc_column_text]trav\u00e9s de su conocimiento de las&#8230;<\/p>\n","protected":false},"author":2,"featured_media":0,"parent":0,"menu_order":0,"comment_status":"open","ping_status":"closed","template":"full_width.php","meta":{"footnotes":""},"class_list":["post-16765","page","type-page","status-publish","hentry"],"yoast_head":"<!-- This site is optimized with the Yoast SEO plugin v27.6 - https:\/\/yoast.com\/product\/yoast-seo-wordpress\/ -->\n<title>Instalaci\u00f3n del bombo para grageas de az\u00facar o de chocolate<\/title>\n<meta name=\"description\" content=\"Optimice la instalaci\u00f3n de su nuevo bombo para grageas con Fr\u00e9d\u00e9ric Menguy, experto en grageado de az\u00facar o de chocolate en todos los pa\u00edses, incluyendo Espa\u00f1a y Am\u00e9rica Latina \u2013 Montauban \u2013 Toulouse \u2013 Francia.\" \/>\n<meta name=\"robots\" content=\"index, follow, max-snippet:-1, max-image-preview:large, max-video-preview:-1\" \/>\n<link rel=\"canonical\" href=\"https:\/\/www.fredericmenguy.fr\/es\/instalacion-equipo-grageado-puesta-marcha-bombo\/\" \/>\n<meta property=\"og:locale\" content=\"es_ES\" \/>\n<meta property=\"og:type\" content=\"article\" \/>\n<meta property=\"og:title\" content=\"Instalaci\u00f3n del bombo para grageas de az\u00facar o de chocolate\" \/>\n<meta property=\"og:description\" content=\"Optimice la instalaci\u00f3n de su nuevo bombo para grageas con Fr\u00e9d\u00e9ric Menguy, experto en grageado de az\u00facar o de chocolate en todos los pa\u00edses, incluyendo Espa\u00f1a y Am\u00e9rica Latina \u2013 Montauban \u2013 Toulouse \u2013 Francia.\" \/>\n<meta property=\"og:url\" content=\"https:\/\/www.fredericmenguy.fr\/es\/instalacion-equipo-grageado-puesta-marcha-bombo\/\" \/>\n<meta property=\"og:site_name\" content=\"Fr\u00e9d\u00e9ric Menguy\" \/>\n<meta property=\"article:modified_time\" content=\"2017-03-31T13:01:27+00:00\" \/>\n<meta name=\"twitter:card\" content=\"summary_large_image\" \/>\n<meta name=\"twitter:site\" content=\"@FMenguy\" \/>\n<meta name=\"twitter:label1\" content=\"Tiempo de lectura\" \/>\n\t<meta name=\"twitter:data1\" content=\"7 minutos\" \/>\n<script type=\"application\/ld+json\" class=\"yoast-schema-graph\">{\"@context\":\"https:\\\/\\\/schema.org\",\"@graph\":[{\"@type\":\"WebPage\",\"@id\":\"https:\\\/\\\/www.fredericmenguy.fr\\\/es\\\/instalacion-equipo-grageado-puesta-marcha-bombo\\\/\",\"url\":\"https:\\\/\\\/www.fredericmenguy.fr\\\/es\\\/instalacion-equipo-grageado-puesta-marcha-bombo\\\/\",\"name\":\"Instalaci\u00f3n del bombo para grageas de az\u00facar o de chocolate\",\"isPartOf\":{\"@id\":\"https:\\\/\\\/www.fredericmenguy.fr\\\/#website\"},\"datePublished\":\"2017-02-27T17:09:29+00:00\",\"dateModified\":\"2017-03-31T13:01:27+00:00\",\"description\":\"Optimice la instalaci\u00f3n de su nuevo bombo para grageas con Fr\u00e9d\u00e9ric Menguy, experto en grageado de az\u00facar o de chocolate en todos los pa\u00edses, incluyendo Espa\u00f1a y Am\u00e9rica Latina \u2013 Montauban \u2013 Toulouse \u2013 Francia.\",\"breadcrumb\":{\"@id\":\"https:\\\/\\\/www.fredericmenguy.fr\\\/es\\\/instalacion-equipo-grageado-puesta-marcha-bombo\\\/#breadcrumb\"},\"inLanguage\":\"es\",\"potentialAction\":[{\"@type\":\"ReadAction\",\"target\":[\"https:\\\/\\\/www.fredericmenguy.fr\\\/es\\\/instalacion-equipo-grageado-puesta-marcha-bombo\\\/\"]}]},{\"@type\":\"BreadcrumbList\",\"@id\":\"https:\\\/\\\/www.fredericmenguy.fr\\\/es\\\/instalacion-equipo-grageado-puesta-marcha-bombo\\\/#breadcrumb\",\"itemListElement\":[{\"@type\":\"ListItem\",\"position\":1,\"name\":\"Accueil\",\"item\":\"https:\\\/\\\/www.fredericmenguy.fr\\\/es\\\/\"},{\"@type\":\"ListItem\",\"position\":2,\"name\":\"Instalaci\u00f3n del equipo de grageado &#8211; Puesta en marcha del bombo\"}]},{\"@type\":\"WebSite\",\"@id\":\"https:\\\/\\\/www.fredericmenguy.fr\\\/#website\",\"url\":\"https:\\\/\\\/www.fredericmenguy.fr\\\/\",\"name\":\"Fr\u00e9d\u00e9ric Menguy\",\"description\":\"\",\"potentialAction\":[{\"@type\":\"SearchAction\",\"target\":{\"@type\":\"EntryPoint\",\"urlTemplate\":\"https:\\\/\\\/www.fredericmenguy.fr\\\/?s={search_term_string}\"},\"query-input\":{\"@type\":\"PropertyValueSpecification\",\"valueRequired\":true,\"valueName\":\"search_term_string\"}}],\"inLanguage\":\"es\"}]}<\/script>\n<!-- \/ Yoast SEO plugin. -->","yoast_head_json":{"title":"Instalaci\u00f3n del bombo para grageas de az\u00facar o de chocolate","description":"Optimice la instalaci\u00f3n de su nuevo bombo para grageas con Fr\u00e9d\u00e9ric Menguy, experto en grageado de az\u00facar o de chocolate en todos los pa\u00edses, incluyendo Espa\u00f1a y Am\u00e9rica Latina \u2013 Montauban \u2013 Toulouse \u2013 Francia.","robots":{"index":"index","follow":"follow","max-snippet":"max-snippet:-1","max-image-preview":"max-image-preview:large","max-video-preview":"max-video-preview:-1"},"canonical":"https:\/\/www.fredericmenguy.fr\/es\/instalacion-equipo-grageado-puesta-marcha-bombo\/","og_locale":"es_ES","og_type":"article","og_title":"Instalaci\u00f3n del bombo para grageas de az\u00facar o de chocolate","og_description":"Optimice la instalaci\u00f3n de su nuevo bombo para grageas con Fr\u00e9d\u00e9ric Menguy, experto en grageado de az\u00facar o de chocolate en todos los pa\u00edses, incluyendo Espa\u00f1a y Am\u00e9rica Latina \u2013 Montauban \u2013 Toulouse \u2013 Francia.","og_url":"https:\/\/www.fredericmenguy.fr\/es\/instalacion-equipo-grageado-puesta-marcha-bombo\/","og_site_name":"Fr\u00e9d\u00e9ric Menguy","article_modified_time":"2017-03-31T13:01:27+00:00","twitter_card":"summary_large_image","twitter_site":"@FMenguy","twitter_misc":{"Tiempo de lectura":"7 minutos"},"schema":{"@context":"https:\/\/schema.org","@graph":[{"@type":"WebPage","@id":"https:\/\/www.fredericmenguy.fr\/es\/instalacion-equipo-grageado-puesta-marcha-bombo\/","url":"https:\/\/www.fredericmenguy.fr\/es\/instalacion-equipo-grageado-puesta-marcha-bombo\/","name":"Instalaci\u00f3n del bombo para grageas de az\u00facar o de chocolate","isPartOf":{"@id":"https:\/\/www.fredericmenguy.fr\/#website"},"datePublished":"2017-02-27T17:09:29+00:00","dateModified":"2017-03-31T13:01:27+00:00","description":"Optimice la instalaci\u00f3n de su nuevo bombo para grageas con Fr\u00e9d\u00e9ric Menguy, experto en grageado de az\u00facar o de chocolate en todos los pa\u00edses, incluyendo Espa\u00f1a y Am\u00e9rica Latina \u2013 Montauban \u2013 Toulouse \u2013 Francia.","breadcrumb":{"@id":"https:\/\/www.fredericmenguy.fr\/es\/instalacion-equipo-grageado-puesta-marcha-bombo\/#breadcrumb"},"inLanguage":"es","potentialAction":[{"@type":"ReadAction","target":["https:\/\/www.fredericmenguy.fr\/es\/instalacion-equipo-grageado-puesta-marcha-bombo\/"]}]},{"@type":"BreadcrumbList","@id":"https:\/\/www.fredericmenguy.fr\/es\/instalacion-equipo-grageado-puesta-marcha-bombo\/#breadcrumb","itemListElement":[{"@type":"ListItem","position":1,"name":"Accueil","item":"https:\/\/www.fredericmenguy.fr\/es\/"},{"@type":"ListItem","position":2,"name":"Instalaci\u00f3n del equipo de grageado &#8211; Puesta en marcha del bombo"}]},{"@type":"WebSite","@id":"https:\/\/www.fredericmenguy.fr\/#website","url":"https:\/\/www.fredericmenguy.fr\/","name":"Fr\u00e9d\u00e9ric Menguy","description":"","potentialAction":[{"@type":"SearchAction","target":{"@type":"EntryPoint","urlTemplate":"https:\/\/www.fredericmenguy.fr\/?s={search_term_string}"},"query-input":{"@type":"PropertyValueSpecification","valueRequired":true,"valueName":"search_term_string"}}],"inLanguage":"es"}]}},"_links":{"self":[{"href":"https:\/\/www.fredericmenguy.fr\/es\/wp-json\/wp\/v2\/pages\/16765","targetHints":{"allow":["GET"]}}],"collection":[{"href":"https:\/\/www.fredericmenguy.fr\/es\/wp-json\/wp\/v2\/pages"}],"about":[{"href":"https:\/\/www.fredericmenguy.fr\/es\/wp-json\/wp\/v2\/types\/page"}],"author":[{"embeddable":true,"href":"https:\/\/www.fredericmenguy.fr\/es\/wp-json\/wp\/v2\/users\/2"}],"replies":[{"embeddable":true,"href":"https:\/\/www.fredericmenguy.fr\/es\/wp-json\/wp\/v2\/comments?post=16765"}],"version-history":[{"count":13,"href":"https:\/\/www.fredericmenguy.fr\/es\/wp-json\/wp\/v2\/pages\/16765\/revisions"}],"predecessor-version":[{"id":16840,"href":"https:\/\/www.fredericmenguy.fr\/es\/wp-json\/wp\/v2\/pages\/16765\/revisions\/16840"}],"wp:attachment":[{"href":"https:\/\/www.fredericmenguy.fr\/es\/wp-json\/wp\/v2\/media?parent=16765"}],"curies":[{"name":"wp","href":"https:\/\/api.w.org\/{rel}","templated":true}]}}