{"id":16753,"date":"2017-02-27T17:49:54","date_gmt":"2017-02-27T16:49:54","guid":{"rendered":"http:\/\/www.fredericmenguy.fr\/?page_id=16753\/"},"modified":"2022-06-08T10:32:38","modified_gmt":"2022-06-08T08:32:38","slug":"consejos-opciones-dimension-presupuesto-equipo-grageado","status":"publish","type":"page","link":"https:\/\/www.fredericmenguy.fr\/es\/consejos-opciones-dimension-presupuesto-equipo-grageado\/","title":{"rendered":"Consejos, opciones, dimensi\u00f3n y presupuesto del equipo de grageado"},"content":{"rendered":"<div class=\"wpb-content-wrapper\"><p>[vc_row css_animation=\u00bb\u00bb row_type=\u00bbrow\u00bb use_row_as_full_screen_section=\u00bbno\u00bb type=\u00bbgrid\u00bb angled_section=\u00bbno\u00bb text_align=\u00bbleft\u00bb background_image_as_pattern=\u00bbwithout_pattern\u00bb background_color=\u00bb#ffffff\u00bb padding_top=\u00bb90&#8243;][vc_column][vc_column_text]<\/p>\n<h2 style=\"text-align: center;\">Un nuevo taller o amejoramiento de su equipo de grageado<\/h2>\n<p>[\/vc_column_text][vc_separator type=\u00bbsmall\u00bb position=\u00bbcenter\u00bb up=\u00bb7&#8243; down=\u00bb38&#8243;][vc_column_text]<\/p>\n<h4 style=\"text-align: center;\">\u00bfNecesita usted asesoramiento para crear un nuevo taller o para mejorar su equipo de grageado?<\/h4>\n<p>[\/vc_column_text][vc_separator type=\u00bbtransparent\u00bb up=\u00bb60&#8243; down=\u00bb10&#8243;][vc_column_text]<span class='q_dropcap square' style='background-color:#6e6259;color:#ffffff;'>U<\/span>sted desea crear un nuevo taller o mejorar su equipo de grageado existente. Fr\u00e9d\u00e9ric Menguy le ofrece su experiencia en grageado de az\u00facar o chocolate. Con el fin de evitar la compra de material inadaptado a su proyecto, <a href=\"https:\/\/www.fredericmenguy.fr\/es\/frederic-menguy-presentacion\/\">Fr\u00e9d\u00e9ric Menguy<\/a> le propone estructurar sus criterios ayud\u00e1ndolo a determinar el proceso mejor adaptado a los tipos de productos que usted desea fabricar. Adem\u00e1s, le ayuda a establecer las dimensiones del equipo de grageado necesario y estima el presupuesto consecuente.<\/p>\n<p>&nbsp;<\/p>\n<p>Inicialmente, Fr\u00e9d\u00e9ric Menguy le propone clasificar sus productos en una de las siguientes cinco categor\u00edas :[\/vc_column_text][\/vc_column][\/vc_row][vc_row css_animation=\u00bb\u00bb row_type=\u00bbrow\u00bb use_row_as_full_screen_section=\u00bbno\u00bb type=\u00bbgrid\u00bb angled_section=\u00bbno\u00bb text_align=\u00bbleft\u00bb background_image_as_pattern=\u00bbwithout_pattern\u00bb background_color=\u00bb#ffffff\u00bb padding_top=\u00bb30&#8243; padding_bottom=\u00bb90&#8243;][vc_column][vc_separator type=\u00bbtransparent\u00bb up=\u00bb38&#8243; down=\u00bb19&#8243;][qode_circles columns=\u00bbfive_columns\u00bb circle_line=\u00bbno_line\u00bb][qode_circle type=\u00bbimage_type\u00bb title=\u00bb01 Grageado de az\u00facar con centro resistente al calor\u00bb text=\u00bb(gragea de almendra tradicional)\u00bb image=\u00bb16402&#8243;][qode_circle type=\u00bbimage_type\u00bb title=\u00bb02 Grageado de az\u00facar con centro sensible al calor\u00bb text=\u00bb(gragea con interior de chocolate, gragea con interior de goma de mascar\u2026)\u00bb image=\u00bb16406&#8243;][qode_circle type=\u00bbimage_type\u00bb title=\u00bb03 Grageado de chocolate con centro mec\u00e1nicamente resistente\u00bb text=\u00bb(frutos secos cubiertos de chocolate), acabado espolvoreado o barnizado\u00bb image=\u00bb16405&#8243;][qode_circle type=\u00bbimage_type\u00bb title=\u00bb04 Grageado de chocolate sobre centro blando o fr\u00e1gil\u00bb text=\u00bb(bolitas de cereal, pasta de frutas,\u2026), acabado espolvoreado o barnizado\u00bb image=\u00bb16392&#8243;][qode_circle type=\u00bbimage_type\u00bb title=\u00bb05 Producto combinando un producto grageado de chocolate que despu\u00e9s es grageado en az\u00facar\u00bb text=\u00bb(m&amp;m\u2019s).\u00bb image=\u00bb16403&#8243;][\/qode_circles][\/vc_column][\/vc_row][vc_row css_animation=\u00bb\u00bb row_type=\u00bbrow\u00bb use_row_as_full_screen_section=\u00bbno\u00bb type=\u00bbgrid\u00bb angled_section=\u00bbno\u00bb text_align=\u00bbleft\u00bb background_image_as_pattern=\u00bbwithout_pattern\u00bb background_color=\u00bb#6e6259&#8243; padding_top=\u00bb60&#8243; padding_bottom=\u00bb60&#8243;][vc_column][vc_column_text]<\/p>\n<h2 style=\"text-align: center;\"><span style=\"color: #e5a430;\">Hay que notar que, sobre los productos grageados con chocolate, las opciones de acabado (espolvoreado o barnizado), tendr\u00e1 una importancia capital en cuanto a las especificaciones requeridas por el equipo de grageado en t\u00e9rminos de d\u00e9bito<br \/>\ny humedad absoluta del aire.<\/span><\/h2>\n<p>[\/vc_column_text][vc_separator type=\u00bbtransparent\u00bb up=\u00bb10&#8243; down=\u00bb10&#8243;][vc_column_text]<\/p>\n<p style=\"text-align: center;\"><span style=\"color: #ffffff;\">En segundo lugar, se deduce, a partir de los productos a fabricar, el tipo de equipo necesario, incluyendo las fases de almacenamiento intermedio y el acondicionamiento.<\/span><\/p>\n<p>[\/vc_column_text][\/vc_column][\/vc_row][vc_row css_animation=\u00bb\u00bb row_type=\u00bbrow\u00bb use_row_as_full_screen_section=\u00bbno\u00bb type=\u00bbfull_width\u00bb angled_section=\u00bbno\u00bb text_align=\u00bbleft\u00bb background_image_as_pattern=\u00bbwithout_pattern\u00bb background_image=\u00bb16429&#8243; padding_top=\u00bb650&#8243;][vc_column][\/vc_column][\/vc_row][vc_row css_animation=\u00bb\u00bb row_type=\u00bbrow\u00bb use_row_as_full_screen_section=\u00bbno\u00bb type=\u00bbgrid\u00bb angled_section=\u00bbno\u00bb text_align=\u00bbleft\u00bb background_image_as_pattern=\u00bbwithout_pattern\u00bb background_image=\u00bb15168&#8243; background_color=\u00bb#f6f6f6&#8243; padding_top=\u00bb90&#8243; padding_bottom=\u00bb90&#8243;][vc_column][vc_column_text]<\/p>\n<h2 style=\"text-align: center;\">Opcion de bombo de grageado<\/h2>\n<p>[\/vc_column_text][vc_separator type=\u00bbsmall\u00bb position=\u00bbcenter\u00bb up=\u00bb7&#8243; down=\u00bb38&#8243;][vc_column_text]<\/p>\n<h4 style=\"text-align: center;\">\u00a0y su entorno<\/h4>\n<p>[\/vc_column_text][vc_separator type=\u00bbtransparent\u00bb up=\u00bb42&#8243; down=\u00bb15&#8243;][vc_column_text]<span class='q_dropcap square' style='background-color:#6e6259;color:#ffffff;'>E<\/span>l bombo para grageado es solo uno de los elementos del taller de grageado. Incluso si se invierte en un bombo para grageado autom\u00e1tico que incluye el tratamiento de aire, es indispensable de prever, por ejemplo, c\u00e1maras de estabilizaci\u00f3n, lugar para trabajos en curso o locales de almacenamiento para los productos terminados. Los proveedores de bombos para grageado frecuentemente descuidan este importante aspecto.<\/p>\n<p>&nbsp;<\/p>\n<p>A menudo, la soluci\u00f3n m\u00e1s econ\u00f3mica es la compra de bombos de segunda mano, a completar en funci\u00f3n del entorno y del tipo de producto que se quiere fabricar.<\/p>\n<p>&nbsp;<\/p>\n<p>De esta manera, el conjunto del equipo para grageado est\u00e1 compuesto de <strong>varios elementos a los que resta determinar las dimensiones y los par\u00e1metros<\/strong>[\/vc_column_text][vc_separator type=\u00bbtransparent\u00bb up=\u00bb20&#8243; down=\u00bb20&#8243;][vc_row_inner row_type=\u00bbrow\u00bb type=\u00bbfull_width\u00bb text_align=\u00bbleft\u00bb css_animation=\u00bb\u00bb][vc_column_inner width=\u00bb1\/6&#8243;][\/vc_column_inner][vc_column_inner width=\u00bb5\/6&#8243;]<div class=\"q_list number circle_number\">\n\t<\/p>\n<ul>\n<li>Bombo para grageado (cl\u00e1sico, autom\u00e1tico, bombo a banda, nuevo, de segunda mano)<\/li>\n<li>Tratamiento del aire (planas de T\u00b0C, planas de humedad, d\u00e9bitos,\u2026)<\/li>\n<li>Extracci\u00f3n de polvo o vapores de disolventes<\/li>\n<li>Suministro de centros (fabricaci\u00f3n u obtenci\u00f3n en el exterior)<\/li>\n<li>C\u00e1maras fr\u00edas, hornos, c\u00e1maras de estabilizaci\u00f3n, zona de almacenamiento antes del acondicionamiento.<\/li>\n<li>Equipo de acondicionamiento<\/li>\n<li>Zona de almacenamiento de productos terminados.<\/li>\n<\/ul>\n<p><\/div>[\/vc_column_inner][\/vc_row_inner][\/vc_column][\/vc_row][vc_row css_animation=\u00bb\u00bb row_type=\u00bbrow\u00bb use_row_as_full_screen_section=\u00bbno\u00bb type=\u00bbgrid\u00bb angled_section=\u00bbno\u00bb text_align=\u00bbleft\u00bb background_image_as_pattern=\u00bbwithout_pattern\u00bb background_color=\u00bb#ffffff\u00bb padding_top=\u00bb97&#8243;][vc_column width=\u00bb1\/2&#8243;][vc_single_image image=\u00bb16384&#8243; img_size=\u00bbfull\u00bb alignment=\u00bbcenter\u00bb style=\u00bbvc_box_border_circle\u00bb qode_css_animation=\u00bbelement_from_left\u00bb transition_delay=\u00bb0.3&#8243;][vc_separator type=\u00bbtransparent\u00bb up=\u00bb80&#8243; down=\u00bb8&#8243;][\/vc_column][vc_column width=\u00bb1\/2&#8243;][vc_row_inner row_type=\u00bbrow\u00bb type=\u00bbfull_width\u00bb text_align=\u00bbcenter\u00bb css_animation=\u00bb\u00bb][vc_column_inner][vc_separator type=\u00bbtransparent\u00bb up=\u00bb10&#8243; down=\u00bb0&#8243;][vc_column_text]<\/p>\n<h2 style=\"text-align: center;\">Presupuesto estimado del equipo de grageado<\/h2>\n<p>[\/vc_column_text][vc_separator type=\u00bbsmall\u00bb position=\u00bbcenter\u00bb up=\u00bb7&#8243; down=\u00bb38&#8243;][vc_column_text]<\/p>\n<h4 style=\"text-align: center;\">En el caso de la compra de un bombo para grageado autom\u00e1tico incluyente de un sistema de tratamiento de aire, la mayor parte del presupuesto ser\u00e1 absorbida por este equipo.<br \/>\nSi optamos por la compra de bombos de segunda mano de baja capacidad (60 a 120 kg), la mayor parte del presupuesto ser\u00e1 absorbida por el equipo de tratamiento del aire.<\/h4>\n<p>&nbsp;<\/p>\n<p style=\"text-align: center;\">Fr\u00e9d\u00e9ric Menguy lo ayudara a optimizar su inversi\u00f3n con el fin de construir un proyecto de taller de grageado coherente y adaptado a sus necesidades y restricciones.<\/p>\n<p>[\/vc_column_text][vc_separator type=\u00bbtransparent\u00bb up=\u00bb80&#8243; down=\u00bb0&#8243;][\/vc_column_inner][\/vc_row_inner][\/vc_column][\/vc_row][vc_row css_animation=\u00bb\u00bb row_type=\u00bbrow\u00bb use_row_as_full_screen_section=\u00bbno\u00bb type=\u00bbgrid\u00bb angled_section=\u00bbno\u00bb text_align=\u00bbleft\u00bb background_image_as_pattern=\u00bbwithout_pattern\u00bb background_color=\u00bb#ffffff\u00bb padding_top=\u00bb97&#8243; padding_bottom=\u00bb50&#8243; css=\u00bb.vc_custom_1653490409463{background-color: #f6f6f6 !important;}\u00bb z_index=\u00bb\u00bb][vc_column width=\u00bb1\/2&#8243;][vc_row_inner row_type=\u00bbrow\u00bb type=\u00bbfull_width\u00bb text_align=\u00bbcenter\u00bb css_animation=\u00bb\u00bb][vc_column_inner][vc_separator type=\u00bbtransparent\u00bb up=\u00bb10&#8243; down=\u00bb0&#8243;][vc_column_text]<\/p>\n<h2 style=\"text-align: center;\">Presentaci\u00f3n en nuestro<br \/>\nlaboratorio de applicaiones<\/h2>\n<p>[\/vc_column_text][vc_separator type=\u00bbsmall\u00bb position=\u00bbcenter\u00bb up=\u00bb7&#8243; down=\u00bb38&#8243;][vc_column_text]<\/p>\n<h4 style=\"text-align: center;\">Nuestro <a href=\"https:\/\/www.fredericmenguy.fr\/es\/laboratorio-de-aplicaciones\/#material\">Laboratorio de Aplicaciones<\/a> le permitir\u00e1 ser m\u00e1s eficiente en la elecci\u00f3n de su equipo de grageado<\/h4>\n<p>[\/vc_column_text][vc_separator type=\u00bbsmall\u00bb position=\u00bbcenter\u00bb up=\u00bb7&#8243; down=\u00bb38&#8243;][\/vc_column_inner][\/vc_row_inner][\/vc_column][vc_column width=\u00bb1\/2&#8243;][vc_single_image image=\u00bb18508&#8243; img_size=\u00bbfull\u00bb style=\u00bbvc_box_border_circle\u00bb qode_css_animation=\u00bbelement_from_right\u00bb transition_delay=\u00bb0.3&#8243;][vc_separator type=\u00bbtransparent\u00bb up=\u00bb20&#8243; down=\u00bb20&#8243;][\/vc_column][\/vc_row][vc_row row_type=\u00bbparallax\u00bb parallax_content_width=\u00bbin_grid\u00bb text_align=\u00bbleft\u00bb full_screen_section_height=\u00bbno\u00bb background_image=\u00bb16411&#8243; section_height=\u00bb650&#8243;][vc_column][vc_separator type=\u00bbtransparent\u00bb up=\u00bb93&#8243; down=\u00bb0&#8243;][vc_row_inner row_type=\u00bbrow\u00bb type=\u00bbfull_width\u00bb text_align=\u00bbleft\u00bb css_animation=\u00bb\u00bb][vc_column_inner offset=\u00bbvc_col-lg-6 vc_col-md-6&#8243;][vc_single_image image=\u00bb16432&#8243; img_size=\u00bbfull\u00bb alignment=\u00bbcenter\u00bb style=\u00bbvc_box_border_circle\u00bb qode_css_animation=\u00bbelement_from_left\u00bb transition_delay=\u00bb0.3&#8243;][vc_separator type=\u00bbtransparent\u00bb up=\u00bb23&#8243; down=\u00bb0&#8243;][\/vc_column_inner][vc_column_inner offset=\u00bbvc_col-lg-6 vc_col-md-6&#8243;][vc_separator type=\u00bbtransparent\u00bb up=\u00bb46&#8243; down=\u00bb0&#8243;][vc_column_text]<\/p>\n<h2><span style=\"color: #ffffff;\">\u00bfTiene usted un proyecto?<\/span><\/h2>\n<p>[\/vc_column_text][vc_separator type=\u00bbsmall\u00bb position=\u00bbleft\u00bb color=\u00bb#ffffff\u00bb down=\u00bb37&#8243;][vc_column_text]<\/p>\n<h4><span style=\"color: #ffffff;\">Consulte a un experto para crear un nuevo taller<\/span><br \/>\n<span style=\"color: #ffffff;\"> o para mejorar su equipo de grageado<\/span><\/h4>\n<p>[\/vc_column_text][vc_separator type=\u00bbtransparent\u00bb up=\u00bb30&#8243; down=\u00bb0&#8243;][vc_column_text]<span style=\"color: #ffffff;\">Reconocido a nivel mundial como uno de los mejores expertos en grageados, hoy en d\u00eda asesora confiter\u00edas de todos los tama\u00f1os- confiter\u00edas industriales o artesanales- en Francia y otros pa\u00edses.<\/span>[\/vc_column_text][vc_separator type=\u00bbtransparent\u00bb up=\u00bb40&#8243; down=\u00bb0&#8243;]<a  itemprop=\"url\" href=\"https:\/\/www.fredericmenguy.fr\/es\/contact\/\" target=\"_self\" data-hover-background-color=\"#ffffff\" data-hover-border-color=\"#ffffff\" data-hover-color=\"#303030\" class=\"qbutton  default\" style=\"color: #ffffff; border-color: #e5a430; background-color:#e5a430;\">Contactar a Fr\u00e9d\u00e9ric Menguy<\/a>[vc_separator type=\u00bbtransparent\u00bb up=\u00bb93&#8243; down=\u00bb0&#8243;][\/vc_column_inner][\/vc_row_inner][\/vc_column][\/vc_row][vc_row css_animation=\u00bb\u00bb row_type=\u00bbrow\u00bb use_row_as_full_screen_section=\u00bbno\u00bb type=\u00bbfull_width\u00bb angled_section=\u00bbno\u00bb text_align=\u00bbleft\u00bb background_image_as_pattern=\u00bbwithout_pattern\u00bb padding_top=\u00bb15&#8243; padding_bottom=\u00bb0&#8243; css=\u00bb.vc_custom_1481193892951{background-color: #e5a430 !important;}\u00bb][vc_column][\/vc_column][\/vc_row][vc_row css_animation=\u00bb\u00bb row_type=\u00bbrow\u00bb use_row_as_full_screen_section=\u00bbno\u00bb type=\u00bbfull_width\u00bb angled_section=\u00bbno\u00bb text_align=\u00bbleft\u00bb background_image_as_pattern=\u00bbwithout_pattern\u00bb][vc_column][vc_single_image image=\u00bb15417&#8243; img_size=\u00bbfull\u00bb alignment=\u00bbcenter\u00bb qode_css_animation=\u00bb\u00bb][\/vc_column][\/vc_row][vc_row css_animation=\u00bb\u00bb row_type=\u00bbrow\u00bb use_row_as_full_screen_section=\u00bbno\u00bb type=\u00bbfull_width\u00bb angled_section=\u00bbno\u00bb text_align=\u00bbleft\u00bb background_image_as_pattern=\u00bbwithout_pattern\u00bb padding_top=\u00bb15&#8243; padding_bottom=\u00bb0&#8243; css=\u00bb.vc_custom_1481193903771{background-color: #e5a430 !important;}\u00bb][vc_column][\/vc_column][\/vc_row]<\/p>\n<\/div>","protected":false},"excerpt":{"rendered":"<p>[vc_row css_animation=\u00bb\u00bb row_type=\u00bbrow\u00bb use_row_as_full_screen_section=\u00bbno\u00bb type=\u00bbgrid\u00bb angled_section=\u00bbno\u00bb text_align=\u00bbleft\u00bb background_image_as_pattern=\u00bbwithout_pattern\u00bb background_color=\u00bb#ffffff\u00bb padding_top=\u00bb90&#8243;][vc_column][vc_column_text] Un nuevo taller o amejoramiento de su equipo de grageado [\/vc_column_text][vc_separator type=\u00bbsmall\u00bb position=\u00bbcenter\u00bb up=\u00bb7&#8243; down=\u00bb38&#8243;][vc_column_text] \u00bfNecesita usted asesoramiento para crear un nuevo taller o para mejorar su equipo de grageado? [\/vc_column_text][vc_separator type=\u00bbtransparent\u00bb up=\u00bb60&#8243; down=\u00bb10&#8243;][vc_column_text]sted desea&#8230;<\/p>\n","protected":false},"author":2,"featured_media":0,"parent":0,"menu_order":0,"comment_status":"open","ping_status":"closed","template":"full_width.php","meta":{"footnotes":""},"class_list":["post-16753","page","type-page","status-publish","hentry"],"yoast_head":"<!-- This site is optimized with the Yoast SEO plugin v27.4 - https:\/\/yoast.com\/product\/yoast-seo-wordpress\/ -->\n<title>Escoger su equipo de grageado para az\u00facar o chocolate \u2013 Fr\u00e9d\u00e9ric Menguy, experto en grageado<\/title>\n<meta name=\"description\" content=\"Cree un nuevo taller o mejore su equipo de grageado para az\u00facar o chocolate con Fr\u00e9d\u00e9ric Menguy en todos los pa\u00edses, incluyendo Espa\u00f1a y Am\u00e9rica Latina \u2013 Montauban \u2013 Toulouse \u2013 Francia.\" \/>\n<meta name=\"robots\" content=\"index, follow, max-snippet:-1, max-image-preview:large, max-video-preview:-1\" \/>\n<link rel=\"canonical\" href=\"https:\/\/www.fredericmenguy.fr\/es\/consejos-opciones-dimension-presupuesto-equipo-grageado\/\" \/>\n<meta property=\"og:locale\" content=\"es_ES\" \/>\n<meta property=\"og:type\" content=\"article\" \/>\n<meta property=\"og:title\" content=\"Escoger su equipo de grageado para az\u00facar o chocolate \u2013 Fr\u00e9d\u00e9ric Menguy, experto en grageado\" \/>\n<meta property=\"og:description\" content=\"Cree un nuevo taller o mejore su equipo de grageado para az\u00facar o chocolate con Fr\u00e9d\u00e9ric Menguy en todos los pa\u00edses, incluyendo Espa\u00f1a y Am\u00e9rica Latina \u2013 Montauban \u2013 Toulouse \u2013 Francia.\" \/>\n<meta property=\"og:url\" content=\"https:\/\/www.fredericmenguy.fr\/es\/consejos-opciones-dimension-presupuesto-equipo-grageado\/\" \/>\n<meta property=\"og:site_name\" content=\"Fr\u00e9d\u00e9ric Menguy\" \/>\n<meta property=\"article:modified_time\" content=\"2022-06-08T08:32:38+00:00\" \/>\n<meta name=\"twitter:card\" content=\"summary_large_image\" \/>\n<meta name=\"twitter:site\" content=\"@FMenguy\" \/>\n<meta name=\"twitter:label1\" content=\"Tiempo de lectura\" \/>\n\t<meta name=\"twitter:data1\" content=\"5 minutos\" \/>\n<script type=\"application\/ld+json\" class=\"yoast-schema-graph\">{\"@context\":\"https:\\\/\\\/schema.org\",\"@graph\":[{\"@type\":\"WebPage\",\"@id\":\"https:\\\/\\\/www.fredericmenguy.fr\\\/es\\\/consejos-opciones-dimension-presupuesto-equipo-grageado\\\/\",\"url\":\"https:\\\/\\\/www.fredericmenguy.fr\\\/es\\\/consejos-opciones-dimension-presupuesto-equipo-grageado\\\/\",\"name\":\"Escoger su equipo de grageado para az\u00facar o chocolate \u2013 Fr\u00e9d\u00e9ric Menguy, experto en grageado\",\"isPartOf\":{\"@id\":\"https:\\\/\\\/www.fredericmenguy.fr\\\/#website\"},\"datePublished\":\"2017-02-27T16:49:54+00:00\",\"dateModified\":\"2022-06-08T08:32:38+00:00\",\"description\":\"Cree un nuevo taller o mejore su equipo de grageado para az\u00facar o chocolate con Fr\u00e9d\u00e9ric Menguy en todos los pa\u00edses, incluyendo Espa\u00f1a y Am\u00e9rica Latina \u2013 Montauban \u2013 Toulouse \u2013 Francia.\",\"breadcrumb\":{\"@id\":\"https:\\\/\\\/www.fredericmenguy.fr\\\/es\\\/consejos-opciones-dimension-presupuesto-equipo-grageado\\\/#breadcrumb\"},\"inLanguage\":\"es\",\"potentialAction\":[{\"@type\":\"ReadAction\",\"target\":[\"https:\\\/\\\/www.fredericmenguy.fr\\\/es\\\/consejos-opciones-dimension-presupuesto-equipo-grageado\\\/\"]}]},{\"@type\":\"BreadcrumbList\",\"@id\":\"https:\\\/\\\/www.fredericmenguy.fr\\\/es\\\/consejos-opciones-dimension-presupuesto-equipo-grageado\\\/#breadcrumb\",\"itemListElement\":[{\"@type\":\"ListItem\",\"position\":1,\"name\":\"Accueil\",\"item\":\"https:\\\/\\\/www.fredericmenguy.fr\\\/es\\\/\"},{\"@type\":\"ListItem\",\"position\":2,\"name\":\"Consejos, opciones, dimensi\u00f3n y presupuesto del equipo de grageado\"}]},{\"@type\":\"WebSite\",\"@id\":\"https:\\\/\\\/www.fredericmenguy.fr\\\/#website\",\"url\":\"https:\\\/\\\/www.fredericmenguy.fr\\\/\",\"name\":\"Fr\u00e9d\u00e9ric Menguy\",\"description\":\"\",\"potentialAction\":[{\"@type\":\"SearchAction\",\"target\":{\"@type\":\"EntryPoint\",\"urlTemplate\":\"https:\\\/\\\/www.fredericmenguy.fr\\\/?s={search_term_string}\"},\"query-input\":{\"@type\":\"PropertyValueSpecification\",\"valueRequired\":true,\"valueName\":\"search_term_string\"}}],\"inLanguage\":\"es\"}]}<\/script>\n<!-- \/ Yoast SEO plugin. -->","yoast_head_json":{"title":"Escoger su equipo de grageado para az\u00facar o chocolate \u2013 Fr\u00e9d\u00e9ric Menguy, experto en grageado","description":"Cree un nuevo taller o mejore su equipo de grageado para az\u00facar o chocolate con Fr\u00e9d\u00e9ric Menguy en todos los pa\u00edses, incluyendo Espa\u00f1a y Am\u00e9rica Latina \u2013 Montauban \u2013 Toulouse \u2013 Francia.","robots":{"index":"index","follow":"follow","max-snippet":"max-snippet:-1","max-image-preview":"max-image-preview:large","max-video-preview":"max-video-preview:-1"},"canonical":"https:\/\/www.fredericmenguy.fr\/es\/consejos-opciones-dimension-presupuesto-equipo-grageado\/","og_locale":"es_ES","og_type":"article","og_title":"Escoger su equipo de grageado para az\u00facar o chocolate \u2013 Fr\u00e9d\u00e9ric Menguy, experto en grageado","og_description":"Cree un nuevo taller o mejore su equipo de grageado para az\u00facar o chocolate con Fr\u00e9d\u00e9ric Menguy en todos los pa\u00edses, incluyendo Espa\u00f1a y Am\u00e9rica Latina \u2013 Montauban \u2013 Toulouse \u2013 Francia.","og_url":"https:\/\/www.fredericmenguy.fr\/es\/consejos-opciones-dimension-presupuesto-equipo-grageado\/","og_site_name":"Fr\u00e9d\u00e9ric Menguy","article_modified_time":"2022-06-08T08:32:38+00:00","twitter_card":"summary_large_image","twitter_site":"@FMenguy","twitter_misc":{"Tiempo de lectura":"5 minutos"},"schema":{"@context":"https:\/\/schema.org","@graph":[{"@type":"WebPage","@id":"https:\/\/www.fredericmenguy.fr\/es\/consejos-opciones-dimension-presupuesto-equipo-grageado\/","url":"https:\/\/www.fredericmenguy.fr\/es\/consejos-opciones-dimension-presupuesto-equipo-grageado\/","name":"Escoger su equipo de grageado para az\u00facar o chocolate \u2013 Fr\u00e9d\u00e9ric Menguy, experto en grageado","isPartOf":{"@id":"https:\/\/www.fredericmenguy.fr\/#website"},"datePublished":"2017-02-27T16:49:54+00:00","dateModified":"2022-06-08T08:32:38+00:00","description":"Cree un nuevo taller o mejore su equipo de grageado para az\u00facar o chocolate con Fr\u00e9d\u00e9ric Menguy en todos los pa\u00edses, incluyendo Espa\u00f1a y Am\u00e9rica Latina \u2013 Montauban \u2013 Toulouse \u2013 Francia.","breadcrumb":{"@id":"https:\/\/www.fredericmenguy.fr\/es\/consejos-opciones-dimension-presupuesto-equipo-grageado\/#breadcrumb"},"inLanguage":"es","potentialAction":[{"@type":"ReadAction","target":["https:\/\/www.fredericmenguy.fr\/es\/consejos-opciones-dimension-presupuesto-equipo-grageado\/"]}]},{"@type":"BreadcrumbList","@id":"https:\/\/www.fredericmenguy.fr\/es\/consejos-opciones-dimension-presupuesto-equipo-grageado\/#breadcrumb","itemListElement":[{"@type":"ListItem","position":1,"name":"Accueil","item":"https:\/\/www.fredericmenguy.fr\/es\/"},{"@type":"ListItem","position":2,"name":"Consejos, opciones, dimensi\u00f3n y presupuesto del equipo de grageado"}]},{"@type":"WebSite","@id":"https:\/\/www.fredericmenguy.fr\/#website","url":"https:\/\/www.fredericmenguy.fr\/","name":"Fr\u00e9d\u00e9ric Menguy","description":"","potentialAction":[{"@type":"SearchAction","target":{"@type":"EntryPoint","urlTemplate":"https:\/\/www.fredericmenguy.fr\/?s={search_term_string}"},"query-input":{"@type":"PropertyValueSpecification","valueRequired":true,"valueName":"search_term_string"}}],"inLanguage":"es"}]}},"_links":{"self":[{"href":"https:\/\/www.fredericmenguy.fr\/es\/wp-json\/wp\/v2\/pages\/16753","targetHints":{"allow":["GET"]}}],"collection":[{"href":"https:\/\/www.fredericmenguy.fr\/es\/wp-json\/wp\/v2\/pages"}],"about":[{"href":"https:\/\/www.fredericmenguy.fr\/es\/wp-json\/wp\/v2\/types\/page"}],"author":[{"embeddable":true,"href":"https:\/\/www.fredericmenguy.fr\/es\/wp-json\/wp\/v2\/users\/2"}],"replies":[{"embeddable":true,"href":"https:\/\/www.fredericmenguy.fr\/es\/wp-json\/wp\/v2\/comments?post=16753"}],"version-history":[{"count":23,"href":"https:\/\/www.fredericmenguy.fr\/es\/wp-json\/wp\/v2\/pages\/16753\/revisions"}],"predecessor-version":[{"id":19105,"href":"https:\/\/www.fredericmenguy.fr\/es\/wp-json\/wp\/v2\/pages\/16753\/revisions\/19105"}],"wp:attachment":[{"href":"https:\/\/www.fredericmenguy.fr\/es\/wp-json\/wp\/v2\/media?parent=16753"}],"curies":[{"name":"wp","href":"https:\/\/api.w.org\/{rel}","templated":true}]}}