{"id":16739,"date":"2017-02-27T17:07:17","date_gmt":"2017-02-27T16:07:17","guid":{"rendered":"http:\/\/www.fredericmenguy.fr\/?page_id=16739\/"},"modified":"2017-03-31T14:59:54","modified_gmt":"2017-03-31T12:59:54","slug":"reglamentacion-grageas-etiquetaje-condicionamiento","status":"publish","type":"page","link":"https:\/\/www.fredericmenguy.fr\/es\/reglamentacion-grageas-etiquetaje-condicionamiento\/","title":{"rendered":"Reglamentaci\u00f3n de grageas \u2013 Etiquetaje &#8211; Condicionamiento"},"content":{"rendered":"<div class=\"wpb-content-wrapper\"><p>[vc_row css_animation=\u00bb\u00bb row_type=\u00bbrow\u00bb use_row_as_full_screen_section=\u00bbno\u00bb type=\u00bbgrid\u00bb angled_section=\u00bbno\u00bb text_align=\u00bbleft\u00bb background_image_as_pattern=\u00bbwithout_pattern\u00bb background_color=\u00bb#ffffff\u00bb padding_top=\u00bb90&#8243; padding_bottom=\u00bb0&#8243;][vc_column][vc_column_text]<\/p>\n<h2 style=\"text-align: center;\">Reglamentaci\u00f3n de grageas u otros productos fabricados en bombo.<\/h2>\n<p>[\/vc_column_text][vc_separator type=\u00bbsmall\u00bb position=\u00bbcenter\u00bb up=\u00bb7&#8243; down=\u00bb38&#8243;][vc_column_text]<\/p>\n<h4 style=\"text-align: center;\">\u00bfDesea usted ser orientado a cerca de las problem\u00e1ticas en la reglamentaci\u00f3n de grageas u otro tipo de confiter\u00eda fabricado en bombo?<\/h4>\n<p>[\/vc_column_text][vc_separator type=\u00bbtransparent\u00bb up=\u00bb60&#8243; down=\u00bb10&#8243;][vc_column_text]<span class='q_dropcap square' style='background-color:#6e6259;color:#ffffff;'>F<\/span>r\u00e9d\u00e9ric Menguy asiste al encargado de fabricaci\u00f3n sobre todas las opciones asociadas a la legislatura en vigor en el tema de fabricaci\u00f3n, embalaje, etiquetaje de grageas, o cualquier otro tipo de confiter\u00eda fabricado en bombos.[\/vc_column_text][\/vc_column][\/vc_row][vc_row css_animation=\u00bb\u00bb row_type=\u00bbrow\u00bb use_row_as_full_screen_section=\u00bbno\u00bb type=\u00bbgrid\u00bb angled_section=\u00bbno\u00bb text_align=\u00bbleft\u00bb background_image_as_pattern=\u00bbwithout_pattern\u00bb background_color=\u00bb#ffffff\u00bb padding_top=\u00bb90&#8243; padding_bottom=\u00bb0&#8243;][vc_column][vc_row_inner row_type=\u00bbrow\u00bb type=\u00bbfull_width\u00bb text_align=\u00bbleft\u00bb css_animation=\u00bb\u00bb][vc_column_inner width=\u00bb1\/3&#8243;]<div class='q_icon_with_title medium circle '><div class=\"icon_holder \" style=\" \"><span data-icon-type=\"circle\" class=\"qode_iwt_icon_holder fa-stack fa-3x  \"><i class=\"qode_icon_font_awesome fa fa-level-up qode_iwt_icon_element\"><\/i><\/span><\/div><div class=\"icon_text_holder\" style=\"\"><div class=\"icon_text_inner\" style=\"\"><h5 class=\"icon_title\" style=\"\">aditivos<\/h5><p style=''>Opciones y dosificaci\u00f3n de aditivos, principalmente colorantes<\/p><\/div><\/div><\/div>[vc_separator type=\u00bbtransparent\u00bb up=\u00bb40&#8243; down=\u00bb0&#8243;][\/vc_column_inner][vc_column_inner width=\u00bb1\/3&#8243;]<div class='q_icon_with_title medium circle '><div class=\"icon_holder \" style=\" \"><span data-icon-type=\"circle\" class=\"qode_iwt_icon_holder fa-stack fa-3x  \"><i class=\"qode_icon_font_awesome fa fa-balance-scale qode_iwt_icon_element\"><\/i><\/span><\/div><div class=\"icon_text_holder\" style=\"\"><div class=\"icon_text_inner\" style=\"\"><h5 class=\"icon_title\" style=\"\">legislaci\u00f3n<\/h5><p style=''>Respeto de la legislaci\u00f3n de exportaci\u00f3n en funci\u00f3n del pa\u00eds<\/p><\/div><\/div><\/div>[vc_separator type=\u00bbtransparent\u00bb up=\u00bb40&#8243; down=\u00bb0&#8243;][\/vc_column_inner][vc_column_inner width=\u00bb1\/3&#8243;]<div class='q_icon_with_title medium circle '><div class=\"icon_holder \" style=\" \"><span data-icon-type=\"circle\" class=\"qode_iwt_icon_holder fa-stack fa-3x  \"><i class=\"qode_icon_font_awesome fa fa-thumbs-o-up qode_iwt_icon_element\"><\/i><\/span><\/div><div class=\"icon_text_holder\" style=\"\"><div class=\"icon_text_inner\" style=\"\"><h5 class=\"icon_title\" style=\"\">calidad<\/h5><p style=''>Consejos en materia de certificaciones de calidad del producto<\/p><\/div><\/div><\/div>[vc_separator type=\u00bbtransparent\u00bb up=\u00bb40&#8243; down=\u00bb0&#8243;][\/vc_column_inner][vc_column_inner][\/vc_column_inner][\/vc_row_inner][\/vc_column][\/vc_row][vc_row css_animation=\u00bb\u00bb row_type=\u00bbrow\u00bb use_row_as_full_screen_section=\u00bbno\u00bb type=\u00bbgrid\u00bb angled_section=\u00bbno\u00bb text_align=\u00bbleft\u00bb background_image_as_pattern=\u00bbwithout_pattern\u00bb background_color=\u00bb#ffffff\u00bb padding_top=\u00bb30&#8243; padding_bottom=\u00bb90&#8243;][vc_column][vc_column_text]<a href=\"https:\/\/www.fredericmenguy.fr\/es\/frederic-menguy-presentacion\/\">Fr\u00e9d\u00e9ric Menguy<\/a>\u00a0puede tambi\u00e9n proporcionarle una experiencia rigurosa en relaci\u00f3n con las certificaciones <strong>Kosher<\/strong> y <strong>Hallal<\/strong> en el tema de la fabricaci\u00f3n de grageas.[\/vc_column_text][\/vc_column][\/vc_row][vc_row css_animation=\u00bb\u00bb row_type=\u00bbrow\u00bb use_row_as_full_screen_section=\u00bbno\u00bb type=\u00bbgrid\u00bb angled_section=\u00bbno\u00bb text_align=\u00bbleft\u00bb background_image_as_pattern=\u00bbwithout_pattern\u00bb background_color=\u00bb#6e6259&#8243; padding_top=\u00bb60&#8243; padding_bottom=\u00bb60&#8243;][vc_column][vc_column_text]<\/p>\n<h2 style=\"text-align: center;\"><span style=\"color: #e5a430;\">La b\u00fasqueda de un compromiso entre la reglamentaci\u00f3n de grageas y la producci\u00f3n es un eje prioritario en el enfoque propuesto<\/span><\/h2>\n<p>[\/vc_column_text][\/vc_column][\/vc_row][vc_row row_type=\u00bbparallax\u00bb parallax_content_width=\u00bbin_grid\u00bb text_align=\u00bbleft\u00bb background_image=\u00bb16408&#8243; full_screen_section_height=\u00bbno\u00bb section_height=\u00bb650&#8243;][vc_column][\/vc_column][\/vc_row][vc_row css_animation=\u00bb\u00bb row_type=\u00bbrow\u00bb use_row_as_full_screen_section=\u00bbno\u00bb type=\u00bbgrid\u00bb angled_section=\u00bbno\u00bb text_align=\u00bbleft\u00bb background_image=\u00bb15168&#8243; background_image_as_pattern=\u00bbwithout_pattern\u00bb background_color=\u00bb#f6f6f6&#8243; padding_top=\u00bb90&#8243; padding_bottom=\u00bb150&#8243;][vc_column][vc_column_text]<\/p>\n<h2 style=\"text-align: center;\">Etiquetaje de grageas<\/h2>\n<p>[\/vc_column_text][vc_separator type=\u00bbsmall\u00bb position=\u00bbcenter\u00bb up=\u00bb7&#8243; down=\u00bb38&#8243;][vc_column_text]<\/p>\n<h4 style=\"text-align: center;\">El etiquetaje de grageas de az\u00facar o chocolate debe ser un argumento de venta<\/h4>\n<p>[\/vc_column_text][vc_separator type=\u00bbtransparent\u00bb up=\u00bb42&#8243; down=\u00bb15&#8243;][vc_column_text]<span class='q_dropcap square' style='background-color:#6e6259;color:#ffffff;'>P<\/span>or un lado, los consumidores son cada vez m\u00e1s atentos al etiquetaje de productos; por otro lado, los consumidores se encuentran a menudo confundidos o alarmados por la terminolog\u00eda utilizada. Adem\u00e1s, la complejidad de la legislaci\u00f3n en vigor a cerca de los productos con chocolate o az\u00facar complica seriamente la tarea del responsable de producci\u00f3n. Cuando estos productos se exportan, la tarea se complica a\u00fan m\u00e1s ya que hay que tener en cuenta las necesidades de cada pa\u00eds.[\/vc_column_text][vc_separator type=\u00bbtransparent\u00bb up=\u00bb20&#8243; down=\u00bb30&#8243;][vc_column_text]<\/p>\n<h3>FMDE, la estructura de Fr\u00e9d\u00e9ric Menguy, puede ayudarlo a mejorar el etiquetaje de sus grageas haci\u00e9ndolas m\u00e1s atractivas para el consumidor y respetando por supuesto la legislaci\u00f3n.<\/h3>\n<p>[\/vc_column_text][\/vc_column][\/vc_row][vc_row css_animation=\u00bb\u00bb row_type=\u00bbrow\u00bb use_row_as_full_screen_section=\u00bbno\u00bb type=\u00bbfull_width\u00bb angled_section=\u00bbno\u00bb text_align=\u00bbleft\u00bb background_image=\u00bb16383&#8243; background_image_as_pattern=\u00bbwithout_pattern\u00bb padding_top=\u00bb650&#8243;][vc_column][\/vc_column][\/vc_row][vc_row css_animation=\u00bb\u00bb row_type=\u00bbrow\u00bb use_row_as_full_screen_section=\u00bbno\u00bb type=\u00bbfull_width\u00bb angled_section=\u00bbno\u00bb text_align=\u00bbleft\u00bb background_image_as_pattern=\u00bbwithout_pattern\u00bb][vc_column]<div class=\"call_to_action normal\" style=\"background-color: #e5a430;\"><div class=\"container_inner\"><div class=\"two_columns_75_25 clearfix\"><div class=\"text_wrapper column1\"><div class=\"call_to_action_text \" style=\"\">\n<h3><span style=\"color: #ffffff\">\u00bfNecesita asesoramiento a cerca de la reglamentaci\u00f3n de grageas?<\/span><\/h3>\n<\/div><\/div><div class=\"button_wrapper column2\"><a itemprop=\"url\" href=\"https:\/\/www.fredericmenguy.fr\/es\/contact\/\" class=\"qbutton white \" target=\"_self\" style=\"color: #ffffff;border-color: #ffffff;\" data-hover-background-color=#ffffff data-hover-border-color=#ffffff data-hover-color=#e5a430>Contactar a Fr\u00e9d\u00e9ric Menguy<\/a><\/div><\/div><\/div><\/div>[\/vc_column][\/vc_row][vc_row css_animation=\u00bb\u00bb row_type=\u00bbrow\u00bb use_row_as_full_screen_section=\u00bbno\u00bb type=\u00bbfull_width\u00bb angled_section=\u00bbno\u00bb text_align=\u00bbleft\u00bb background_image_as_pattern=\u00bbwithout_pattern\u00bb][vc_column][vc_single_image image=\u00bb15424&#8243; img_size=\u00bbfull\u00bb alignment=\u00bbcenter\u00bb qode_css_animation=\u00bb\u00bb][\/vc_column][\/vc_row][vc_row css_animation=\u00bb\u00bb row_type=\u00bbrow\u00bb use_row_as_full_screen_section=\u00bbno\u00bb type=\u00bbfull_width\u00bb angled_section=\u00bbno\u00bb text_align=\u00bbleft\u00bb background_image_as_pattern=\u00bbwithout_pattern\u00bb padding_top=\u00bb15&#8243; padding_bottom=\u00bb0&#8243; css=\u00bb.vc_custom_1481193903771{background-color: #e5a430 !important;}\u00bb][vc_column][\/vc_column][\/vc_row]<\/p>\n<\/div>","protected":false},"excerpt":{"rendered":"<p>[vc_row css_animation=\u00bb\u00bb row_type=\u00bbrow\u00bb use_row_as_full_screen_section=\u00bbno\u00bb type=\u00bbgrid\u00bb angled_section=\u00bbno\u00bb text_align=\u00bbleft\u00bb background_image_as_pattern=\u00bbwithout_pattern\u00bb background_color=\u00bb#ffffff\u00bb padding_top=\u00bb90&#8243; padding_bottom=\u00bb0&#8243;][vc_column][vc_column_text] Reglamentaci\u00f3n de grageas u otros productos fabricados en bombo. [\/vc_column_text][vc_separator type=\u00bbsmall\u00bb position=\u00bbcenter\u00bb up=\u00bb7&#8243; down=\u00bb38&#8243;][vc_column_text] \u00bfDesea usted ser orientado a cerca de las problem\u00e1ticas en la reglamentaci\u00f3n de grageas u otro tipo de confiter\u00eda fabricado&#8230;<\/p>\n","protected":false},"author":2,"featured_media":0,"parent":0,"menu_order":0,"comment_status":"open","ping_status":"closed","template":"full_width.php","meta":{"footnotes":""},"class_list":["post-16739","page","type-page","status-publish","hentry"],"yoast_head":"<!-- This site is optimized with the Yoast SEO plugin v27.4 - https:\/\/yoast.com\/product\/yoast-seo-wordpress\/ -->\n<title>Reglementaci\u00f3n de grageas, Fr\u00e9d\u00e9ric Menguy, experto en grageado<\/title>\n<meta name=\"description\" content=\"Fr\u00e9d\u00e9ric Menguy le acompa\u00f1a en todas las problem\u00e1ticas de reglamentaci\u00f3n de grageas en todos los pa\u00edses, incluyendo Espa\u00f1a y Am\u00e9rica Latina \u2013 Montauban \u2013 Toulouse \u2013 Francia.\" \/>\n<meta name=\"robots\" content=\"index, follow, max-snippet:-1, max-image-preview:large, max-video-preview:-1\" \/>\n<link rel=\"canonical\" href=\"https:\/\/www.fredericmenguy.fr\/es\/reglamentacion-grageas-etiquetaje-condicionamiento\/\" \/>\n<meta property=\"og:locale\" content=\"es_ES\" \/>\n<meta property=\"og:type\" content=\"article\" \/>\n<meta property=\"og:title\" content=\"Reglementaci\u00f3n de grageas, Fr\u00e9d\u00e9ric Menguy, experto en grageado\" \/>\n<meta property=\"og:description\" content=\"Fr\u00e9d\u00e9ric Menguy le acompa\u00f1a en todas las problem\u00e1ticas de reglamentaci\u00f3n de grageas en todos los pa\u00edses, incluyendo Espa\u00f1a y Am\u00e9rica Latina \u2013 Montauban \u2013 Toulouse \u2013 Francia.\" \/>\n<meta property=\"og:url\" content=\"https:\/\/www.fredericmenguy.fr\/es\/reglamentacion-grageas-etiquetaje-condicionamiento\/\" \/>\n<meta property=\"og:site_name\" content=\"Fr\u00e9d\u00e9ric Menguy\" \/>\n<meta property=\"article:modified_time\" content=\"2017-03-31T12:59:54+00:00\" \/>\n<meta name=\"twitter:card\" content=\"summary_large_image\" \/>\n<meta name=\"twitter:site\" content=\"@FMenguy\" \/>\n<meta name=\"twitter:label1\" content=\"Tiempo de lectura\" \/>\n\t<meta name=\"twitter:data1\" content=\"5 minutos\" \/>\n<script type=\"application\/ld+json\" class=\"yoast-schema-graph\">{\"@context\":\"https:\\\/\\\/schema.org\",\"@graph\":[{\"@type\":\"WebPage\",\"@id\":\"https:\\\/\\\/www.fredericmenguy.fr\\\/es\\\/reglamentacion-grageas-etiquetaje-condicionamiento\\\/\",\"url\":\"https:\\\/\\\/www.fredericmenguy.fr\\\/es\\\/reglamentacion-grageas-etiquetaje-condicionamiento\\\/\",\"name\":\"Reglementaci\u00f3n de grageas, Fr\u00e9d\u00e9ric Menguy, experto en grageado\",\"isPartOf\":{\"@id\":\"https:\\\/\\\/www.fredericmenguy.fr\\\/#website\"},\"datePublished\":\"2017-02-27T16:07:17+00:00\",\"dateModified\":\"2017-03-31T12:59:54+00:00\",\"description\":\"Fr\u00e9d\u00e9ric Menguy le acompa\u00f1a en todas las problem\u00e1ticas de reglamentaci\u00f3n de grageas en todos los pa\u00edses, incluyendo Espa\u00f1a y Am\u00e9rica Latina \u2013 Montauban \u2013 Toulouse \u2013 Francia.\",\"breadcrumb\":{\"@id\":\"https:\\\/\\\/www.fredericmenguy.fr\\\/es\\\/reglamentacion-grageas-etiquetaje-condicionamiento\\\/#breadcrumb\"},\"inLanguage\":\"es\",\"potentialAction\":[{\"@type\":\"ReadAction\",\"target\":[\"https:\\\/\\\/www.fredericmenguy.fr\\\/es\\\/reglamentacion-grageas-etiquetaje-condicionamiento\\\/\"]}]},{\"@type\":\"BreadcrumbList\",\"@id\":\"https:\\\/\\\/www.fredericmenguy.fr\\\/es\\\/reglamentacion-grageas-etiquetaje-condicionamiento\\\/#breadcrumb\",\"itemListElement\":[{\"@type\":\"ListItem\",\"position\":1,\"name\":\"Accueil\",\"item\":\"https:\\\/\\\/www.fredericmenguy.fr\\\/es\\\/\"},{\"@type\":\"ListItem\",\"position\":2,\"name\":\"Reglamentaci\u00f3n de grageas \u2013 Etiquetaje &#8211; Condicionamiento\"}]},{\"@type\":\"WebSite\",\"@id\":\"https:\\\/\\\/www.fredericmenguy.fr\\\/#website\",\"url\":\"https:\\\/\\\/www.fredericmenguy.fr\\\/\",\"name\":\"Fr\u00e9d\u00e9ric Menguy\",\"description\":\"\",\"potentialAction\":[{\"@type\":\"SearchAction\",\"target\":{\"@type\":\"EntryPoint\",\"urlTemplate\":\"https:\\\/\\\/www.fredericmenguy.fr\\\/?s={search_term_string}\"},\"query-input\":{\"@type\":\"PropertyValueSpecification\",\"valueRequired\":true,\"valueName\":\"search_term_string\"}}],\"inLanguage\":\"es\"}]}<\/script>\n<!-- \/ Yoast SEO plugin. -->","yoast_head_json":{"title":"Reglementaci\u00f3n de grageas, Fr\u00e9d\u00e9ric Menguy, experto en grageado","description":"Fr\u00e9d\u00e9ric Menguy le acompa\u00f1a en todas las problem\u00e1ticas de reglamentaci\u00f3n de grageas en todos los pa\u00edses, incluyendo Espa\u00f1a y Am\u00e9rica Latina \u2013 Montauban \u2013 Toulouse \u2013 Francia.","robots":{"index":"index","follow":"follow","max-snippet":"max-snippet:-1","max-image-preview":"max-image-preview:large","max-video-preview":"max-video-preview:-1"},"canonical":"https:\/\/www.fredericmenguy.fr\/es\/reglamentacion-grageas-etiquetaje-condicionamiento\/","og_locale":"es_ES","og_type":"article","og_title":"Reglementaci\u00f3n de grageas, Fr\u00e9d\u00e9ric Menguy, experto en grageado","og_description":"Fr\u00e9d\u00e9ric Menguy le acompa\u00f1a en todas las problem\u00e1ticas de reglamentaci\u00f3n de grageas en todos los pa\u00edses, incluyendo Espa\u00f1a y Am\u00e9rica Latina \u2013 Montauban \u2013 Toulouse \u2013 Francia.","og_url":"https:\/\/www.fredericmenguy.fr\/es\/reglamentacion-grageas-etiquetaje-condicionamiento\/","og_site_name":"Fr\u00e9d\u00e9ric Menguy","article_modified_time":"2017-03-31T12:59:54+00:00","twitter_card":"summary_large_image","twitter_site":"@FMenguy","twitter_misc":{"Tiempo de lectura":"5 minutos"},"schema":{"@context":"https:\/\/schema.org","@graph":[{"@type":"WebPage","@id":"https:\/\/www.fredericmenguy.fr\/es\/reglamentacion-grageas-etiquetaje-condicionamiento\/","url":"https:\/\/www.fredericmenguy.fr\/es\/reglamentacion-grageas-etiquetaje-condicionamiento\/","name":"Reglementaci\u00f3n de grageas, Fr\u00e9d\u00e9ric Menguy, experto en grageado","isPartOf":{"@id":"https:\/\/www.fredericmenguy.fr\/#website"},"datePublished":"2017-02-27T16:07:17+00:00","dateModified":"2017-03-31T12:59:54+00:00","description":"Fr\u00e9d\u00e9ric Menguy le acompa\u00f1a en todas las problem\u00e1ticas de reglamentaci\u00f3n de grageas en todos los pa\u00edses, incluyendo Espa\u00f1a y Am\u00e9rica Latina \u2013 Montauban \u2013 Toulouse \u2013 Francia.","breadcrumb":{"@id":"https:\/\/www.fredericmenguy.fr\/es\/reglamentacion-grageas-etiquetaje-condicionamiento\/#breadcrumb"},"inLanguage":"es","potentialAction":[{"@type":"ReadAction","target":["https:\/\/www.fredericmenguy.fr\/es\/reglamentacion-grageas-etiquetaje-condicionamiento\/"]}]},{"@type":"BreadcrumbList","@id":"https:\/\/www.fredericmenguy.fr\/es\/reglamentacion-grageas-etiquetaje-condicionamiento\/#breadcrumb","itemListElement":[{"@type":"ListItem","position":1,"name":"Accueil","item":"https:\/\/www.fredericmenguy.fr\/es\/"},{"@type":"ListItem","position":2,"name":"Reglamentaci\u00f3n de grageas \u2013 Etiquetaje &#8211; Condicionamiento"}]},{"@type":"WebSite","@id":"https:\/\/www.fredericmenguy.fr\/#website","url":"https:\/\/www.fredericmenguy.fr\/","name":"Fr\u00e9d\u00e9ric Menguy","description":"","potentialAction":[{"@type":"SearchAction","target":{"@type":"EntryPoint","urlTemplate":"https:\/\/www.fredericmenguy.fr\/?s={search_term_string}"},"query-input":{"@type":"PropertyValueSpecification","valueRequired":true,"valueName":"search_term_string"}}],"inLanguage":"es"}]}},"_links":{"self":[{"href":"https:\/\/www.fredericmenguy.fr\/es\/wp-json\/wp\/v2\/pages\/16739","targetHints":{"allow":["GET"]}}],"collection":[{"href":"https:\/\/www.fredericmenguy.fr\/es\/wp-json\/wp\/v2\/pages"}],"about":[{"href":"https:\/\/www.fredericmenguy.fr\/es\/wp-json\/wp\/v2\/types\/page"}],"author":[{"embeddable":true,"href":"https:\/\/www.fredericmenguy.fr\/es\/wp-json\/wp\/v2\/users\/2"}],"replies":[{"embeddable":true,"href":"https:\/\/www.fredericmenguy.fr\/es\/wp-json\/wp\/v2\/comments?post=16739"}],"version-history":[{"count":10,"href":"https:\/\/www.fredericmenguy.fr\/es\/wp-json\/wp\/v2\/pages\/16739\/revisions"}],"predecessor-version":[{"id":16887,"href":"https:\/\/www.fredericmenguy.fr\/es\/wp-json\/wp\/v2\/pages\/16739\/revisions\/16887"}],"wp:attachment":[{"href":"https:\/\/www.fredericmenguy.fr\/es\/wp-json\/wp\/v2\/media?parent=16739"}],"curies":[{"name":"wp","href":"https:\/\/api.w.org\/{rel}","templated":true}]}}