{"id":16691,"date":"2017-02-27T14:13:23","date_gmt":"2017-02-27T13:13:23","guid":{"rendered":"http:\/\/www.fredericmenguy.fr\/?page_id=16691\/"},"modified":"2022-05-30T10:00:31","modified_gmt":"2022-05-30T08:00:31","slug":"soluciones-tecnicas-grageado-nuestro-enfoque","status":"publish","type":"page","link":"https:\/\/www.fredericmenguy.fr\/es\/soluciones-tecnicas-grageado-nuestro-enfoque\/","title":{"rendered":"Soluciones t\u00e9cnicas en grageado, nuestro enfoque"},"content":{"rendered":"<div class=\"wpb-content-wrapper\"><p>[vc_row css_animation=\u00bb\u00bb row_type=\u00bbrow\u00bb use_row_as_full_screen_section=\u00bbno\u00bb type=\u00bbgrid\u00bb angled_section=\u00bbno\u00bb text_align=\u00bbleft\u00bb background_image_as_pattern=\u00bbwithout_pattern\u00bb background_color=\u00bb#ffffff\u00bb padding_top=\u00bb90&#8243; padding_bottom=\u00bb0&#8243;][vc_column][vc_column_text]<\/p>\n<h2 style=\"text-align: center;\">Nuestro enfoque<\/h2>\n<p>[\/vc_column_text][vc_separator type=\u00bbsmall\u00bb position=\u00bbcenter\u00bb up=\u00bb7&#8243; down=\u00bb38&#8243;][vc_column_text]<\/p>\n<h4 style=\"text-align: center;\">O como resolver sus problemas de fabricaci\u00f3n de grageas de az\u00facar o chocolate<\/h4>\n<p>[\/vc_column_text][vc_separator type=\u00bbtransparent\u00bb up=\u00bb60&#8243; down=\u00bb10&#8243;][vc_column_text]<span class='q_dropcap square' style='background-color:#6e6259;color:#ffffff;'>F<\/span>r\u00e9d\u00e9ric Menguy tiene una gran experiencia en la fabricaci\u00f3n de grageas de az\u00facar y chocolate. Sin embargo, esta experiencia no es siempre suficiente para encontrar inmediatamente la causa del problema. Con el fin de garantizar el resultado, Frederic seguir\u00e1 la estrategia siguiente, <strong>compuesta de cuatro fases:<\/strong>[\/vc_column_text][\/vc_column][\/vc_row][vc_row css_animation=\u00bb\u00bb row_type=\u00bbrow\u00bb use_row_as_full_screen_section=\u00bbno\u00bb type=\u00bbgrid\u00bb angled_section=\u00bbno\u00bb text_align=\u00bbleft\u00bb background_image_as_pattern=\u00bbwithout_pattern\u00bb background_color=\u00bb#ffffff\u00bb padding_top=\u00bb90&#8243; padding_bottom=\u00bb90&#8243;][vc_column][qode_circles columns=\u00bbfour_columns\u00bb circle_line=\u00bbno_line\u00bb][qode_circle type=\u00bbicon_type\u00bb icon=\u00bbfa-eye\u00bb size=\u00bbfa-3x\u00bb title=\u00bb01 DIAGNOSTICO\u00bb text=\u00bbEstablecer un diagnostico basado principalmente en el diagrama 5M de Ishikawa. Este m\u00e9todo de an\u00e1lisis clasifica las causas de un problema en 5 grandes categor\u00edas: Material, Materia prima, M\u00e9todo, Medio ambiente y Mano de obra. Sin importar la causa, esta puede ser clasificada en una de estas categor\u00edas.\u00bb][qode_circle type=\u00bbicon_type\u00bb icon=\u00bbfa-arrow-right\u00bb size=\u00bbfa-3x\u00bb title=\u00bb02 CAUSAS\u00bb text=\u00bbPrioriser ces causes en essayant de d\u00e9gager une premi\u00e8re liste des causes les plus probables \u00e0 l\u2019origine du probl\u00e8me rencontr\u00e9 lors de la fabrication des drag\u00e9es.\u00bb][qode_circle type=\u00bbicon_type\u00bb icon=\u00bbfa-exclamation\u00bb size=\u00bbfa-3x\u00bb title=\u00bb03 RECOMENDACIONES\u00bb text=\u00bbApoy\u00e1ndose en la experiencia y la reflexi\u00f3n, obtener las mejores recomendaciones ligadas a cada par\u00e1metro por separado. (=cada causa pertinente).\u00bb][qode_circle type=\u00bbicon_type\u00bb icon=\u00bbfa-arrows-alt\u00bb size=\u00bbfa-3x\u00bb title=\u00bb04 PLAN DE ACCION\u00bb text=\u00bbElaborar un plan de acci\u00f3n. Este plan de acci\u00f3n podr\u00e1 llevarse a cabo por la empresa, si esta cuenta con los recursos, o por nosotros mismos, en el caso de una prestaci\u00f3n de apoyo.\u00bb][\/qode_circles][\/vc_column][\/vc_row][vc_row css_animation=\u00bb\u00bb row_type=\u00bbrow\u00bb use_row_as_full_screen_section=\u00bbno\u00bb type=\u00bbfull_width\u00bb angled_section=\u00bbno\u00bb text_align=\u00bbcenter\u00bb background_image_as_pattern=\u00bbwithout_pattern\u00bb background_image=\u00bb16396&#8243; padding_top=\u00bb650&#8243;][vc_column][\/vc_column][\/vc_row][vc_row css_animation=\u00bb\u00bb row_type=\u00bbrow\u00bb use_row_as_full_screen_section=\u00bbno\u00bb type=\u00bbgrid\u00bb angled_section=\u00bbno\u00bb text_align=\u00bbleft\u00bb background_image_as_pattern=\u00bbwithout_pattern\u00bb background_color=\u00bb#ffffff\u00bb padding_top=\u00bb97&#8243;][vc_column width=\u00bb1\/2&#8243;][vc_row_inner row_type=\u00bbrow\u00bb type=\u00bbfull_width\u00bb text_align=\u00bbcenter\u00bb css_animation=\u00bb\u00bb][vc_column_inner][vc_separator type=\u00bbtransparent\u00bb up=\u00bb10&#8243; down=\u00bb0&#8243;][vc_column_text]<\/p>\n<h2 style=\"text-align: center;\">Nuestras soluciones<\/h2>\n<p>[\/vc_column_text][vc_separator type=\u00bbsmall\u00bb position=\u00bbcenter\u00bb up=\u00bb7&#8243; down=\u00bb38&#8243;][vc_column_text]<\/p>\n<p style=\"text-align: left;\">Comprometido a los principios de gesti\u00f3n a trav\u00e9s de la calidad, Fr\u00e9d\u00e9ric Menguy propone soluciones que concuerdan con la estrategia de calidad de la empresa. Con el fin de que las soluciones propuestas para resolver los <a href=\"https:\/\/www.fredericmenguy.fr\/es\/tipologia-problemas-encontrados-proceso-grageado\/\">problemas de fabricaci\u00f3n<\/a> de grageas sean perenes, se asegura de que las soluciones<br \/>\nse apoyen en:<\/p>\n<p>[\/vc_column_text][vc_separator type=\u00bbtransparent\u00bb up=\u00bb20&#8243; down=\u00bb20&#8243;][\/vc_column_inner][\/vc_row_inner]<div class=\"q_list number circle_number\">\n\t<\/p>\n<ul>\n<li>una estrategia de mejoramiento continuo<\/li>\n<li>una participaci\u00f3n decidida del personal<\/li>\n<li>los principios de higiene y seguridad en vigor<\/li>\n<\/ul>\n<p><\/div>[\/vc_column][vc_column width=\u00bb1\/2&#8243;][vc_single_image image=\u00bb16410&#8243; img_size=\u00bbfull\u00bb alignment=\u00bbcenter\u00bb style=\u00bbvc_box_border_circle\u00bb qode_css_animation=\u00bbelement_from_right\u00bb transition_delay=\u00bb0.3&#8243;][vc_separator type=\u00bbtransparent\u00bb up=\u00bb80&#8243; down=\u00bb8&#8243;][\/vc_column][\/vc_row][vc_row css_animation=\u00bb\u00bb row_type=\u00bbrow\u00bb use_row_as_full_screen_section=\u00bbno\u00bb type=\u00bbgrid\u00bb angled_section=\u00bbno\u00bb text_align=\u00bbleft\u00bb background_image_as_pattern=\u00bbwithout_pattern\u00bb background_image=\u00bb15168&#8243; padding_top=\u00bb87&#8243; padding_bottom=\u00bb69&#8243; css=\u00bb.vc_custom_1481197145955{background-position: center !important;background-repeat: no-repeat !important;background-size: cover !important;}\u00bb][vc_column][vc_column_text]<\/p>\n<h2 style=\"text-align: center;\">Implementaci\u00f3n<\/h2>\n<p>[\/vc_column_text][vc_separator type=\u00bbsmall\u00bb position=\u00bbcenter\u00bb up=\u00bb7&#8243; down=\u00bb38&#8243;][vc_accordion style=\u00bbaccordion\u00bb][vc_accordion_tab title=\u00bbVisita del sitio\u00bb][vc_column_text]Fr\u00e9d\u00e9ric Menguy visita su empresa.[\/vc_column_text][\/vc_accordion_tab][vc_accordion_tab title=\u00bbLaboratorio de aplicaciones\u00bb][vc_column_text]Nuestro <a href=\"https:\/\/www.fredericmenguy.fr\/es\/laboratorio-de-aplicaciones\/#productos\">laboratorio de aplicaciones<\/a> est\u00e1 disponible para trabajar en los problemas t\u00e9cnicos que pueda tener.[\/vc_column_text][\/vc_accordion_tab][vc_accordion_tab title=\u00bbMediciones fisicoqu\u00edmicas\u00bb][vc_column_text]Realizaci\u00f3n de medidas fisicoqu\u00edmicas, ya sea in situ o en nuestros laboratorios colaboradores.<\/p>\n<ul>\n<li>Productos: Tasa de humedad, aw, textura, composici\u00f3n.<\/li>\n<li>Proceso: Bombos, procesamiento del aire (T\u00b0C, Hr%, d\u00e9bito), succi\u00f3n de los polvos de az\u00facar.<\/li>\n<li>Fases de maduraci\u00f3n: Cocimiento al vapor (T\u00b0C, Hr%, velocidad del aire), almacenamiento.<\/li>\n<\/ul>\n<p>[\/vc_column_text][\/vc_accordion_tab][vc_accordion_tab title=\u00bbProveedores de materiales e ingredientes\u00bb][vc_column_text]En caso necesario, movilizaci\u00f3n de la red de proveedores de material e ingredientes de la FMDE, la estructura de Fr\u00e9d\u00e9ric Menguy.[\/vc_column_text][\/vc_accordion_tab][vc_accordion_tab title=\u00bbRed de consultores\u00bb][vc_column_text]Si la complejidad del problema lo exige, Fr\u00e9d\u00e9ric Menguy har\u00e1 llamado a su <a href=\"https:\/\/www.fredericmenguy.fr\/es\/partenaires\/\">red de consultores<\/a> independientes (ver red de colaboradores). En este caso, se asegurar\u00e1 de que esta intervenci\u00f3n se lleve a cabo usando el m\u00e1s estricto respeto de la confidencialidad.[\/vc_column_text][\/vc_accordion_tab][\/vc_accordion][\/vc_column][\/vc_row][vc_row css_animation=\u00bb\u00bb row_type=\u00bbrow\u00bb use_row_as_full_screen_section=\u00bbno\u00bb type=\u00bbfull_width\u00bb angled_section=\u00bbno\u00bb text_align=\u00bbleft\u00bb background_image_as_pattern=\u00bbwithout_pattern\u00bb background_image=\u00bb16414&#8243; padding_top=\u00bb650&#8243;][vc_column][\/vc_column][\/vc_row][vc_row css_animation=\u00bb\u00bb row_type=\u00bbrow\u00bb use_row_as_full_screen_section=\u00bbno\u00bb type=\u00bbgrid\u00bb angled_section=\u00bbno\u00bb text_align=\u00bbleft\u00bb background_image_as_pattern=\u00bbwithout_pattern\u00bb background_color=\u00bb#ffffff\u00bb padding_top=\u00bb90&#8243; padding_bottom=\u00bb90&#8243;][vc_column][vc_column_text]<\/p>\n<h2 style=\"text-align: center;\">Nuestros consejos para gragear<\/h2>\n<p>[\/vc_column_text][vc_separator type=\u00bbsmall\u00bb position=\u00bbcenter\u00bb up=\u00bb7&#8243; down=\u00bb38&#8243;][vc_column_text]<\/p>\n<h4 style=\"text-align: center;\">Beneficie de consejos para gragear que concuerden con la estrategia de calidad de su empresa.<\/h4>\n<p>[\/vc_column_text][vc_separator type=\u00bbtransparent\u00bb up=\u00bb60&#8243; down=\u00bb10&#8243;][vc_column_text]<span class='q_dropcap square' style='background-color:#6e6259;color:#ffffff;'>C<\/span>omprometido a los principios de gesti\u00f3n a trav\u00e9s de la calidad, Fr\u00e9d\u00e9ric Menguy propone soluciones que concuerdan con la estrategia de calidad de la empresa. Con el fin de que las soluciones propuestas para resolver los problemas de fabricaci\u00f3n de grageas sean perenes, se asegura de que las soluciones se apoyen en :[\/vc_column_text][vc_separator type=\u00bbtransparent\u00bb up=\u00bb20&#8243; down=\u00bb20&#8243;][vc_row_inner row_type=\u00bbrow\u00bb type=\u00bbfull_width\u00bb text_align=\u00bbleft\u00bb css_animation=\u00bb\u00bb][vc_column_inner width=\u00bb1\/6&#8243;][\/vc_column_inner][vc_column_inner width=\u00bb5\/6&#8243;]<div class=\"q_list number circle_number\">\n\t<\/p>\n<ul>\n<li>una estrategia de mejoramiento continuo<\/li>\n<li>una participaci\u00f3n decidida del personal<\/li>\n<li>los principios de higiene y seguridad en vigor<\/li>\n<\/ul>\n<p><\/div>[\/vc_column_inner][\/vc_row_inner][vc_separator type=\u00bbtransparent\u00bb up=\u00bb20&#8243; down=\u00bb15&#8243;][vc_column_text]Si su empresa ya posee una certificaci\u00f3n ISO 22000, IFS o BRC, Fr\u00e9d\u00e9ric Menguy se asegurar\u00e1 de que sus consejos para gragear respeten las exigencias dictadas por estas certificaciones. Si su empresa no est\u00e1 certificada, se apoyar\u00e1 sobre los principios del programa Haccp para elaborar un plan de acci\u00f3n y resolver los problemas encontrados de manera durable.[\/vc_column_text][\/vc_column][\/vc_row][vc_row row_type=\u00bbparallax\u00bb parallax_content_width=\u00bbin_grid\u00bb text_align=\u00bbleft\u00bb full_screen_section_height=\u00bbno\u00bb background_image=\u00bb16411&#8243; section_height=\u00bb650&#8243;][vc_column][vc_separator type=\u00bbtransparent\u00bb up=\u00bb93&#8243; down=\u00bb0&#8243;][vc_row_inner row_type=\u00bbrow\u00bb type=\u00bbfull_width\u00bb text_align=\u00bbleft\u00bb css_animation=\u00bb\u00bb][vc_column_inner offset=\u00bbvc_col-lg-6 vc_col-md-6&#8243;][vc_single_image image=\u00bb16432&#8243; img_size=\u00bbfull\u00bb alignment=\u00bbcenter\u00bb style=\u00bbvc_box_border_circle\u00bb qode_css_animation=\u00bbelement_from_left\u00bb transition_delay=\u00bb0.3&#8243;][vc_separator type=\u00bbtransparent\u00bb up=\u00bb23&#8243; down=\u00bb0&#8243;][\/vc_column_inner][vc_column_inner offset=\u00bbvc_col-lg-6 vc_col-md-6&#8243;][vc_separator type=\u00bbtransparent\u00bb up=\u00bb46&#8243; down=\u00bb0&#8243;][vc_column_text]<\/p>\n<h2><strong><span style=\"color: #ffffff;\">\u00bfTiene un problema de fabricaci\u00f3n?<\/span><\/strong><\/h2>\n<p>[\/vc_column_text][vc_separator type=\u00bbsmall\u00bb position=\u00bbleft\u00bb color=\u00bb#ffffff\u00bb down=\u00bb37&#8243;][vc_column_text]<\/p>\n<h4><span style=\"color: #ffffff;\">H\u00e1gase acompa\u00f1ar por un experto en fabricaci\u00f3n de grageas.en fabrication de drag\u00e9es<\/span><\/h4>\n<p>[\/vc_column_text][vc_separator type=\u00bbtransparent\u00bb up=\u00bb30&#8243; down=\u00bb0&#8243;][vc_column_text]<span style=\"color: #ffffff;\">Reconocido a nivel mundial como uno de los mejores expertos en grageados, hoy en d\u00eda asesora confiter\u00edas de todos los tama\u00f1os- confiter\u00edas industriales o artesanales- en Francia y otros pa\u00edses.<br \/>\n<\/span>[\/vc_column_text][vc_separator type=\u00bbtransparent\u00bb up=\u00bb40&#8243; down=\u00bb0&#8243;]<a  itemprop=\"url\" href=\"https:\/\/www.fredericmenguy.fr\/es\/contact\/\" target=\"_self\" data-hover-background-color=\"#ffffff\" data-hover-border-color=\"#ffffff\" data-hover-color=\"#303030\" class=\"qbutton  default\" style=\"color: #ffffff; border-color: #e5a430; background-color:#e5a430;\">Contactar a Fr\u00e9d\u00e9ric Menguy<\/a>[vc_separator type=\u00bbtransparent\u00bb up=\u00bb93&#8243; down=\u00bb0&#8243;][\/vc_column_inner][\/vc_row_inner][\/vc_column][\/vc_row][vc_row css_animation=\u00bb\u00bb row_type=\u00bbrow\u00bb use_row_as_full_screen_section=\u00bbno\u00bb type=\u00bbfull_width\u00bb angled_section=\u00bbno\u00bb text_align=\u00bbleft\u00bb background_image_as_pattern=\u00bbwithout_pattern\u00bb padding_top=\u00bb15&#8243; padding_bottom=\u00bb0&#8243; css=\u00bb.vc_custom_1481193892951{background-color: #e5a430 !important;}\u00bb][vc_column][\/vc_column][\/vc_row][vc_row css_animation=\u00bb\u00bb row_type=\u00bbrow\u00bb use_row_as_full_screen_section=\u00bbno\u00bb type=\u00bbfull_width\u00bb angled_section=\u00bbno\u00bb text_align=\u00bbleft\u00bb background_image_as_pattern=\u00bbwithout_pattern\u00bb][vc_column][vc_single_image image=\u00bb15418&#8243; img_size=\u00bbfull\u00bb alignment=\u00bbcenter\u00bb qode_css_animation=\u00bb\u00bb][\/vc_column][\/vc_row][vc_row css_animation=\u00bb\u00bb row_type=\u00bbrow\u00bb use_row_as_full_screen_section=\u00bbno\u00bb type=\u00bbfull_width\u00bb angled_section=\u00bbno\u00bb text_align=\u00bbleft\u00bb background_image_as_pattern=\u00bbwithout_pattern\u00bb padding_top=\u00bb15&#8243; padding_bottom=\u00bb0&#8243; css=\u00bb.vc_custom_1481193903771{background-color: #e5a430 !important;}\u00bb][vc_column][\/vc_column][\/vc_row]<\/p>\n<\/div>","protected":false},"excerpt":{"rendered":"<p>[vc_row css_animation=\u00bb\u00bb row_type=\u00bbrow\u00bb use_row_as_full_screen_section=\u00bbno\u00bb type=\u00bbgrid\u00bb angled_section=\u00bbno\u00bb text_align=\u00bbleft\u00bb background_image_as_pattern=\u00bbwithout_pattern\u00bb background_color=\u00bb#ffffff\u00bb padding_top=\u00bb90&#8243; padding_bottom=\u00bb0&#8243;][vc_column][vc_column_text] Nuestro enfoque [\/vc_column_text][vc_separator type=\u00bbsmall\u00bb position=\u00bbcenter\u00bb up=\u00bb7&#8243; down=\u00bb38&#8243;][vc_column_text] O como resolver sus problemas de fabricaci\u00f3n de grageas de az\u00facar o chocolate [\/vc_column_text][vc_separator type=\u00bbtransparent\u00bb up=\u00bb60&#8243; down=\u00bb10&#8243;][vc_column_text]r\u00e9d\u00e9ric Menguy tiene una gran experiencia en la fabricaci\u00f3n de grageas&#8230;<\/p>\n","protected":false},"author":2,"featured_media":0,"parent":0,"menu_order":0,"comment_status":"open","ping_status":"closed","template":"full_width.php","meta":{"footnotes":""},"class_list":["post-16691","page","type-page","status-publish","hentry"],"yoast_head":"<!-- This site is optimized with the Yoast SEO plugin v27.4 - https:\/\/yoast.com\/product\/yoast-seo-wordpress\/ -->\n<title>Nuestro enfoque para la fabricaci\u00f3n de grageas \u2013 Fr\u00e9d\u00e9ric Menguy, experto en grageado<\/title>\n<meta name=\"description\" content=\"Confiteros, Fr\u00e9d\u00e9ric Menguy le ayuda a resolver sus problemas de fabricaci\u00f3n de grageas de az\u00facar o de chocolate en todos los pa\u00edses, incluyendo Espa\u00f1a y Am\u00e9rica Latina \u2013 Montauban \u2013 Toulouse \u2013 Francia.\" \/>\n<meta name=\"robots\" content=\"index, follow, max-snippet:-1, max-image-preview:large, max-video-preview:-1\" \/>\n<link rel=\"canonical\" href=\"https:\/\/www.fredericmenguy.fr\/es\/soluciones-tecnicas-grageado-nuestro-enfoque\/\" \/>\n<meta property=\"og:locale\" content=\"es_ES\" \/>\n<meta property=\"og:type\" content=\"article\" \/>\n<meta property=\"og:title\" content=\"Nuestro enfoque para la fabricaci\u00f3n de grageas \u2013 Fr\u00e9d\u00e9ric Menguy, experto en grageado\" \/>\n<meta property=\"og:description\" content=\"Confiteros, Fr\u00e9d\u00e9ric Menguy le ayuda a resolver sus problemas de fabricaci\u00f3n de grageas de az\u00facar o de chocolate en todos los pa\u00edses, incluyendo Espa\u00f1a y Am\u00e9rica Latina \u2013 Montauban \u2013 Toulouse \u2013 Francia.\" \/>\n<meta property=\"og:url\" content=\"https:\/\/www.fredericmenguy.fr\/es\/soluciones-tecnicas-grageado-nuestro-enfoque\/\" \/>\n<meta property=\"og:site_name\" content=\"Fr\u00e9d\u00e9ric Menguy\" \/>\n<meta property=\"article:modified_time\" content=\"2022-05-30T08:00:31+00:00\" \/>\n<meta name=\"twitter:card\" content=\"summary_large_image\" \/>\n<meta name=\"twitter:site\" content=\"@FMenguy\" \/>\n<meta name=\"twitter:label1\" content=\"Tiempo de lectura\" \/>\n\t<meta name=\"twitter:data1\" content=\"5 minutos\" \/>\n<script type=\"application\/ld+json\" class=\"yoast-schema-graph\">{\"@context\":\"https:\\\/\\\/schema.org\",\"@graph\":[{\"@type\":\"WebPage\",\"@id\":\"https:\\\/\\\/www.fredericmenguy.fr\\\/es\\\/soluciones-tecnicas-grageado-nuestro-enfoque\\\/\",\"url\":\"https:\\\/\\\/www.fredericmenguy.fr\\\/es\\\/soluciones-tecnicas-grageado-nuestro-enfoque\\\/\",\"name\":\"Nuestro enfoque para la fabricaci\u00f3n de grageas \u2013 Fr\u00e9d\u00e9ric Menguy, experto en grageado\",\"isPartOf\":{\"@id\":\"https:\\\/\\\/www.fredericmenguy.fr\\\/#website\"},\"datePublished\":\"2017-02-27T13:13:23+00:00\",\"dateModified\":\"2022-05-30T08:00:31+00:00\",\"description\":\"Confiteros, Fr\u00e9d\u00e9ric Menguy le ayuda a resolver sus problemas de fabricaci\u00f3n de grageas de az\u00facar o de chocolate en todos los pa\u00edses, incluyendo Espa\u00f1a y Am\u00e9rica Latina \u2013 Montauban \u2013 Toulouse \u2013 Francia.\",\"breadcrumb\":{\"@id\":\"https:\\\/\\\/www.fredericmenguy.fr\\\/es\\\/soluciones-tecnicas-grageado-nuestro-enfoque\\\/#breadcrumb\"},\"inLanguage\":\"es\",\"potentialAction\":[{\"@type\":\"ReadAction\",\"target\":[\"https:\\\/\\\/www.fredericmenguy.fr\\\/es\\\/soluciones-tecnicas-grageado-nuestro-enfoque\\\/\"]}]},{\"@type\":\"BreadcrumbList\",\"@id\":\"https:\\\/\\\/www.fredericmenguy.fr\\\/es\\\/soluciones-tecnicas-grageado-nuestro-enfoque\\\/#breadcrumb\",\"itemListElement\":[{\"@type\":\"ListItem\",\"position\":1,\"name\":\"Accueil\",\"item\":\"https:\\\/\\\/www.fredericmenguy.fr\\\/es\\\/\"},{\"@type\":\"ListItem\",\"position\":2,\"name\":\"Soluciones t\u00e9cnicas en grageado, nuestro enfoque\"}]},{\"@type\":\"WebSite\",\"@id\":\"https:\\\/\\\/www.fredericmenguy.fr\\\/#website\",\"url\":\"https:\\\/\\\/www.fredericmenguy.fr\\\/\",\"name\":\"Fr\u00e9d\u00e9ric Menguy\",\"description\":\"\",\"potentialAction\":[{\"@type\":\"SearchAction\",\"target\":{\"@type\":\"EntryPoint\",\"urlTemplate\":\"https:\\\/\\\/www.fredericmenguy.fr\\\/?s={search_term_string}\"},\"query-input\":{\"@type\":\"PropertyValueSpecification\",\"valueRequired\":true,\"valueName\":\"search_term_string\"}}],\"inLanguage\":\"es\"}]}<\/script>\n<!-- \/ Yoast SEO plugin. -->","yoast_head_json":{"title":"Nuestro enfoque para la fabricaci\u00f3n de grageas \u2013 Fr\u00e9d\u00e9ric Menguy, experto en grageado","description":"Confiteros, Fr\u00e9d\u00e9ric Menguy le ayuda a resolver sus problemas de fabricaci\u00f3n de grageas de az\u00facar o de chocolate en todos los pa\u00edses, incluyendo Espa\u00f1a y Am\u00e9rica Latina \u2013 Montauban \u2013 Toulouse \u2013 Francia.","robots":{"index":"index","follow":"follow","max-snippet":"max-snippet:-1","max-image-preview":"max-image-preview:large","max-video-preview":"max-video-preview:-1"},"canonical":"https:\/\/www.fredericmenguy.fr\/es\/soluciones-tecnicas-grageado-nuestro-enfoque\/","og_locale":"es_ES","og_type":"article","og_title":"Nuestro enfoque para la fabricaci\u00f3n de grageas \u2013 Fr\u00e9d\u00e9ric Menguy, experto en grageado","og_description":"Confiteros, Fr\u00e9d\u00e9ric Menguy le ayuda a resolver sus problemas de fabricaci\u00f3n de grageas de az\u00facar o de chocolate en todos los pa\u00edses, incluyendo Espa\u00f1a y Am\u00e9rica Latina \u2013 Montauban \u2013 Toulouse \u2013 Francia.","og_url":"https:\/\/www.fredericmenguy.fr\/es\/soluciones-tecnicas-grageado-nuestro-enfoque\/","og_site_name":"Fr\u00e9d\u00e9ric Menguy","article_modified_time":"2022-05-30T08:00:31+00:00","twitter_card":"summary_large_image","twitter_site":"@FMenguy","twitter_misc":{"Tiempo de lectura":"5 minutos"},"schema":{"@context":"https:\/\/schema.org","@graph":[{"@type":"WebPage","@id":"https:\/\/www.fredericmenguy.fr\/es\/soluciones-tecnicas-grageado-nuestro-enfoque\/","url":"https:\/\/www.fredericmenguy.fr\/es\/soluciones-tecnicas-grageado-nuestro-enfoque\/","name":"Nuestro enfoque para la fabricaci\u00f3n de grageas \u2013 Fr\u00e9d\u00e9ric Menguy, experto en grageado","isPartOf":{"@id":"https:\/\/www.fredericmenguy.fr\/#website"},"datePublished":"2017-02-27T13:13:23+00:00","dateModified":"2022-05-30T08:00:31+00:00","description":"Confiteros, Fr\u00e9d\u00e9ric Menguy le ayuda a resolver sus problemas de fabricaci\u00f3n de grageas de az\u00facar o de chocolate en todos los pa\u00edses, incluyendo Espa\u00f1a y Am\u00e9rica Latina \u2013 Montauban \u2013 Toulouse \u2013 Francia.","breadcrumb":{"@id":"https:\/\/www.fredericmenguy.fr\/es\/soluciones-tecnicas-grageado-nuestro-enfoque\/#breadcrumb"},"inLanguage":"es","potentialAction":[{"@type":"ReadAction","target":["https:\/\/www.fredericmenguy.fr\/es\/soluciones-tecnicas-grageado-nuestro-enfoque\/"]}]},{"@type":"BreadcrumbList","@id":"https:\/\/www.fredericmenguy.fr\/es\/soluciones-tecnicas-grageado-nuestro-enfoque\/#breadcrumb","itemListElement":[{"@type":"ListItem","position":1,"name":"Accueil","item":"https:\/\/www.fredericmenguy.fr\/es\/"},{"@type":"ListItem","position":2,"name":"Soluciones t\u00e9cnicas en grageado, nuestro enfoque"}]},{"@type":"WebSite","@id":"https:\/\/www.fredericmenguy.fr\/#website","url":"https:\/\/www.fredericmenguy.fr\/","name":"Fr\u00e9d\u00e9ric Menguy","description":"","potentialAction":[{"@type":"SearchAction","target":{"@type":"EntryPoint","urlTemplate":"https:\/\/www.fredericmenguy.fr\/?s={search_term_string}"},"query-input":{"@type":"PropertyValueSpecification","valueRequired":true,"valueName":"search_term_string"}}],"inLanguage":"es"}]}},"_links":{"self":[{"href":"https:\/\/www.fredericmenguy.fr\/es\/wp-json\/wp\/v2\/pages\/16691","targetHints":{"allow":["GET"]}}],"collection":[{"href":"https:\/\/www.fredericmenguy.fr\/es\/wp-json\/wp\/v2\/pages"}],"about":[{"href":"https:\/\/www.fredericmenguy.fr\/es\/wp-json\/wp\/v2\/types\/page"}],"author":[{"embeddable":true,"href":"https:\/\/www.fredericmenguy.fr\/es\/wp-json\/wp\/v2\/users\/2"}],"replies":[{"embeddable":true,"href":"https:\/\/www.fredericmenguy.fr\/es\/wp-json\/wp\/v2\/comments?post=16691"}],"version-history":[{"count":14,"href":"https:\/\/www.fredericmenguy.fr\/es\/wp-json\/wp\/v2\/pages\/16691\/revisions"}],"predecessor-version":[{"id":18848,"href":"https:\/\/www.fredericmenguy.fr\/es\/wp-json\/wp\/v2\/pages\/16691\/revisions\/18848"}],"wp:attachment":[{"href":"https:\/\/www.fredericmenguy.fr\/es\/wp-json\/wp\/v2\/media?parent=16691"}],"curies":[{"name":"wp","href":"https:\/\/api.w.org\/{rel}","templated":true}]}}