{"id":16668,"date":"2017-02-27T13:47:01","date_gmt":"2017-02-27T12:47:01","guid":{"rendered":"http:\/\/www.fredericmenguy.fr\/?page_id=16668\/"},"modified":"2022-05-24T11:22:34","modified_gmt":"2022-05-24T09:22:34","slug":"frederic-menguy-presentacion","status":"publish","type":"page","link":"https:\/\/www.fredericmenguy.fr\/es\/frederic-menguy-presentacion\/","title":{"rendered":"Frederic Menguy &#8211; Presentaci\u00f3n"},"content":{"rendered":"<div class=\"wpb-content-wrapper\"><p>[vc_row css_animation=\u00bb\u00bb row_type=\u00bbrow\u00bb use_row_as_full_screen_section=\u00bbno\u00bb type=\u00bbgrid\u00bb angled_section=\u00bbno\u00bb text_align=\u00bbleft\u00bb background_image=\u00bb15168&#8243; background_image_as_pattern=\u00bbwithout_pattern\u00bb padding_top=\u00bb90&#8243; padding_bottom=\u00bb90&#8243;][vc_column width=\u00bb1\/3&#8243;][vc_separator type=\u00bbtransparent\u00bb up=\u00bb7&#8243; down=\u00bb0&#8243;][vc_single_image image=\u00bb16412&#8243; img_size=\u00bbfull\u00bb alignment=\u00bbcenter\u00bb style=\u00bbvc_box_border_circle\u00bb qode_css_animation=\u00bbelement_from_left\u00bb transition_delay=\u00bb0.3&#8243;][vc_separator type=\u00bbtransparent\u00bb up=\u00bb15&#8243; down=\u00bb0&#8243;][\/vc_column][vc_column width=\u00bb2\/3&#8243;][vc_column_text]<\/p>\n<h2 style=\"text-align: left;\">Un experto en grageado de az\u00facar<br \/>\ny grageado de chocolate.<\/h2>\n<p>[\/vc_column_text][vc_separator type=\u00bbsmall\u00bb position=\u00bbleft\u00bb up=\u00bb7&#8243; down=\u00bb34&#8243;][vc_column_text]Gracias a su gran experiencia adquirida en el medio industrial, principalmente en los sectores de la producci\u00f3n de az\u00facar y la confiter\u00eda, Fr\u00e9d\u00e9ric Menguy ha desarrollado un conocimiento perfecto del proceso de grageado.<br \/>\nDurante 15 a\u00f1os fue Director de Producci\u00f3n de una PYME de renombre internacional especializada en el grageado de productos.<\/p>\n<p>&nbsp;<\/p>\n<p>Reconocido a nivel mundial como uno de los mejores expertos en grageados, hoy en d\u00eda asesora confiter\u00edas de todos los tama\u00f1os- confiter\u00edas industriales o artesanales- en Francia y otros pa\u00edses.[\/vc_column_text][\/vc_column][\/vc_row][vc_row css_animation=\u00bb\u00bb row_type=\u00bbrow\u00bb use_row_as_full_screen_section=\u00bbno\u00bb type=\u00bbgrid\u00bb angled_section=\u00bbno\u00bb text_align=\u00bbleft\u00bb background_image_as_pattern=\u00bbwithout_pattern\u00bb background_color=\u00bb#ffffff\u00bb padding_top=\u00bb90&#8243; padding_bottom=\u00bb90&#8243;][vc_column width=\u00bb2\/3&#8243;][vc_column_text]<\/p>\n<h2 style=\"text-align: left;\">Competencias m\u00faltiples<br \/>\npara un enfoque global.<\/h2>\n<p>[\/vc_column_text][vc_separator type=\u00bbsmall\u00bb position=\u00bbleft\u00bb up=\u00bb7&#8243; down=\u00bb34&#8243;][vc_column_text]Ya sean instituciones gubernamentales o no-gubernamentales, industriales o artesanos, Fr\u00e9d\u00e9ric Menguy utiliza un enfoque global para dirigir proyectos y para resolver problemas. Sus experiencias previas \u2013 gesti\u00f3n general, fabricaci\u00f3n, gesti\u00f3n de producci\u00f3n, calidad y mantenimiento \u2013 as\u00ed como la red de <a href=\"https:\/\/www.fredericmenguy.fr\/es\/partenaires\/\">profesionales competentes<\/a> que ha sabido desarrollar a lo largo de su carrera, le permiten responder eficazmente a cualquier solicitud relacionada con la <a href=\"https:\/\/www.fredericmenguy.fr\/es\/confitero\/\">confiter\u00eda<\/a> en general y con el grageado de productos en particular.[\/vc_column_text][\/vc_column][vc_column width=\u00bb1\/3&#8243;][vc_separator type=\u00bbtransparent\u00bb up=\u00bb7&#8243; down=\u00bb0&#8243;][vc_single_image image=\u00bb16422&#8243; img_size=\u00bbfull\u00bb alignment=\u00bbcenter\u00bb style=\u00bbvc_box_border_circle\u00bb qode_css_animation=\u00bbelement_from_right\u00bb transition_delay=\u00bb0.3&#8243;][vc_separator type=\u00bbtransparent\u00bb up=\u00bb15&#8243; down=\u00bb0&#8243;][\/vc_column][\/vc_row][vc_row css_animation=\u00bb\u00bb row_type=\u00bbrow\u00bb use_row_as_full_screen_section=\u00bbno\u00bb type=\u00bbgrid\u00bb angled_section=\u00bbno\u00bb text_align=\u00bbleft\u00bb background_image_as_pattern=\u00bbwithout_pattern\u00bb padding_top=\u00bb90&#8243; padding_bottom=\u00bb90&#8243;][vc_column width=\u00bb1\/3&#8243;][vc_separator type=\u00bbtransparent\u00bb up=\u00bb7&#8243; down=\u00bb0&#8243;][vc_single_image image=\u00bb16413&#8243; img_size=\u00bbfull\u00bb alignment=\u00bbcenter\u00bb style=\u00bbvc_box_border_circle\u00bb qode_css_animation=\u00bbelement_from_left\u00bb transition_delay=\u00bb0.3&#8243;][vc_separator type=\u00bbtransparent\u00bb up=\u00bb15&#8243; down=\u00bb0&#8243;][\/vc_column][vc_column width=\u00bb2\/3&#8243;][vc_column_text]<\/p>\n<h2 style=\"text-align: left;\">Un m\u00e9todo pedag\u00f3gico adaptado<br \/>\na los profesionales de la confiter\u00eda.<\/h2>\n<p>[\/vc_column_text][vc_separator type=\u00bbsmall\u00bb position=\u00bbleft\u00bb up=\u00bb7&#8243; down=\u00bb34&#8243;][vc_column_text]Como el gran experto en grageado que es, Fr\u00e9d\u00e9ric Menguy se esfuerza para poner a disposici\u00f3n de sus clientes todos sus conocimientos t\u00e9cnicos adquiridos a lo largo de su carrera as\u00ed como sus conocimientos fundamentales a cerca de temas como la cristalizaci\u00f3n, la termodin\u00e1mica del aire, el secado de alimentos o la qu\u00edmica de colorantes.<br \/>\nPropone sus conocimientos y astucias a los operadores en el campo \u2013 desde los j\u00f3venes principiantes hasta los grage\u00edstas m\u00e1s experimentados \u2013 a los altos mandos de producci\u00f3n, y a los t\u00e9cnicos de servicios de investigaci\u00f3n, desarrollo o calidad.<\/p>\n<p>&nbsp;<\/p>\n<p>Para mejorar a\u00fan m\u00e1s la eficacia de sus intervenciones, Fr\u00e9d\u00e9ric Menguy ha desarrollado un m\u00e9todo pedag\u00f3gico en 3 etapas:[\/vc_column_text][vc_separator type=\u00bbtransparent\u00bb up=\u00bb20&#8243; down=\u00bb20&#8243;]<div class=\"q_list number circle_number\">\n\t<\/p>\n<ul>\n<li>Proposici\u00f3n de un m\u00e9todo de operaci\u00f3n.<\/li>\n<li>Revisi\u00f3n de todos los par\u00e1metros presentes y an\u00e1lisis de riesgo de cada uno de esos par\u00e1metros.<\/li>\n<li>Reflexi\u00f3n acerca de las acciones que deben llevarse a cabo para evitar la aparici\u00f3n de defectos o para permitir la correcci\u00f3n de defectos ya sea durante la fabricaci\u00f3n o a posteriori.<\/li>\n<\/ul>\n<p><\/div>[vc_separator type=\u00bbtransparent\u00bb up=\u00bb20&#8243; down=\u00bb16&#8243;][vc_column_text]\u00c9ste m\u00e9todo, que no ha dejado de mejorarse a lo largo de varios a\u00f1os de formaci\u00f3n interna y de consultor\u00edas, ha dado muy buenos resultados, independientemente del p\u00fablico al que ha sido dirigido.[\/vc_column_text][\/vc_column][\/vc_row][vc_row css_animation=\u00bb\u00bb row_type=\u00bbrow\u00bb use_row_as_full_screen_section=\u00bbno\u00bb type=\u00bbgrid\u00bb angled_section=\u00bbno\u00bb text_align=\u00bbleft\u00bb background_image_as_pattern=\u00bbwithout_pattern\u00bb background_color=\u00bb#ffffff\u00bb padding_top=\u00bb90&#8243; padding_bottom=\u00bb90&#8243;][vc_column width=\u00bb2\/3&#8243;][vc_column_text]<\/p>\n<h2 style=\"text-align: left;\">Promover la formaci\u00f3n de j\u00f3venes<br \/>\ny las cosas hechas con calidad.<\/h2>\n<p>[\/vc_column_text][vc_separator type=\u00bbsmall\u00bb position=\u00bbleft\u00bb up=\u00bb7&#8243; down=\u00bb34&#8243;][vc_column_text]Reconocido en el \u00e1mbito de la confiter\u00eda por su profesionalismo, Fr\u00e9d\u00e9ric Menguy participa a la formaci\u00f3n profesional de j\u00f3venes tal como la que otorga la <a href=\"http:\/\/www.chocolatiers.fr\/\" target=\"_blank\" rel=\"noopener\">Confederaci\u00f3n Nacional de Chocolateros<\/a> o el <a href=\"http:\/\/www.alliance7.com\/\" target=\"_blank\" rel=\"noopener\">Alliance7<\/a> (Asociaci\u00f3n Nacional Interprofessional de la confiter\u00eda et de la chocolater\u00eda). Adem\u00e1s, desde hace veinte a\u00f1os, promueve activamente la calidad, la seguridad alimenticia y el desarrollo sustentable en la regi\u00f3n Occitania a trav\u00e9s del <a href=\"http:\/\/clubqualiteingres.blogspot.fr\/\" target=\"_blank\" rel=\"noopener\">Club Qualit\u00e9 Ingres<\/a>.<\/p>\n<p>&nbsp;<\/p>\n<p><strong>Los valores clave de su modo de trabajar son la independencia y la confidencialidad.<\/strong>[\/vc_column_text][\/vc_column][vc_column width=\u00bb1\/3&#8243;][vc_separator type=\u00bbtransparent\u00bb up=\u00bb7&#8243; down=\u00bb0&#8243;][vc_single_image image=\u00bb16415&#8243; img_size=\u00bbfull\u00bb alignment=\u00bbcenter\u00bb style=\u00bbvc_box_border_circle\u00bb qode_css_animation=\u00bbelement_from_right\u00bb transition_delay=\u00bb0.3&#8243;][vc_separator type=\u00bbtransparent\u00bb up=\u00bb15&#8243; down=\u00bb0&#8243;][\/vc_column][\/vc_row][vc_row css_animation=\u00bb\u00bb row_type=\u00bbrow\u00bb use_row_as_full_screen_section=\u00bbno\u00bb type=\u00bbfull_width\u00bb angled_section=\u00bbno\u00bb text_align=\u00bbleft\u00bb background_image_as_pattern=\u00bbwithout_pattern\u00bb][vc_column]<div class=\"call_to_action normal\" style=\"background-color: #e5a430;\"><div class=\"container_inner\"><div class=\"two_columns_75_25 clearfix\"><div class=\"text_wrapper column1\"><div class=\"call_to_action_text \" style=\"\">\n<h3><span style=\"color: #ffffff\">\u00bfNecesita a un experto en grageado de az\u00facar o grageado de chocolate?<br \/>\n<\/span><\/h3>\n<\/div><\/div><div class=\"button_wrapper column2\"><a itemprop=\"url\" href=\"https:\/\/www.fredericmenguy.fr\/es\/contact\/\" class=\"qbutton white \" target=\"_self\" style=\"color: #ffffff;border-color: #ffffff;\" data-hover-background-color=#ffffff data-hover-border-color=#ffffff data-hover-color=#e5a430>Contactar a Fr\u00e9d\u00e9ric Menguy<\/a><\/div><\/div><\/div><\/div>[\/vc_column][\/vc_row][vc_row css_animation=\u00bb\u00bb row_type=\u00bbrow\u00bb use_row_as_full_screen_section=\u00bbno\u00bb type=\u00bbfull_width\u00bb angled_section=\u00bbno\u00bb text_align=\u00bbleft\u00bb background_image_as_pattern=\u00bbwithout_pattern\u00bb][vc_column][vc_single_image image=\u00bb15152&#8243; img_size=\u00bbfull\u00bb alignment=\u00bbcenter\u00bb qode_css_animation=\u00bb\u00bb][\/vc_column][\/vc_row][vc_row css_animation=\u00bb\u00bb row_type=\u00bbrow\u00bb use_row_as_full_screen_section=\u00bbno\u00bb type=\u00bbfull_width\u00bb angled_section=\u00bbno\u00bb text_align=\u00bbleft\u00bb background_image_as_pattern=\u00bbwithout_pattern\u00bb padding_top=\u00bb15&#8243; padding_bottom=\u00bb0&#8243; css=\u00bb.vc_custom_1482430789667{background-color: #e5a430 !important;}\u00bb][vc_column][\/vc_column][\/vc_row]<\/p>\n<\/div>","protected":false},"excerpt":{"rendered":"<p>[vc_row css_animation=\u00bb\u00bb row_type=\u00bbrow\u00bb use_row_as_full_screen_section=\u00bbno\u00bb type=\u00bbgrid\u00bb angled_section=\u00bbno\u00bb text_align=\u00bbleft\u00bb background_image=\u00bb15168&#8243; background_image_as_pattern=\u00bbwithout_pattern\u00bb padding_top=\u00bb90&#8243; padding_bottom=\u00bb90&#8243;][vc_column width=\u00bb1\/3&#8243;][vc_separator type=\u00bbtransparent\u00bb up=\u00bb7&#8243; down=\u00bb0&#8243;][vc_single_image image=\u00bb16412&#8243; img_size=\u00bbfull\u00bb alignment=\u00bbcenter\u00bb style=\u00bbvc_box_border_circle\u00bb qode_css_animation=\u00bbelement_from_left\u00bb transition_delay=\u00bb0.3&#8243;][vc_separator type=\u00bbtransparent\u00bb up=\u00bb15&#8243; down=\u00bb0&#8243;][\/vc_column][vc_column width=\u00bb2\/3&#8243;][vc_column_text] Un experto en grageado de az\u00facar y grageado de chocolate. [\/vc_column_text][vc_separator type=\u00bbsmall\u00bb position=\u00bbleft\u00bb up=\u00bb7&#8243; down=\u00bb34&#8243;][vc_column_text]Gracias a su gran experiencia adquirida&#8230;<\/p>\n","protected":false},"author":2,"featured_media":0,"parent":0,"menu_order":0,"comment_status":"open","ping_status":"open","template":"full_width.php","meta":{"footnotes":""},"class_list":["post-16668","page","type-page","status-publish","hentry"],"yoast_head":"<!-- This site is optimized with the Yoast SEO plugin v27.4 - https:\/\/yoast.com\/product\/yoast-seo-wordpress\/ -->\n<title>Presentaci\u00f3n de Fr\u00e9d\u00e9ric Menguy, experto en grageado de az\u00facar y chocolate<\/title>\n<meta name=\"description\" content=\"Fr\u00e9d\u00e9ric Menguy es uno de los mejores expertos en grageado; asesora confiter\u00edas de todos los tama\u00f1os y en todos los pa\u00edses, incluyendo Espa\u00f1a y Am\u00e9rica Latina \u2013 Montauban \u2013 Toulouse \u2013 Francia\" \/>\n<meta name=\"robots\" content=\"index, follow, max-snippet:-1, max-image-preview:large, max-video-preview:-1\" \/>\n<link rel=\"canonical\" href=\"https:\/\/www.fredericmenguy.fr\/es\/frederic-menguy-presentacion\/\" \/>\n<meta property=\"og:locale\" content=\"es_ES\" \/>\n<meta property=\"og:type\" content=\"article\" \/>\n<meta property=\"og:title\" content=\"Presentaci\u00f3n de Fr\u00e9d\u00e9ric Menguy, experto en grageado de az\u00facar y chocolate\" \/>\n<meta property=\"og:description\" content=\"Fr\u00e9d\u00e9ric Menguy es uno de los mejores expertos en grageado; asesora confiter\u00edas de todos los tama\u00f1os y en todos los pa\u00edses, incluyendo Espa\u00f1a y Am\u00e9rica Latina \u2013 Montauban \u2013 Toulouse \u2013 Francia\" \/>\n<meta property=\"og:url\" content=\"https:\/\/www.fredericmenguy.fr\/es\/frederic-menguy-presentacion\/\" \/>\n<meta property=\"og:site_name\" content=\"Fr\u00e9d\u00e9ric Menguy\" \/>\n<meta property=\"article:modified_time\" content=\"2022-05-24T09:22:34+00:00\" \/>\n<meta name=\"twitter:card\" content=\"summary_large_image\" \/>\n<meta name=\"twitter:site\" content=\"@FMenguy\" \/>\n<meta name=\"twitter:label1\" content=\"Tiempo de lectura\" \/>\n\t<meta name=\"twitter:data1\" content=\"6 minutos\" \/>\n<script type=\"application\/ld+json\" class=\"yoast-schema-graph\">{\"@context\":\"https:\\\/\\\/schema.org\",\"@graph\":[{\"@type\":\"WebPage\",\"@id\":\"https:\\\/\\\/www.fredericmenguy.fr\\\/es\\\/frederic-menguy-presentacion\\\/\",\"url\":\"https:\\\/\\\/www.fredericmenguy.fr\\\/es\\\/frederic-menguy-presentacion\\\/\",\"name\":\"Presentaci\u00f3n de Fr\u00e9d\u00e9ric Menguy, experto en grageado de az\u00facar y chocolate\",\"isPartOf\":{\"@id\":\"https:\\\/\\\/www.fredericmenguy.fr\\\/#website\"},\"datePublished\":\"2017-02-27T12:47:01+00:00\",\"dateModified\":\"2022-05-24T09:22:34+00:00\",\"description\":\"Fr\u00e9d\u00e9ric Menguy es uno de los mejores expertos en grageado; asesora confiter\u00edas de todos los tama\u00f1os y en todos los pa\u00edses, incluyendo Espa\u00f1a y Am\u00e9rica Latina \u2013 Montauban \u2013 Toulouse \u2013 Francia\",\"breadcrumb\":{\"@id\":\"https:\\\/\\\/www.fredericmenguy.fr\\\/es\\\/frederic-menguy-presentacion\\\/#breadcrumb\"},\"inLanguage\":\"es\",\"potentialAction\":[{\"@type\":\"ReadAction\",\"target\":[\"https:\\\/\\\/www.fredericmenguy.fr\\\/es\\\/frederic-menguy-presentacion\\\/\"]}]},{\"@type\":\"BreadcrumbList\",\"@id\":\"https:\\\/\\\/www.fredericmenguy.fr\\\/es\\\/frederic-menguy-presentacion\\\/#breadcrumb\",\"itemListElement\":[{\"@type\":\"ListItem\",\"position\":1,\"name\":\"Accueil\",\"item\":\"https:\\\/\\\/www.fredericmenguy.fr\\\/es\\\/\"},{\"@type\":\"ListItem\",\"position\":2,\"name\":\"Frederic Menguy &#8211; Presentaci\u00f3n\"}]},{\"@type\":\"WebSite\",\"@id\":\"https:\\\/\\\/www.fredericmenguy.fr\\\/#website\",\"url\":\"https:\\\/\\\/www.fredericmenguy.fr\\\/\",\"name\":\"Fr\u00e9d\u00e9ric Menguy\",\"description\":\"\",\"potentialAction\":[{\"@type\":\"SearchAction\",\"target\":{\"@type\":\"EntryPoint\",\"urlTemplate\":\"https:\\\/\\\/www.fredericmenguy.fr\\\/?s={search_term_string}\"},\"query-input\":{\"@type\":\"PropertyValueSpecification\",\"valueRequired\":true,\"valueName\":\"search_term_string\"}}],\"inLanguage\":\"es\"}]}<\/script>\n<!-- \/ Yoast SEO plugin. -->","yoast_head_json":{"title":"Presentaci\u00f3n de Fr\u00e9d\u00e9ric Menguy, experto en grageado de az\u00facar y chocolate","description":"Fr\u00e9d\u00e9ric Menguy es uno de los mejores expertos en grageado; asesora confiter\u00edas de todos los tama\u00f1os y en todos los pa\u00edses, incluyendo Espa\u00f1a y Am\u00e9rica Latina \u2013 Montauban \u2013 Toulouse \u2013 Francia","robots":{"index":"index","follow":"follow","max-snippet":"max-snippet:-1","max-image-preview":"max-image-preview:large","max-video-preview":"max-video-preview:-1"},"canonical":"https:\/\/www.fredericmenguy.fr\/es\/frederic-menguy-presentacion\/","og_locale":"es_ES","og_type":"article","og_title":"Presentaci\u00f3n de Fr\u00e9d\u00e9ric Menguy, experto en grageado de az\u00facar y chocolate","og_description":"Fr\u00e9d\u00e9ric Menguy es uno de los mejores expertos en grageado; asesora confiter\u00edas de todos los tama\u00f1os y en todos los pa\u00edses, incluyendo Espa\u00f1a y Am\u00e9rica Latina \u2013 Montauban \u2013 Toulouse \u2013 Francia","og_url":"https:\/\/www.fredericmenguy.fr\/es\/frederic-menguy-presentacion\/","og_site_name":"Fr\u00e9d\u00e9ric Menguy","article_modified_time":"2022-05-24T09:22:34+00:00","twitter_card":"summary_large_image","twitter_site":"@FMenguy","twitter_misc":{"Tiempo de lectura":"6 minutos"},"schema":{"@context":"https:\/\/schema.org","@graph":[{"@type":"WebPage","@id":"https:\/\/www.fredericmenguy.fr\/es\/frederic-menguy-presentacion\/","url":"https:\/\/www.fredericmenguy.fr\/es\/frederic-menguy-presentacion\/","name":"Presentaci\u00f3n de Fr\u00e9d\u00e9ric Menguy, experto en grageado de az\u00facar y chocolate","isPartOf":{"@id":"https:\/\/www.fredericmenguy.fr\/#website"},"datePublished":"2017-02-27T12:47:01+00:00","dateModified":"2022-05-24T09:22:34+00:00","description":"Fr\u00e9d\u00e9ric Menguy es uno de los mejores expertos en grageado; asesora confiter\u00edas de todos los tama\u00f1os y en todos los pa\u00edses, incluyendo Espa\u00f1a y Am\u00e9rica Latina \u2013 Montauban \u2013 Toulouse \u2013 Francia","breadcrumb":{"@id":"https:\/\/www.fredericmenguy.fr\/es\/frederic-menguy-presentacion\/#breadcrumb"},"inLanguage":"es","potentialAction":[{"@type":"ReadAction","target":["https:\/\/www.fredericmenguy.fr\/es\/frederic-menguy-presentacion\/"]}]},{"@type":"BreadcrumbList","@id":"https:\/\/www.fredericmenguy.fr\/es\/frederic-menguy-presentacion\/#breadcrumb","itemListElement":[{"@type":"ListItem","position":1,"name":"Accueil","item":"https:\/\/www.fredericmenguy.fr\/es\/"},{"@type":"ListItem","position":2,"name":"Frederic Menguy &#8211; Presentaci\u00f3n"}]},{"@type":"WebSite","@id":"https:\/\/www.fredericmenguy.fr\/#website","url":"https:\/\/www.fredericmenguy.fr\/","name":"Fr\u00e9d\u00e9ric Menguy","description":"","potentialAction":[{"@type":"SearchAction","target":{"@type":"EntryPoint","urlTemplate":"https:\/\/www.fredericmenguy.fr\/?s={search_term_string}"},"query-input":{"@type":"PropertyValueSpecification","valueRequired":true,"valueName":"search_term_string"}}],"inLanguage":"es"}]}},"_links":{"self":[{"href":"https:\/\/www.fredericmenguy.fr\/es\/wp-json\/wp\/v2\/pages\/16668","targetHints":{"allow":["GET"]}}],"collection":[{"href":"https:\/\/www.fredericmenguy.fr\/es\/wp-json\/wp\/v2\/pages"}],"about":[{"href":"https:\/\/www.fredericmenguy.fr\/es\/wp-json\/wp\/v2\/types\/page"}],"author":[{"embeddable":true,"href":"https:\/\/www.fredericmenguy.fr\/es\/wp-json\/wp\/v2\/users\/2"}],"replies":[{"embeddable":true,"href":"https:\/\/www.fredericmenguy.fr\/es\/wp-json\/wp\/v2\/comments?post=16668"}],"version-history":[{"count":13,"href":"https:\/\/www.fredericmenguy.fr\/es\/wp-json\/wp\/v2\/pages\/16668\/revisions"}],"predecessor-version":[{"id":18676,"href":"https:\/\/www.fredericmenguy.fr\/es\/wp-json\/wp\/v2\/pages\/16668\/revisions\/18676"}],"wp:attachment":[{"href":"https:\/\/www.fredericmenguy.fr\/es\/wp-json\/wp\/v2\/media?parent=16668"}],"curies":[{"name":"wp","href":"https:\/\/api.w.org\/{rel}","templated":true}]}}