{"id":16666,"date":"2017-02-27T13:42:55","date_gmt":"2017-02-27T12:42:55","guid":{"rendered":"http:\/\/www.fredericmenguy.fr\/?page_id=16666\/"},"modified":"2018-01-04T14:54:00","modified_gmt":"2018-01-04T13:54:00","slug":"bienvenida","status":"publish","type":"page","link":"https:\/\/www.fredericmenguy.fr\/es\/","title":{"rendered":"Bienvenida"},"content":{"rendered":"<div class=\"wpb-content-wrapper\"><p>[vc_row css_animation=\u00bb\u00bb row_type=\u00bbrow\u00bb use_row_as_full_screen_section=\u00bbno\u00bb type=\u00bbgrid\u00bb angled_section=\u00bbno\u00bb text_align=\u00bbleft\u00bb background_image_as_pattern=\u00bbwithout_pattern\u00bb background_color=\u00bb#ffffff\u00bb padding_top=\u00bb87&#8243; padding_bottom=\u00bb0&#8243;][vc_column][vc_column_text]<\/p>\n<h2 style=\"text-align: center;\">\u00a0CAPACITACIONES ADAPTADAS A TODOS LOS ACTORES DE LA ACTIVIDAD DE\u00a0GRAGEADO<\/h2>\n<p>[\/vc_column_text][vc_separator type=\u00bbsmall\u00bb position=\u00bbcenter\u00bb up=\u00bb7&#8243; down=\u00bb38&#8243;][\/vc_column][\/vc_row][vc_row css_animation=\u00bb\u00bb row_type=\u00bbrow\u00bb use_row_as_full_screen_section=\u00bbno\u00bb type=\u00bbgrid\u00bb angled_section=\u00bbno\u00bb text_align=\u00bbleft\u00bb background_image_as_pattern=\u00bbwithout_pattern\u00bb background_color=\u00bb#ffffff\u00bb padding_top=\u00bb30&#8243; padding_bottom=\u00bb90&#8243;][vc_column width=\u00bb1\/4&#8243;]<div class='q_icon_with_title medium circle center '><div class=\"icon_holder \" style=\"margin: 0 0 28px 0; \"><span data-icon-type=\"circle\" data-icon-hover-color=\"#ffffff\" class=\"qode_iwt_icon_holder fa-stack fa-3x  \" style=\"font-size: 45px;border-color: #e5a430\"><i class=\"qode_icon_font_awesome fa fa-filter qode_iwt_icon_element\" style=\"color: #e5a430\"><\/i><\/span><\/div><div class=\"icon_text_holder\" style=\"\"><div class=\"icon_text_inner\" style=\"\"><h3 class=\"icon_title\" style=\"\">CAPACITACI\u00d3N CONFITEROS INDUSTRIALES <\/h3><p style=''><\/p><a itemprop='url' class='icon_with_title_link' href='https:\/\/www.fredericmenguy.fr\/es\/capacitacion-confiteros-industriales\/' target='_self' style=''>Descubrir<\/a><\/div><\/div><\/div>[\/vc_column][vc_column width=\u00bb1\/4&#8243;]<div class='q_icon_with_title medium circle center '><div class=\"icon_holder \" style=\"margin: 0 0 28px 0; \"><span data-icon-type=\"circle\" data-icon-hover-color=\"#ffffff\" class=\"qode_iwt_icon_holder fa-stack fa-3x  \" style=\"font-size: 45px;border-color: #e5a430\"><i class=\"qode_icon_font_awesome fa fa-hand-paper-o qode_iwt_icon_element\" style=\"color: #e5a430\"><\/i><\/span><\/div><div class=\"icon_text_holder\" style=\"\"><div class=\"icon_text_inner\" style=\"\"><h3 class=\"icon_title\" style=\"\">CAPACITACI\u00d3N CHOCOLATERO ARTESANAL<\/h3><p style=''><\/p><a itemprop='url' class='icon_with_title_link' href='https:\/\/www.fredericmenguy.fr\/es\/capacitacion-chocolatero-artesanal\/' target='_self' style=''>Descubrir<\/a><\/div><\/div><\/div>[\/vc_column][vc_column width=\u00bb1\/4&#8243;]<div class='q_icon_with_title medium circle center '><div class=\"icon_holder \" style=\"margin: 0 0 28px 0; \"><span data-icon-type=\"circle\" data-icon-hover-color=\"#ffffff\" class=\"qode_iwt_icon_holder fa-stack fa-3x  \" style=\"font-size: 45px;border-color: #e5a430\"><i class=\"qode_icon_font_awesome fa fa-apple qode_iwt_icon_element\" style=\"color: #e5a430\"><\/i><\/span><\/div><div class=\"icon_text_holder\" style=\"\"><div class=\"icon_text_inner\" style=\"\"><h3 class=\"icon_title\" style=\"\">CAPACITACI\u00d3N PROVEEDORES INGREDIENTES CONFITER\u00cdA<\/h3><p style=''><\/p><a itemprop='url' class='icon_with_title_link' href='https:\/\/www.fredericmenguy.fr\/es\/capacitacion-proveedores-ingredientes-confiteria\/' target='_self' style=''>Descubrir<\/a><\/div><\/div><\/div>[\/vc_column][vc_column width=\u00bb1\/4&#8243;]<div class='q_icon_with_title medium circle center '><div class=\"icon_holder \" style=\"margin: 0 0 28px 0; \"><span data-icon-type=\"circle\" data-icon-hover-color=\"#ffffff\" class=\"qode_iwt_icon_holder fa-stack fa-3x  \" style=\"font-size: 45px;border-color: #e5a430\"><i class=\"qode_icon_font_awesome fa fa-industry qode_iwt_icon_element\" style=\"color: #e5a430\"><\/i><\/span><\/div><div class=\"icon_text_holder\" style=\"\"><div class=\"icon_text_inner\" style=\"\"><h3 class=\"icon_title\" style=\"\">CAPACITACI\u00d3N FABRICANTES BOMBOS<\/h3><p style=''><\/p><a itemprop='url' class='icon_with_title_link' href='https:\/\/www.fredericmenguy.fr\/es\/capacitacion-fabricantes-bombos\/' target='_self' style=''>Descubrir<\/a><\/div><\/div><\/div>[\/vc_column][\/vc_row][vc_row css_animation=\u00bb\u00bb row_type=\u00bbrow\u00bb use_row_as_full_screen_section=\u00bbno\u00bb type=\u00bbgrid\u00bb angled_section=\u00bbno\u00bb text_align=\u00bbleft\u00bb background_image_as_pattern=\u00bbwithout_pattern\u00bb padding_top=\u00bb90&#8243; padding_bottom=\u00bb90&#8243;][vc_column][vc_column_text]<\/p>\n<h2 style=\"text-align: center;\">Un experto en grageados de az\u00facar y chocolate al servicio de confiteros industriales y artesanos.<\/h2>\n<p>[\/vc_column_text][vc_separator type=\u00bbsmall\u00bb position=\u00bbcenter\u00bb up=\u00bb7&#8243; down=\u00bb38&#8243;][vc_column_text]<\/p>\n<h4 style=\"text-align: center;\">Fr\u00e9d\u00e9ric Menguy fue durante 15 a\u00f1os fue Director de Producci\u00f3n de una PYME de renombre internacional especializada en el grageado de productos. Reconocido a nivel mundial como uno de los mejores expertos en grageados, hoy en d\u00eda asesora confiter\u00edas de todos los tama\u00f1os- confiter\u00edas industriales o artesanales- en Francia y otros pa\u00edses.<\/h4>\n<p>&nbsp;<\/p>\n<h4 style=\"text-align: center;\">Los valores clave de su modo de trabajar son la independencia y la confidencialidad.<\/h4>\n<p>[\/vc_column_text][\/vc_column][\/vc_row][vc_row css_animation=\u00bb\u00bb row_type=\u00bbrow\u00bb use_row_as_full_screen_section=\u00bbno\u00bb type=\u00bbfull_width\u00bb angled_section=\u00bbno\u00bb text_align=\u00bbleft\u00bb background_image_as_pattern=\u00bbwithout_pattern\u00bb padding_top=\u00bb15&#8243; padding_bottom=\u00bb0&#8243; css=\u00bb.vc_custom_1482430789667{background-color: #e5a430 !important;}\u00bb][vc_column][\/vc_column][\/vc_row][vc_row css_animation=\u00bb\u00bb row_type=\u00bbrow\u00bb use_row_as_full_screen_section=\u00bbno\u00bb type=\u00bbfull_width\u00bb angled_section=\u00bbno\u00bb text_align=\u00bbleft\u00bb background_image_as_pattern=\u00bbwithout_pattern\u00bb][vc_column][vc_single_image image=\u00bb15152&#8243; img_size=\u00bbfull\u00bb alignment=\u00bbcenter\u00bb qode_css_animation=\u00bb\u00bb][\/vc_column][\/vc_row][vc_row css_animation=\u00bb\u00bb row_type=\u00bbrow\u00bb use_row_as_full_screen_section=\u00bbno\u00bb type=\u00bbfull_width\u00bb angled_section=\u00bbno\u00bb text_align=\u00bbleft\u00bb background_image_as_pattern=\u00bbwithout_pattern\u00bb padding_top=\u00bb15&#8243; padding_bottom=\u00bb0&#8243; css=\u00bb.vc_custom_1482430789667{background-color: #e5a430 !important;}\u00bb][vc_column][\/vc_column][\/vc_row]<\/p>\n<\/div>","protected":false},"excerpt":{"rendered":"<p>[vc_row css_animation=\u00bb\u00bb row_type=\u00bbrow\u00bb use_row_as_full_screen_section=\u00bbno\u00bb type=\u00bbgrid\u00bb angled_section=\u00bbno\u00bb text_align=\u00bbleft\u00bb background_image_as_pattern=\u00bbwithout_pattern\u00bb background_color=\u00bb#ffffff\u00bb padding_top=\u00bb87&#8243; padding_bottom=\u00bb0&#8243;][vc_column][vc_column_text] \u00a0CAPACITACIONES ADAPTADAS A TODOS LOS ACTORES DE LA ACTIVIDAD DE\u00a0GRAGEADO [\/vc_column_text][vc_separator type=\u00bbsmall\u00bb position=\u00bbcenter\u00bb up=\u00bb7&#8243; down=\u00bb38&#8243;][\/vc_column][\/vc_row][vc_row css_animation=\u00bb\u00bb row_type=\u00bbrow\u00bb use_row_as_full_screen_section=\u00bbno\u00bb type=\u00bbgrid\u00bb angled_section=\u00bbno\u00bb text_align=\u00bbleft\u00bb background_image_as_pattern=\u00bbwithout_pattern\u00bb background_color=\u00bb#ffffff\u00bb padding_top=\u00bb30&#8243; padding_bottom=\u00bb90&#8243;][vc_column width=\u00bb1\/4&#8243;][\/vc_column][vc_column width=\u00bb1\/4&#8243;][\/vc_column][vc_column width=\u00bb1\/4&#8243;][\/vc_column][vc_column width=\u00bb1\/4&#8243;][\/vc_column][\/vc_row][vc_row css_animation=\u00bb\u00bb row_type=\u00bbrow\u00bb use_row_as_full_screen_section=\u00bbno\u00bb type=\u00bbgrid\u00bb angled_section=\u00bbno\u00bb&#8230;<\/p>\n","protected":false},"author":2,"featured_media":0,"parent":0,"menu_order":0,"comment_status":"open","ping_status":"open","template":"full_width.php","meta":{"footnotes":""},"class_list":["post-16666","page","type-page","status-publish","hentry"],"yoast_head":"<!-- This site is optimized with the Yoast SEO plugin v27.6 - https:\/\/yoast.com\/product\/yoast-seo-wordpress\/ -->\n<title>Experto en grageado de az\u00facar y chocolate<\/title>\n<meta name=\"description\" content=\"Especialista en grageado, Fr\u00e9d\u00e9ric Menguy propone sus servicios a industriales y a chocolateros artesanales en todos los pa\u00edses, incluyendo Espa\u00f1a y Am\u00e9rica Latina \u2013 Montauban \u2013Toulouse \u2013 Francia\" \/>\n<meta name=\"robots\" content=\"index, follow, max-snippet:-1, max-image-preview:large, max-video-preview:-1\" \/>\n<link rel=\"canonical\" href=\"https:\/\/www.fredericmenguy.fr\/es\/\" \/>\n<meta property=\"og:locale\" content=\"es_ES\" \/>\n<meta property=\"og:type\" content=\"article\" \/>\n<meta property=\"og:title\" content=\"Experto en grageado de az\u00facar y chocolate\" \/>\n<meta property=\"og:description\" content=\"Especialista en grageado, Fr\u00e9d\u00e9ric Menguy propone sus servicios a industriales y a chocolateros artesanales en todos los pa\u00edses, incluyendo Espa\u00f1a y Am\u00e9rica Latina \u2013 Montauban \u2013Toulouse \u2013 Francia\" \/>\n<meta property=\"og:url\" content=\"https:\/\/www.fredericmenguy.fr\/es\/\" \/>\n<meta property=\"og:site_name\" content=\"Fr\u00e9d\u00e9ric Menguy\" \/>\n<meta property=\"article:modified_time\" content=\"2018-01-04T13:54:00+00:00\" \/>\n<meta name=\"twitter:card\" content=\"summary_large_image\" \/>\n<meta name=\"twitter:site\" content=\"@FMenguy\" \/>\n<meta name=\"twitter:label1\" content=\"Tiempo de lectura\" \/>\n\t<meta name=\"twitter:data1\" content=\"3 minutos\" \/>\n<script type=\"application\/ld+json\" class=\"yoast-schema-graph\">{\"@context\":\"https:\\\/\\\/schema.org\",\"@graph\":[{\"@type\":\"WebPage\",\"@id\":\"https:\\\/\\\/www.fredericmenguy.fr\\\/es\\\/\",\"url\":\"https:\\\/\\\/www.fredericmenguy.fr\\\/es\\\/\",\"name\":\"Experto en grageado de az\u00facar y chocolate\",\"isPartOf\":{\"@id\":\"https:\\\/\\\/www.fredericmenguy.fr\\\/#website\"},\"datePublished\":\"2017-02-27T12:42:55+00:00\",\"dateModified\":\"2018-01-04T13:54:00+00:00\",\"description\":\"Especialista en grageado, Fr\u00e9d\u00e9ric Menguy propone sus servicios a industriales y a chocolateros artesanales en todos los pa\u00edses, incluyendo Espa\u00f1a y Am\u00e9rica Latina \u2013 Montauban \u2013Toulouse \u2013 Francia\",\"breadcrumb\":{\"@id\":\"https:\\\/\\\/www.fredericmenguy.fr\\\/es\\\/#breadcrumb\"},\"inLanguage\":\"es\",\"potentialAction\":[{\"@type\":\"ReadAction\",\"target\":[\"https:\\\/\\\/www.fredericmenguy.fr\\\/es\\\/\"]}]},{\"@type\":\"BreadcrumbList\",\"@id\":\"https:\\\/\\\/www.fredericmenguy.fr\\\/es\\\/#breadcrumb\",\"itemListElement\":[{\"@type\":\"ListItem\",\"position\":1,\"name\":\"Accueil\",\"item\":\"https:\\\/\\\/www.fredericmenguy.fr\\\/es\\\/\"},{\"@type\":\"ListItem\",\"position\":2,\"name\":\"Bienvenida\"}]},{\"@type\":\"WebSite\",\"@id\":\"https:\\\/\\\/www.fredericmenguy.fr\\\/#website\",\"url\":\"https:\\\/\\\/www.fredericmenguy.fr\\\/\",\"name\":\"Fr\u00e9d\u00e9ric Menguy\",\"description\":\"\",\"potentialAction\":[{\"@type\":\"SearchAction\",\"target\":{\"@type\":\"EntryPoint\",\"urlTemplate\":\"https:\\\/\\\/www.fredericmenguy.fr\\\/?s={search_term_string}\"},\"query-input\":{\"@type\":\"PropertyValueSpecification\",\"valueRequired\":true,\"valueName\":\"search_term_string\"}}],\"inLanguage\":\"es\"}]}<\/script>\n<!-- \/ Yoast SEO plugin. -->","yoast_head_json":{"title":"Experto en grageado de az\u00facar y chocolate","description":"Especialista en grageado, Fr\u00e9d\u00e9ric Menguy propone sus servicios a industriales y a chocolateros artesanales en todos los pa\u00edses, incluyendo Espa\u00f1a y Am\u00e9rica Latina \u2013 Montauban \u2013Toulouse \u2013 Francia","robots":{"index":"index","follow":"follow","max-snippet":"max-snippet:-1","max-image-preview":"max-image-preview:large","max-video-preview":"max-video-preview:-1"},"canonical":"https:\/\/www.fredericmenguy.fr\/es\/","og_locale":"es_ES","og_type":"article","og_title":"Experto en grageado de az\u00facar y chocolate","og_description":"Especialista en grageado, Fr\u00e9d\u00e9ric Menguy propone sus servicios a industriales y a chocolateros artesanales en todos los pa\u00edses, incluyendo Espa\u00f1a y Am\u00e9rica Latina \u2013 Montauban \u2013Toulouse \u2013 Francia","og_url":"https:\/\/www.fredericmenguy.fr\/es\/","og_site_name":"Fr\u00e9d\u00e9ric Menguy","article_modified_time":"2018-01-04T13:54:00+00:00","twitter_card":"summary_large_image","twitter_site":"@FMenguy","twitter_misc":{"Tiempo de lectura":"3 minutos"},"schema":{"@context":"https:\/\/schema.org","@graph":[{"@type":"WebPage","@id":"https:\/\/www.fredericmenguy.fr\/es\/","url":"https:\/\/www.fredericmenguy.fr\/es\/","name":"Experto en grageado de az\u00facar y chocolate","isPartOf":{"@id":"https:\/\/www.fredericmenguy.fr\/#website"},"datePublished":"2017-02-27T12:42:55+00:00","dateModified":"2018-01-04T13:54:00+00:00","description":"Especialista en grageado, Fr\u00e9d\u00e9ric Menguy propone sus servicios a industriales y a chocolateros artesanales en todos los pa\u00edses, incluyendo Espa\u00f1a y Am\u00e9rica Latina \u2013 Montauban \u2013Toulouse \u2013 Francia","breadcrumb":{"@id":"https:\/\/www.fredericmenguy.fr\/es\/#breadcrumb"},"inLanguage":"es","potentialAction":[{"@type":"ReadAction","target":["https:\/\/www.fredericmenguy.fr\/es\/"]}]},{"@type":"BreadcrumbList","@id":"https:\/\/www.fredericmenguy.fr\/es\/#breadcrumb","itemListElement":[{"@type":"ListItem","position":1,"name":"Accueil","item":"https:\/\/www.fredericmenguy.fr\/es\/"},{"@type":"ListItem","position":2,"name":"Bienvenida"}]},{"@type":"WebSite","@id":"https:\/\/www.fredericmenguy.fr\/#website","url":"https:\/\/www.fredericmenguy.fr\/","name":"Fr\u00e9d\u00e9ric Menguy","description":"","potentialAction":[{"@type":"SearchAction","target":{"@type":"EntryPoint","urlTemplate":"https:\/\/www.fredericmenguy.fr\/?s={search_term_string}"},"query-input":{"@type":"PropertyValueSpecification","valueRequired":true,"valueName":"search_term_string"}}],"inLanguage":"es"}]}},"_links":{"self":[{"href":"https:\/\/www.fredericmenguy.fr\/es\/wp-json\/wp\/v2\/pages\/16666","targetHints":{"allow":["GET"]}}],"collection":[{"href":"https:\/\/www.fredericmenguy.fr\/es\/wp-json\/wp\/v2\/pages"}],"about":[{"href":"https:\/\/www.fredericmenguy.fr\/es\/wp-json\/wp\/v2\/types\/page"}],"author":[{"embeddable":true,"href":"https:\/\/www.fredericmenguy.fr\/es\/wp-json\/wp\/v2\/users\/2"}],"replies":[{"embeddable":true,"href":"https:\/\/www.fredericmenguy.fr\/es\/wp-json\/wp\/v2\/comments?post=16666"}],"version-history":[{"count":10,"href":"https:\/\/www.fredericmenguy.fr\/es\/wp-json\/wp\/v2\/pages\/16666\/revisions"}],"predecessor-version":[{"id":16964,"href":"https:\/\/www.fredericmenguy.fr\/es\/wp-json\/wp\/v2\/pages\/16666\/revisions\/16964"}],"wp:attachment":[{"href":"https:\/\/www.fredericmenguy.fr\/es\/wp-json\/wp\/v2\/media?parent=16666"}],"curies":[{"name":"wp","href":"https:\/\/api.w.org\/{rel}","templated":true}]}}