{"id":16660,"date":"2017-02-27T13:31:13","date_gmt":"2017-02-27T12:31:13","guid":{"rendered":"http:\/\/www.fredericmenguy.fr\/?page_id=16660\/"},"modified":"2026-03-03T09:53:35","modified_gmt":"2026-03-03T08:53:35","slug":"consultores","status":"publish","type":"page","link":"https:\/\/www.fredericmenguy.fr\/es\/consultores\/","title":{"rendered":"Consultores"},"content":{"rendered":"<div class=\"wpb-content-wrapper\"><p>[vc_row css_animation=\u00bb\u00bb row_type=\u00bbrow\u00bb use_row_as_full_screen_section=\u00bbno\u00bb type=\u00bbgrid\u00bb angled_section=\u00bbno\u00bb text_align=\u00bbleft\u00bb background_image_as_pattern=\u00bbwithout_pattern\u00bb background_color=\u00bb#ffffff\u00bb padding_top=\u00bb90&#8243; padding_bottom=\u00bb90&#8243;][vc_column width=\u00bb1\/3&#8243;][vc_row_inner row_type=\u00bbrow\u00bb type=\u00bbfull_width\u00bb text_align=\u00bbright\u00bb css_animation=\u00bb\u00bb][vc_column_inner][vc_single_image image=\u00bb19572&#8243; img_size=\u00bbfull\u00bb alignment=\u00bbcenter\u00bb style=\u00bbvc_box_border_circle\u00bb qode_css_animation=\u00bbelement_from_left\u00bb transition_delay=\u00bb0.3&#8243;][vc_separator type=\u00bbtransparent\u00bb up=\u00bb21&#8243; down=\u00bb0&#8243;][\/vc_column_inner][\/vc_row_inner][\/vc_column][vc_column width=\u00bb2\/3&#8243;][vc_separator type=\u00bbtransparent\u00bb up=\u00bb12&#8243; down=\u00bb0&#8243;][vc_column_text]<\/p>\n<h2>ANDREA PERNOT-BARRY<\/h2>\n<p>[\/vc_column_text][vc_separator type=\u00bbsmall\u00bb position=\u00bbleft\u00bb up=\u00bb7&#8243; down=\u00bb38&#8243;][vc_column_text]Aporta al equipo su experiencia internacional en consultor\u00eda y capacitaci\u00f3n, adquirida a lo largo de los \u00faltimos 25 a\u00f1os, entre otros, como Directora T\u00e9cnica de la ZDS, escuela de confiter\u00eda reconocida a nivel mundial.[\/vc_column_text][vc_separator type=\u00bbtransparent\u00bb up=\u00bb10&#8243; down=\u00bb10&#8243;][vc_row_inner row_type=\u00bbrow\u00bb type=\u00bbfull_width\u00bb text_align=\u00bbleft\u00bb css_animation=\u00bb\u00bb][vc_column_inner width=\u00bb1\/2&#8243;][vc_column_text]<\/p>\n<h6>DataSweet Online GMBH<\/h6>\n<p>K\u00f6lner Str. 73-77<br \/>\nDE &#8211; 42653 Solingen<br \/>\nT\u00e9l. : +49-174-9702544<br \/>\nE-mail : <a href=\"mailto:apb@datasweet.info\">apb@datasweet.info<\/a><a href=\"http:\/\/www.datasweet.info\" target=\"_blank\" rel=\"noopener\"><br \/>\n<\/a>Web : <a href=\"http:\/\/www.datasweet.info\" target=\"_blank\" rel=\"noopener\">www.datasweet.info<\/a>[\/vc_column_text][\/vc_column_inner][vc_column_inner width=\u00bb1\/2&#8243;][vc_single_image image=\u00bb19565&#8243; img_size=\u00bbfull\u00bb qode_css_animation=\u00bbelement_from_right\u00bb transition_delay=\u00bb0.3&#8243;][\/vc_column_inner][\/vc_row_inner][\/vc_column][\/vc_row][vc_row css_animation=\u00bb\u00bb row_type=\u00bbrow\u00bb use_row_as_full_screen_section=\u00bbno\u00bb type=\u00bbgrid\u00bb angled_section=\u00bbno\u00bb text_align=\u00bbleft\u00bb background_image_as_pattern=\u00bbwithout_pattern\u00bb background_color=\u00bb#F6F6F6&#8243; padding_top=\u00bb90&#8243; padding_bottom=\u00bb90&#8243; z_index=\u00bb\u00bb][vc_column width=\u00bb1\/3&#8243;][vc_row_inner row_type=\u00bbrow\u00bb type=\u00bbfull_width\u00bb text_align=\u00bbright\u00bb css_animation=\u00bb\u00bb][vc_column_inner][vc_single_image image=\u00bb19547&#8243; img_size=\u00bbfull\u00bb alignment=\u00bbcenter\u00bb style=\u00bbvc_box_border_circle\u00bb css=\u00bb\u00bb qode_css_animation=\u00bbelement_from_left\u00bb transition_delay=\u00bb0.3&#8243;][vc_separator type=\u00bbtransparent\u00bb up=\u00bb21&#8243; down=\u00bb0&#8243;][\/vc_column_inner][\/vc_row_inner][\/vc_column][vc_column width=\u00bb2\/3&#8243;][vc_separator type=\u00bbtransparent\u00bb up=\u00bb12&#8243; down=\u00bb0&#8243;][vc_column_text css=\u00bb\u00bb]<\/p>\n<h2>AURORE TAUZIER<\/h2>\n<p>[\/vc_column_text][vc_separator type=\u00bbsmall\u00bb position=\u00bbleft\u00bb up=\u00bb7&#8243; down=\u00bb38&#8243;][vc_column_text css=\u00bb\u00bb]Con 15 a\u00f1os de experiencia en management, ha desarrollado una amplia experiencia, desde I+D hasta producci\u00f3n, pasando por la gesti\u00f3n de la calidad y la gerencia de f\u00e1brica. Hoy, apoya y forma a profesionales en Francia y otros pa\u00edses para perfeccionar sus habilidades, optimizar sus procesos y desarrollar sus proyectos.[\/vc_column_text][vc_separator type=\u00bbtransparent\u00bb up=\u00bb10&#8243; down=\u00bb10&#8243;][vc_row_inner row_type=\u00bbrow\u00bb type=\u00bbfull_width\u00bb text_align=\u00bbleft\u00bb css_animation=\u00bb\u00bb][vc_column_inner width=\u00bb1\/2&#8243;][vc_column_text css=\u00bb\u00bb]<\/p>\n<h6>SAS At\u00e9os Consulting<\/h6>\n<p>2 chemin de Fonvieille<br \/>\n81 140 Penne \u2013 France<br \/>\nT\u00e9l. : +33(0)6 23 15 85 21<br \/>\nE-mail : <a href=\"mailto:contact@ateos-consulting.com\">contact@ateos-consulting.com<\/a><br \/>\nWeb : <a href=\"https:\/\/ateos-consulting.com\/\" target=\"_blank\" rel=\"noopener\">www.ateos-consulting.com<\/a>[\/vc_column_text][\/vc_column_inner][vc_column_inner width=\u00bb1\/2&#8243;][vc_single_image image=\u00bb19550&#8243; img_size=\u00bbfull\u00bb css=\u00bb\u00bb qode_css_animation=\u00bbelement_from_right\u00bb transition_delay=\u00bb0.3&#8243;][\/vc_column_inner][\/vc_row_inner][\/vc_column][\/vc_row][vc_row css_animation=\u00bb\u00bb row_type=\u00bbrow\u00bb use_row_as_full_screen_section=\u00bbno\u00bb type=\u00bbgrid\u00bb angled_section=\u00bbno\u00bb text_align=\u00bbleft\u00bb background_image_as_pattern=\u00bbwithout_pattern\u00bb background_color=\u00bb#FFFFFF\u00bb padding_top=\u00bb90&#8243; padding_bottom=\u00bb90&#8243; z_index=\u00bb\u00bb][vc_column width=\u00bb1\/3&#8243;][vc_row_inner row_type=\u00bbrow\u00bb type=\u00bbfull_width\u00bb text_align=\u00bbright\u00bb css_animation=\u00bb\u00bb][vc_column_inner][vc_single_image image=\u00bb19570&#8243; img_size=\u00bbfull\u00bb alignment=\u00bbcenter\u00bb style=\u00bbvc_box_border_circle\u00bb qode_css_animation=\u00bbelement_from_left\u00bb transition_delay=\u00bb0.3&#8243;][vc_separator type=\u00bbtransparent\u00bb up=\u00bb21&#8243; down=\u00bb0&#8243;][\/vc_column_inner][\/vc_row_inner][\/vc_column][vc_column width=\u00bb2\/3&#8243;][vc_separator type=\u00bbtransparent\u00bb up=\u00bb12&#8243; down=\u00bb0&#8243;][vc_column_text]<\/p>\n<h2>SAMUEL BIZE<\/h2>\n<p>[\/vc_column_text][vc_separator type=\u00bbsmall\u00bb position=\u00bbleft\u00bb up=\u00bb7&#8243; down=\u00bb38&#8243;][vc_column_text]Fundador de CCMS, trabaj\u00f3 25 a\u00f1os en casa Nestl\u00e9 como choco-tecn\u00f3logo. Es un especialista en materias grasas y cristalizaci\u00f3n del chocolate, as\u00ed como instructor en este campo.[\/vc_column_text][vc_separator type=\u00bbtransparent\u00bb up=\u00bb10&#8243; down=\u00bb10&#8243;][vc_row_inner row_type=\u00bbrow\u00bb type=\u00bbfull_width\u00bb text_align=\u00bbleft\u00bb css_animation=\u00bb\u00bb][vc_column_inner width=\u00bb1\/2&#8243;][vc_column_text]<\/p>\n<h6>Chocolate and confectionery manufacture support<\/h6>\n<p>Rue de l\u2019Eglise 24<br \/>\nCH &#8211; 1618 Ch\u00e2tel St.Denis<br \/>\nE-mail : <a href=\"mailto:info@ccms-chocolate.com\">info@ccms-chocolate.comm<\/a><a href=\"http:\/\/www.datasweet.info\" target=\"_blank\" rel=\"noopener\"><br \/>\n<\/a>Web : <a href=\"http:\/\/www.ccms-chocolate.com\" target=\"_blank\" rel=\"noopener\">www.ccms-chocolate.com<\/a>[\/vc_column_text][\/vc_column_inner][vc_column_inner width=\u00bb1\/2&#8243;][vc_single_image image=\u00bb19569&#8243; img_size=\u00bbfull\u00bb qode_css_animation=\u00bbelement_from_right\u00bb transition_delay=\u00bb0.3&#8243;][\/vc_column_inner][\/vc_row_inner][\/vc_column][\/vc_row][vc_row css_animation=\u00bb\u00bb row_type=\u00bbrow\u00bb use_row_as_full_screen_section=\u00bbno\u00bb type=\u00bbgrid\u00bb angled_section=\u00bbno\u00bb text_align=\u00bbleft\u00bb background_image_as_pattern=\u00bbwithout_pattern\u00bb background_color=\u00bb#F6F6F6&#8243; padding_top=\u00bb90&#8243; padding_bottom=\u00bb90&#8243; z_index=\u00bb\u00bb][vc_column width=\u00bb1\/3&#8243;][vc_row_inner row_type=\u00bbrow\u00bb type=\u00bbfull_width\u00bb text_align=\u00bbright\u00bb css_animation=\u00bb\u00bb][vc_column_inner][vc_single_image image=\u00bb19571&#8243; img_size=\u00bbfull\u00bb alignment=\u00bbcenter\u00bb style=\u00bbvc_box_border_circle\u00bb qode_css_animation=\u00bbelement_from_left\u00bb transition_delay=\u00bb0.3&#8243;][vc_separator type=\u00bbtransparent\u00bb up=\u00bb21&#8243; down=\u00bb0&#8243;][\/vc_column_inner][\/vc_row_inner][\/vc_column][vc_column width=\u00bb2\/3&#8243;][vc_separator type=\u00bbtransparent\u00bb up=\u00bb12&#8243; down=\u00bb0&#8243;][vc_column_text]<\/p>\n<h2>Thierry Kleiber<\/h2>\n<p>[\/vc_column_text][vc_separator type=\u00bbsmall\u00bb position=\u00bbleft\u00bb up=\u00bb7&#8243; down=\u00bb38&#8243;][vc_column_text]Es \u201cCompagnon Artisan-Chocolatier\u201d en Belfort desde hace 30 a\u00f1os. Su experiencia en capacitaci\u00f3n \u2013 en particular con m\u00e1quinas One Shot \u2013 su creatividad y su ingenio, le permiten responder a cualquier solicitud.[\/vc_column_text][vc_separator type=\u00bbtransparent\u00bb up=\u00bb10&#8243; down=\u00bb10&#8243;][vc_row_inner row_type=\u00bbrow\u00bb type=\u00bbfull_width\u00bb text_align=\u00bbleft\u00bb css_animation=\u00bb\u00bb][vc_column_inner width=\u00bb1\/2&#8243;][vc_column_text]<\/p>\n<h6>Amandine et Cakao Consulting<\/h6>\n<p>60 Faubourg de France<br \/>\nF \u2013 90000 Belfort<br \/>\nT\u00e9l. : +33(0) 6 64 66 06 34<br \/>\nE-mail : <a href=\"mailto:thierry.kleiber@free.fr\">thierry.kleiber@free.fr<\/a><a href=\"http:\/\/www.datasweet.info\" target=\"_blank\" rel=\"noopener\"><br \/>\n<\/a>[\/vc_column_text][\/vc_column_inner][vc_column_inner width=\u00bb1\/2&#8243;][vc_single_image image=\u00bb19568&#8243; img_size=\u00bbfull\u00bb qode_css_animation=\u00bbelement_from_right\u00bb transition_delay=\u00bb0.3&#8243;][\/vc_column_inner][\/vc_row_inner][\/vc_column][\/vc_row][vc_row css_animation=\u00bb\u00bb row_type=\u00bbrow\u00bb use_row_as_full_screen_section=\u00bbno\u00bb type=\u00bbfull_width\u00bb angled_section=\u00bbno\u00bb text_align=\u00bbleft\u00bb background_image_as_pattern=\u00bbwithout_pattern\u00bb padding_top=\u00bb15&#8243; padding_bottom=\u00bb0&#8243; css=\u00bb.vc_custom_1481193903771{background-color: #e5a430 !important;}\u00bb][vc_column][\/vc_column][\/vc_row][vc_row css_animation=\u00bb\u00bb row_type=\u00bbrow\u00bb use_row_as_full_screen_section=\u00bbno\u00bb type=\u00bbfull_width\u00bb angled_section=\u00bbno\u00bb text_align=\u00bbleft\u00bb background_image_as_pattern=\u00bbwithout_pattern\u00bb][vc_column][vc_single_image image=\u00bb15152&#8243; img_size=\u00bbfull\u00bb alignment=\u00bbcenter\u00bb qode_css_animation=\u00bb\u00bb][\/vc_column][\/vc_row][vc_row css_animation=\u00bb\u00bb row_type=\u00bbrow\u00bb use_row_as_full_screen_section=\u00bbno\u00bb type=\u00bbfull_width\u00bb angled_section=\u00bbno\u00bb text_align=\u00bbleft\u00bb background_image_as_pattern=\u00bbwithout_pattern\u00bb padding_top=\u00bb15&#8243; padding_bottom=\u00bb0&#8243; css=\u00bb.vc_custom_1481193903771{background-color: #e5a430 !important;}\u00bb][vc_column][\/vc_column][\/vc_row]<\/p>\n<\/div>","protected":false},"excerpt":{"rendered":"<p>[vc_row css_animation=\u00bb\u00bb row_type=\u00bbrow\u00bb use_row_as_full_screen_section=\u00bbno\u00bb type=\u00bbgrid\u00bb angled_section=\u00bbno\u00bb text_align=\u00bbleft\u00bb background_image_as_pattern=\u00bbwithout_pattern\u00bb background_color=\u00bb#ffffff\u00bb padding_top=\u00bb90&#8243; padding_bottom=\u00bb90&#8243;][vc_column width=\u00bb1\/3&#8243;][vc_row_inner row_type=\u00bbrow\u00bb type=\u00bbfull_width\u00bb text_align=\u00bbright\u00bb css_animation=\u00bb\u00bb][vc_column_inner][vc_single_image image=\u00bb19572&#8243; img_size=\u00bbfull\u00bb alignment=\u00bbcenter\u00bb style=\u00bbvc_box_border_circle\u00bb qode_css_animation=\u00bbelement_from_left\u00bb transition_delay=\u00bb0.3&#8243;][vc_separator type=\u00bbtransparent\u00bb up=\u00bb21&#8243; down=\u00bb0&#8243;][\/vc_column_inner][\/vc_row_inner][\/vc_column][vc_column width=\u00bb2\/3&#8243;][vc_separator type=\u00bbtransparent\u00bb up=\u00bb12&#8243; down=\u00bb0&#8243;][vc_column_text] ANDREA PERNOT-BARRY [\/vc_column_text][vc_separator type=\u00bbsmall\u00bb position=\u00bbleft\u00bb up=\u00bb7&#8243; down=\u00bb38&#8243;][vc_column_text]Aporta al equipo su experiencia internacional en consultor\u00eda y capacitaci\u00f3n,&#8230;<\/p>\n","protected":false},"author":3,"featured_media":0,"parent":0,"menu_order":0,"comment_status":"open","ping_status":"closed","template":"full_width.php","meta":{"footnotes":""},"class_list":["post-16660","page","type-page","status-publish","hentry"],"yoast_head":"<!-- This site is optimized with the Yoast SEO plugin v27.4 - https:\/\/yoast.com\/product\/yoast-seo-wordpress\/ -->\n<title>Consultores - Fr\u00e9d\u00e9ric Menguy<\/title>\n<meta name=\"robots\" content=\"index, follow, max-snippet:-1, max-image-preview:large, max-video-preview:-1\" \/>\n<link rel=\"canonical\" href=\"https:\/\/www.fredericmenguy.fr\/es\/consultores\/\" \/>\n<meta property=\"og:locale\" content=\"es_ES\" \/>\n<meta property=\"og:type\" content=\"article\" \/>\n<meta property=\"og:title\" content=\"Consultores - Fr\u00e9d\u00e9ric Menguy\" \/>\n<meta property=\"og:description\" content=\"[vc_row css_animation=\u00bb\u00bb row_type=\u00bbrow\u00bb use_row_as_full_screen_section=\u00bbno\u00bb type=\u00bbgrid\u00bb angled_section=\u00bbno\u00bb text_align=\u00bbleft\u00bb background_image_as_pattern=\u00bbwithout_pattern\u00bb background_color=\u00bb#ffffff\u00bb padding_top=\u00bb90&#8243; padding_bottom=\u00bb90&#8243;][vc_column width=\u00bb1\/3&#8243;][vc_row_inner row_type=\u00bbrow\u00bb type=\u00bbfull_width\u00bb text_align=\u00bbright\u00bb css_animation=\u00bb\u00bb][vc_column_inner][vc_single_image image=\u00bb19572&#8243; img_size=\u00bbfull\u00bb alignment=\u00bbcenter\u00bb style=\u00bbvc_box_border_circle\u00bb qode_css_animation=\u00bbelement_from_left\u00bb transition_delay=\u00bb0.3&#8243;][vc_separator type=\u00bbtransparent\u00bb up=\u00bb21&#8243; down=\u00bb0&#8243;][\/vc_column_inner][\/vc_row_inner][\/vc_column][vc_column width=\u00bb2\/3&#8243;][vc_separator type=\u00bbtransparent\u00bb up=\u00bb12&#8243; down=\u00bb0&#8243;][vc_column_text] ANDREA PERNOT-BARRY [\/vc_column_text][vc_separator type=\u00bbsmall\u00bb position=\u00bbleft\u00bb up=\u00bb7&#8243; down=\u00bb38&#8243;][vc_column_text]Aporta al equipo su experiencia internacional en consultor\u00eda y capacitaci\u00f3n,...\" \/>\n<meta property=\"og:url\" content=\"https:\/\/www.fredericmenguy.fr\/es\/consultores\/\" \/>\n<meta property=\"og:site_name\" content=\"Fr\u00e9d\u00e9ric Menguy\" \/>\n<meta property=\"article:modified_time\" content=\"2026-03-03T08:53:35+00:00\" \/>\n<meta name=\"twitter:card\" content=\"summary_large_image\" \/>\n<meta name=\"twitter:site\" content=\"@FMenguy\" \/>\n<meta name=\"twitter:label1\" content=\"Tiempo de lectura\" \/>\n\t<meta name=\"twitter:data1\" content=\"5 minutos\" \/>\n<script type=\"application\/ld+json\" class=\"yoast-schema-graph\">{\"@context\":\"https:\\\/\\\/schema.org\",\"@graph\":[{\"@type\":\"WebPage\",\"@id\":\"https:\\\/\\\/www.fredericmenguy.fr\\\/es\\\/consultores\\\/\",\"url\":\"https:\\\/\\\/www.fredericmenguy.fr\\\/es\\\/consultores\\\/\",\"name\":\"Consultores - Fr\u00e9d\u00e9ric Menguy\",\"isPartOf\":{\"@id\":\"https:\\\/\\\/www.fredericmenguy.fr\\\/#website\"},\"datePublished\":\"2017-02-27T12:31:13+00:00\",\"dateModified\":\"2026-03-03T08:53:35+00:00\",\"breadcrumb\":{\"@id\":\"https:\\\/\\\/www.fredericmenguy.fr\\\/es\\\/consultores\\\/#breadcrumb\"},\"inLanguage\":\"es\",\"potentialAction\":[{\"@type\":\"ReadAction\",\"target\":[\"https:\\\/\\\/www.fredericmenguy.fr\\\/es\\\/consultores\\\/\"]}]},{\"@type\":\"BreadcrumbList\",\"@id\":\"https:\\\/\\\/www.fredericmenguy.fr\\\/es\\\/consultores\\\/#breadcrumb\",\"itemListElement\":[{\"@type\":\"ListItem\",\"position\":1,\"name\":\"Accueil\",\"item\":\"https:\\\/\\\/www.fredericmenguy.fr\\\/es\\\/\"},{\"@type\":\"ListItem\",\"position\":2,\"name\":\"Consultores\"}]},{\"@type\":\"WebSite\",\"@id\":\"https:\\\/\\\/www.fredericmenguy.fr\\\/#website\",\"url\":\"https:\\\/\\\/www.fredericmenguy.fr\\\/\",\"name\":\"Fr\u00e9d\u00e9ric Menguy\",\"description\":\"\",\"potentialAction\":[{\"@type\":\"SearchAction\",\"target\":{\"@type\":\"EntryPoint\",\"urlTemplate\":\"https:\\\/\\\/www.fredericmenguy.fr\\\/?s={search_term_string}\"},\"query-input\":{\"@type\":\"PropertyValueSpecification\",\"valueRequired\":true,\"valueName\":\"search_term_string\"}}],\"inLanguage\":\"es\"}]}<\/script>\n<!-- \/ Yoast SEO plugin. -->","yoast_head_json":{"title":"Consultores - Fr\u00e9d\u00e9ric Menguy","robots":{"index":"index","follow":"follow","max-snippet":"max-snippet:-1","max-image-preview":"max-image-preview:large","max-video-preview":"max-video-preview:-1"},"canonical":"https:\/\/www.fredericmenguy.fr\/es\/consultores\/","og_locale":"es_ES","og_type":"article","og_title":"Consultores - Fr\u00e9d\u00e9ric Menguy","og_description":"[vc_row css_animation=\u00bb\u00bb row_type=\u00bbrow\u00bb use_row_as_full_screen_section=\u00bbno\u00bb type=\u00bbgrid\u00bb angled_section=\u00bbno\u00bb text_align=\u00bbleft\u00bb background_image_as_pattern=\u00bbwithout_pattern\u00bb background_color=\u00bb#ffffff\u00bb padding_top=\u00bb90&#8243; padding_bottom=\u00bb90&#8243;][vc_column width=\u00bb1\/3&#8243;][vc_row_inner row_type=\u00bbrow\u00bb type=\u00bbfull_width\u00bb text_align=\u00bbright\u00bb css_animation=\u00bb\u00bb][vc_column_inner][vc_single_image image=\u00bb19572&#8243; img_size=\u00bbfull\u00bb alignment=\u00bbcenter\u00bb style=\u00bbvc_box_border_circle\u00bb qode_css_animation=\u00bbelement_from_left\u00bb transition_delay=\u00bb0.3&#8243;][vc_separator type=\u00bbtransparent\u00bb up=\u00bb21&#8243; down=\u00bb0&#8243;][\/vc_column_inner][\/vc_row_inner][\/vc_column][vc_column width=\u00bb2\/3&#8243;][vc_separator type=\u00bbtransparent\u00bb up=\u00bb12&#8243; down=\u00bb0&#8243;][vc_column_text] ANDREA PERNOT-BARRY [\/vc_column_text][vc_separator type=\u00bbsmall\u00bb position=\u00bbleft\u00bb up=\u00bb7&#8243; down=\u00bb38&#8243;][vc_column_text]Aporta al equipo su experiencia internacional en consultor\u00eda y capacitaci\u00f3n,...","og_url":"https:\/\/www.fredericmenguy.fr\/es\/consultores\/","og_site_name":"Fr\u00e9d\u00e9ric Menguy","article_modified_time":"2026-03-03T08:53:35+00:00","twitter_card":"summary_large_image","twitter_site":"@FMenguy","twitter_misc":{"Tiempo de lectura":"5 minutos"},"schema":{"@context":"https:\/\/schema.org","@graph":[{"@type":"WebPage","@id":"https:\/\/www.fredericmenguy.fr\/es\/consultores\/","url":"https:\/\/www.fredericmenguy.fr\/es\/consultores\/","name":"Consultores - Fr\u00e9d\u00e9ric Menguy","isPartOf":{"@id":"https:\/\/www.fredericmenguy.fr\/#website"},"datePublished":"2017-02-27T12:31:13+00:00","dateModified":"2026-03-03T08:53:35+00:00","breadcrumb":{"@id":"https:\/\/www.fredericmenguy.fr\/es\/consultores\/#breadcrumb"},"inLanguage":"es","potentialAction":[{"@type":"ReadAction","target":["https:\/\/www.fredericmenguy.fr\/es\/consultores\/"]}]},{"@type":"BreadcrumbList","@id":"https:\/\/www.fredericmenguy.fr\/es\/consultores\/#breadcrumb","itemListElement":[{"@type":"ListItem","position":1,"name":"Accueil","item":"https:\/\/www.fredericmenguy.fr\/es\/"},{"@type":"ListItem","position":2,"name":"Consultores"}]},{"@type":"WebSite","@id":"https:\/\/www.fredericmenguy.fr\/#website","url":"https:\/\/www.fredericmenguy.fr\/","name":"Fr\u00e9d\u00e9ric Menguy","description":"","potentialAction":[{"@type":"SearchAction","target":{"@type":"EntryPoint","urlTemplate":"https:\/\/www.fredericmenguy.fr\/?s={search_term_string}"},"query-input":{"@type":"PropertyValueSpecification","valueRequired":true,"valueName":"search_term_string"}}],"inLanguage":"es"}]}},"_links":{"self":[{"href":"https:\/\/www.fredericmenguy.fr\/es\/wp-json\/wp\/v2\/pages\/16660","targetHints":{"allow":["GET"]}}],"collection":[{"href":"https:\/\/www.fredericmenguy.fr\/es\/wp-json\/wp\/v2\/pages"}],"about":[{"href":"https:\/\/www.fredericmenguy.fr\/es\/wp-json\/wp\/v2\/types\/page"}],"author":[{"embeddable":true,"href":"https:\/\/www.fredericmenguy.fr\/es\/wp-json\/wp\/v2\/users\/3"}],"replies":[{"embeddable":true,"href":"https:\/\/www.fredericmenguy.fr\/es\/wp-json\/wp\/v2\/comments?post=16660"}],"version-history":[{"count":9,"href":"https:\/\/www.fredericmenguy.fr\/es\/wp-json\/wp\/v2\/pages\/16660\/revisions"}],"predecessor-version":[{"id":19575,"href":"https:\/\/www.fredericmenguy.fr\/es\/wp-json\/wp\/v2\/pages\/16660\/revisions\/19575"}],"wp:attachment":[{"href":"https:\/\/www.fredericmenguy.fr\/es\/wp-json\/wp\/v2\/media?parent=16660"}],"curies":[{"name":"wp","href":"https:\/\/api.w.org\/{rel}","templated":true}]}}