{"id":16527,"date":"2017-02-24T14:02:32","date_gmt":"2017-02-24T13:02:32","guid":{"rendered":"http:\/\/www.fredericmenguy.fr\/?page_id=16527\/"},"modified":"2022-06-06T15:16:07","modified_gmt":"2022-06-06T13:16:07","slug":"capacitacion-confiteros-industriales","status":"publish","type":"page","link":"https:\/\/www.fredericmenguy.fr\/es\/capacitacion-confiteros-industriales\/","title":{"rendered":"Capacitaci\u00f3n de confiteros industriales"},"content":{"rendered":"<div class=\"wpb-content-wrapper\"><p>[vc_row css_animation=\u00bb\u00bb row_type=\u00bbrow\u00bb use_row_as_full_screen_section=\u00bbno\u00bb type=\u00bbgrid\u00bb angled_section=\u00bbno\u00bb text_align=\u00bbleft\u00bb background_image_as_pattern=\u00bbwithout_pattern\u00bb background_color=\u00bb#ffffff\u00bb padding_top=\u00bb90&#8243;][vc_column][vc_column_text]<\/p>\n<h2 style=\"text-align: center;\">Capacitaci\u00f3n grageador<\/h2>\n<p>[\/vc_column_text][vc_separator type=\u00bbsmall\u00bb position=\u00bbcenter\u00bb up=\u00bb7&#8243; down=\u00bb38&#8243;][vc_column_text]<\/p>\n<h4 style=\"text-align: center;\">El organismo de capacitaci\u00f3n FMDE, estructura dirigida por <a href=\"https:\/\/www.fredericmenguy.fr\/es\/frederic-menguy-presentacion\/\">Fr\u00e9d\u00e9ric Menguy<\/a>, capacita a sus equipos en las seis operaciones de base del grageado:<\/h4>\n<p>[\/vc_column_text][vc_separator type=\u00bbtransparent\u00bb up=\u00bb0&#8243; down=\u00bb0&#8243;][\/vc_column][\/vc_row][vc_row css_animation=\u00bb\u00bb row_type=\u00bbrow\u00bb use_row_as_full_screen_section=\u00bbno\u00bb type=\u00bbgrid\u00bb angled_section=\u00bbno\u00bb text_align=\u00bbleft\u00bb background_image_as_pattern=\u00bbwithout_pattern\u00bb background_color=\u00bb#ffffff\u00bb padding_top=\u00bb30&#8243; padding_bottom=\u00bb90&#8243;][vc_column width=\u00bb1\/6&#8243;][vc_separator type=\u00bbtransparent\u00bb up=\u00bb20&#8243; down=\u00bb10&#8243;][vc_single_image image=\u00bb16390&#8243; alignment=\u00bbcenter\u00bb style=\u00bbvc_box_border_circle\u00bb qode_css_animation=\u00bb\u00bb][vc_separator type=\u00bbtransparent\u00bb up=\u00bb10&#8243;][vc_column_text]<\/p>\n<h3 style=\"text-align: center;\">01<\/h3>\n<p>[\/vc_column_text][vc_column_text]<\/p>\n<h3 style=\"text-align: center;\">Engomado<\/h3>\n<p>[\/vc_column_text][\/vc_column][vc_column width=\u00bb1\/6&#8243;][vc_separator type=\u00bbtransparent\u00bb up=\u00bb20&#8243; down=\u00bb10&#8243;][vc_single_image image=\u00bb15765&#8243; alignment=\u00bbcenter\u00bb style=\u00bbvc_box_border_circle\u00bb qode_css_animation=\u00bb\u00bb][vc_separator type=\u00bbtransparent\u00bb up=\u00bb10&#8243;][vc_column_text]<\/p>\n<h3 style=\"text-align: center;\">02<\/h3>\n<p>[\/vc_column_text][vc_column_text]<\/p>\n<h3 style=\"text-align: center;\">Grageado de chocolate<\/h3>\n<p>[\/vc_column_text][\/vc_column][vc_column width=\u00bb1\/6&#8243;][vc_separator type=\u00bbtransparent\u00bb up=\u00bb20&#8243; down=\u00bb10&#8243;][vc_single_image image=\u00bb16388&#8243; alignment=\u00bbcenter\u00bb style=\u00bbvc_box_border_circle\u00bb qode_css_animation=\u00bb\u00bb][vc_separator type=\u00bbtransparent\u00bb up=\u00bb10&#8243;][vc_column_text]<\/p>\n<h3 style=\"text-align: center;\">03<\/h3>\n<p>[\/vc_column_text][vc_column_text]<\/p>\n<h3 style=\"text-align: center;\">Grageado duro de az\u00facar y sin-az\u00facar (polioles)<\/h3>\n<p>[\/vc_column_text][\/vc_column][vc_column width=\u00bb1\/6&#8243;][vc_separator type=\u00bbtransparent\u00bb up=\u00bb20&#8243; down=\u00bb10&#8243;][vc_single_image image=\u00bb16404&#8243; alignment=\u00bbcenter\u00bb style=\u00bbvc_box_border_circle\u00bb qode_css_animation=\u00bb\u00bb][vc_separator type=\u00bbtransparent\u00bb up=\u00bb10&#8243;][vc_column_text]<\/p>\n<h3 style=\"text-align: center;\">04<\/h3>\n<p>[\/vc_column_text][vc_column_text]<\/p>\n<h3 style=\"text-align: center;\">Grageado suave<\/h3>\n<p>[\/vc_column_text][\/vc_column][vc_column width=\u00bb1\/6&#8243;][vc_separator type=\u00bbtransparent\u00bb up=\u00bb20&#8243; down=\u00bb10&#8243;][vc_single_image image=\u00bb16391&#8243; alignment=\u00bbcenter\u00bb style=\u00bbvc_box_border_circle\u00bb qode_css_animation=\u00bb\u00bb][vc_separator type=\u00bbtransparent\u00bb up=\u00bb10&#8243;][vc_column_text]<\/p>\n<h3 style=\"text-align: center;\">05<\/h3>\n<p>[\/vc_column_text][vc_column_text]<\/p>\n<h3 style=\"text-align: center;\">Coloraci\u00f3n y acabado<\/h3>\n<p>[\/vc_column_text][\/vc_column][vc_column width=\u00bb1\/6&#8243;][vc_separator type=\u00bbtransparent\u00bb up=\u00bb20&#8243; down=\u00bb10&#8243;][vc_single_image image=\u00bb16403&#8243; alignment=\u00bbcenter\u00bb style=\u00bbvc_box_border_circle\u00bb qode_css_animation=\u00bb\u00bb][vc_separator type=\u00bbtransparent\u00bb up=\u00bb10&#8243;][vc_column_text]<\/p>\n<h3 style=\"text-align: center;\">06<\/h3>\n<p>[\/vc_column_text][vc_column_text]<\/p>\n<h3 style=\"text-align: center;\">Barniz de chocolate y abrillantado de az\u00facar<\/h3>\n<p>[\/vc_column_text][\/vc_column][\/vc_row][vc_row css_animation=\u00bb\u00bb row_type=\u00bbrow\u00bb use_row_as_full_screen_section=\u00bbno\u00bb type=\u00bbgrid\u00bb angled_section=\u00bbno\u00bb text_align=\u00bbleft\u00bb background_image_as_pattern=\u00bbwithout_pattern\u00bb background_color=\u00bb#ffffff\u00bb padding_top=\u00bb0&#8243; padding_bottom=\u00bb90&#8243;][vc_column][vc_column_text]<\/p>\n<h3>El contenido de la capacitaci\u00f3n grageador est\u00e1 adaptado a los operadores en el campo.<\/h3>\n<p>La pedagog\u00eda desarrollada les permite entender todas las operaciones de base y les da los elementos que les permitir\u00e1n adquirir r\u00e1pidamente la autonom\u00eda esperada para este puesto.[\/vc_column_text][\/vc_column][\/vc_row][vc_row css_animation=\u00bb\u00bb row_type=\u00bbrow\u00bb use_row_as_full_screen_section=\u00bbno\u00bb type=\u00bbgrid\u00bb angled_section=\u00bbno\u00bb text_align=\u00bbleft\u00bb background_image_as_pattern=\u00bbwithout_pattern\u00bb background_color=\u00bb#6e6259&#8243; padding_top=\u00bb60&#8243; padding_bottom=\u00bb60&#8243;][vc_column][vc_column_text]<\/p>\n<h2 style=\"text-align: center;\"><span style=\"color: #e5a430;\">Hacer pensar a los participantes debe ser la prioridad del educador.<\/span><\/h2>\n<p>[\/vc_column_text][vc_separator type=\u00bbtransparent\u00bb up=\u00bb10&#8243; down=\u00bb10&#8243;][vc_column_text]<\/p>\n<p style=\"text-align: center;\"><span style=\"color: #ffffff;\">Fr\u00e9d\u00e9ric Menguy estima que cuando uno hace buenas preguntas, uno logra comprender lo que sucede en el bombo para grageado y as\u00ed progresar.<\/span><\/p>\n<p>[\/vc_column_text][\/vc_column][\/vc_row][vc_row css_animation=\u00bb\u00bb row_type=\u00bbrow\u00bb use_row_as_full_screen_section=\u00bbno\u00bb type=\u00bbgrid\u00bb angled_section=\u00bbno\u00bb text_align=\u00bbleft\u00bb background_image_as_pattern=\u00bbwithout_pattern\u00bb background_image=\u00bb15168&#8243; background_color=\u00bb#f6f6f6&#8243; padding_top=\u00bb90&#8243; padding_bottom=\u00bb90&#8243;][vc_column][vc_column_text]Este enfoque t\u00e9cnico de la capacitaci\u00f3n grageador es parte del marco m\u00e1s amplio de la gesti\u00f3n de las capacidades del operador de la m\u00e1quina.<\/p>\n<p>Esto significa que, durante la capacitaci\u00f3n de grageador, Fr\u00e9d\u00e9ric Menguy toma en cuenta los aspectos siguientes:[\/vc_column_text][vc_separator type=\u00bbtransparent\u00bb up=\u00bb20&#8243; down=\u00bb20&#8243;][vc_accordion style=\u00bbaccordion\u00bb][vc_accordion_tab title=\u00bbHigiene y seguridad alimentaria.\u00bb][vc_column_text]Respeto de las buenas pr\u00e1cticas de fabricaci\u00f3n, utilizaci\u00f3n del sistema HACCP en l\u00ednea con los principios dictados por las normas de la UE 178\/2002 y 852\/2004 o normas de seguridad alimentaria (ISO 22000, IFS o BRC).[\/vc_column_text][\/vc_accordion_tab][vc_accordion_tab title=\u00bbSeguridad de los operadores\u00bb][vc_column_text]Se hace hincapi\u00e9 en la necesidad de que el operador entienda los riesgos incurridos en la utilizaci\u00f3n del <a href=\"https:\/\/www.fredericmenguy.fr\/es\/capacitacion-fabricantes-bombos\/\">bombo para grageado<\/a>: protecci\u00f3n individual, respeto a los procedimientos, pero tambi\u00e9n adopci\u00f3n de movimientos y posturas adecuadas.[\/vc_column_text][\/vc_accordion_tab][vc_accordion_tab title=\u00bbGesti\u00f3n y respeto a la jerarqu\u00eda\u00bb][vc_column_text]Fr\u00e9d\u00e9ric Menguy presta especial atenci\u00f3n a no descuidar los mandos intermedios, particularmente en lo casos de una capacitaci\u00f3n interna en el lugar. Por el contrario, se asegura de implicar lo m\u00e1s posible a los l\u00edderes de gesti\u00f3n o del equipo en el contenido de la capacitaci\u00f3n<br \/>\ngrageador. Esto se logra a trav\u00e9s de una visita previa o a trav\u00e9s de una conferencia Skype que permitir\u00e1 hacer que los objetivos de la capacitaci\u00f3n coincidan con los objetivos de la direcci\u00f3n.[\/vc_column_text][\/vc_accordion_tab][\/vc_accordion][\/vc_column][\/vc_row][vc_row row_type=\u00bbparallax\u00bb parallax_content_width=\u00bbin_grid\u00bb text_align=\u00bbleft\u00bb full_screen_section_height=\u00bbno\u00bb background_image=\u00bb16419&#8243; section_height=\u00bb650&#8243;][vc_column][\/vc_column][\/vc_row][vc_row css_animation=\u00bb\u00bb row_type=\u00bbrow\u00bb use_row_as_full_screen_section=\u00bbno\u00bb type=\u00bbgrid\u00bb angled_section=\u00bbno\u00bb text_align=\u00bbleft\u00bb background_image_as_pattern=\u00bbwithout_pattern\u00bb background_color=\u00bb#ffffff\u00bb padding_top=\u00bb90&#8243; padding_bottom=\u00bb90&#8243;][vc_column][vc_column_text]<\/p>\n<h2 style=\"text-align: center;\">Capacitaci\u00f3n en grageado<\/h2>\n<p>[\/vc_column_text][vc_separator type=\u00bbsmall\u00bb position=\u00bbcenter\u00bb up=\u00bb7&#8243; down=\u00bb38&#8243;][vc_column_text]<\/p>\n<h4 style=\"text-align: center;\">destinada al personal de supervisi\u00f3n<\/h4>\n<p>[\/vc_column_text][vc_separator type=\u00bbtransparent\u00bb up=\u00bb42&#8243; down=\u00bb15&#8243;][vc_column_text]<span class='q_dropcap square' style='background-color:#6e6259;color:#ffffff;'>G<\/span>racias a su gran conocimiento del mercado franc\u00e9s y extranjero y de las problem\u00e1ticas actuales, Fr\u00e9d\u00e9ric Menguy propone capacitaciones espec\u00edficas, altamente especializadas, en el tema del grageado. A continuaci\u00f3n, algunos ejemplos de capacitaciones impartidas:<\/p>\n<p>&nbsp;<\/p>\n<p>&nbsp;<\/p>\n<h3>Voici quelques exemples de formations dispens\u00e9es :<\/h3>\n<p>[\/vc_column_text][vc_separator type=\u00bbtransparent\u00bb up=\u00bb20&#8243; down=\u00bb20&#8243;][vc_row_inner row_type=\u00bbrow\u00bb type=\u00bbfull_width\u00bb text_align=\u00bbleft\u00bb css_animation=\u00bb\u00bb][vc_column_inner width=\u00bb1\/6&#8243;][\/vc_column_inner][vc_column_inner width=\u00bb5\/6&#8243;]<div class=\"q_list number circle_number\">\n\t<\/p>\n<ul>\n<li>Comprensi\u00f3n de los fen\u00f3menos fisicoqu\u00edmicos observados durante la cristalizaci\u00f3n en el bombo.<\/li>\n<li>Revisi\u00f3n de las operaciones b\u00e1sicas de grageado y de las soluciones materiales posibles para su implementaci\u00f3n.<\/li>\n<li>Coloraci\u00f3n: panel de las soluciones actuales ofrecidas por los principales proveedores en cuanto a colorantes naturales, alimentos colorantes o soluciones para la sustituci\u00f3n del di\u00f3xido de titanio.<\/li>\n<li>Oportunidades de desarrollo de productos sobre los mercados destacando el equilibrio entre la producci\u00f3n y la comercializaci\u00f3n.<\/li>\n<\/ul>\n<p><\/div>[\/vc_column_inner][\/vc_row_inner][\/vc_column][\/vc_row][vc_row css_animation=\u00bb\u00bb row_type=\u00bbrow\u00bb use_row_as_full_screen_section=\u00bbno\u00bb type=\u00bbgrid\u00bb angled_section=\u00bbno\u00bb text_align=\u00bbleft\u00bb background_image_as_pattern=\u00bbwithout_pattern\u00bb background_color=\u00bb#f6f6f6&#8243; padding_top=\u00bb90&#8243;][vc_column width=\u00bb1\/2&#8243;][vc_row_inner row_type=\u00bbrow\u00bb type=\u00bbfull_width\u00bb text_align=\u00bbcenter\u00bb css_animation=\u00bb\u00bb][vc_column_inner][vc_separator type=\u00bbtransparent\u00bb up=\u00bb10&#8243; down=\u00bb0&#8243;][vc_column_text]<\/p>\n<h2 style=\"text-align: center;\">En nuestro Laboratorio de Aplicaciones, en un Centro de Formaci\u00f3n o en su taller<\/h2>\n<p>[\/vc_column_text][vc_separator type=\u00bbsmall\u00bb position=\u00bbcenter\u00bb up=\u00bb7&#8243; down=\u00bb38&#8243;]<div class=\"q_list number circle_number\">\n\t<\/p>\n<ul>\n<li style=\"text-align: left\">En nuestro Laboratorio: una formaci\u00f3n a medida para su equipo<\/li>\n<li style=\"text-align: left\">En el Centro de Formaci\u00f3n de Agir CRT en Burdeos<\/li>\n<li style=\"text-align: left\">En su taller para una formaci\u00f3n en su material<\/li>\n<\/ul>\n<p><\/div>[vc_column_text][\/vc_column_text][vc_separator type=\u00bbtransparent\u00bb up=\u00bb35&#8243; down=\u00bb0&#8243;][\/vc_column_inner][\/vc_row_inner]<a  itemprop=\"url\" href=\"https:\/\/www.fredericmenguy.fr\/es\/noticias\/\" target=\"_self\" data-hover-background-color=\"#ffffff\" data-hover-border-color=\"#6e6259\" data-hover-color=\"#6e6259\" class=\"qbutton  default\" style=\"color: #ffffff; border-color: #ffffff; margin: 0px 0px 0px 110px; background-color:#e5a430;\">Nuestros cursos para confiteros<\/a>[\/vc_column][vc_column width=\u00bb1\/2&#8243;][vc_single_image image=\u00bb16425&#8243; img_size=\u00bbfull\u00bb alignment=\u00bbcenter\u00bb style=\u00bbvc_box_border_circle\u00bb qode_css_animation=\u00bbelement_from_right\u00bb transition_delay=\u00bb0.3&#8243;][vc_separator type=\u00bbtransparent\u00bb up=\u00bb80&#8243; down=\u00bb8&#8243;][\/vc_column][\/vc_row][vc_row row_type=\u00bbparallax\u00bb parallax_content_width=\u00bbin_grid\u00bb text_align=\u00bbleft\u00bb full_screen_section_height=\u00bbno\u00bb background_image=\u00bb16411&#8243; section_height=\u00bb650&#8243;][vc_column][vc_separator type=\u00bbtransparent\u00bb up=\u00bb93&#8243; down=\u00bb0&#8243;][vc_row_inner row_type=\u00bbrow\u00bb type=\u00bbfull_width\u00bb text_align=\u00bbleft\u00bb css_animation=\u00bb\u00bb][vc_column_inner offset=\u00bbvc_col-lg-6 vc_col-md-6&#8243;][vc_single_image image=\u00bb16432&#8243; img_size=\u00bbfull\u00bb alignment=\u00bbcenter\u00bb style=\u00bbvc_box_border_circle\u00bb qode_css_animation=\u00bbelement_from_left\u00bb transition_delay=\u00bb0.3&#8243;][vc_separator type=\u00bbtransparent\u00bb up=\u00bb23&#8243; down=\u00bb0&#8243;][\/vc_column_inner][vc_column_inner offset=\u00bbvc_col-lg-6 vc_col-md-6&#8243;][vc_separator type=\u00bbtransparent\u00bb up=\u00bb46&#8243; down=\u00bb0&#8243;][vc_column_text]<\/p>\n<h2><span style=\"color: #ffffff;\">\u00bfBusca usted una capacitaci\u00f3n en grageado?<\/span><\/h2>\n<p>[\/vc_column_text][vc_separator type=\u00bbsmall\u00bb position=\u00bbleft\u00bb color=\u00bb#ffffff\u00bb down=\u00bb37&#8243;][vc_column_text]<\/p>\n<h4><span style=\"color: #ffffff;\">Consulte a un experto en capacitaci\u00f3n<br \/>\nen grageado de az\u00facar o chocolate<\/span><\/h4>\n<p>[\/vc_column_text][vc_separator type=\u00bbtransparent\u00bb up=\u00bb30&#8243; down=\u00bb0&#8243;][vc_column_text]<span style=\"color: #ffffff;\">Reconocido a nivel mundial como uno de los mejores expertos en grageados, hoy en d\u00eda asesora confiter\u00edas de todos los tama\u00f1os- confiter\u00edas industriales o artesanales- en Francia y otros pa\u00edses.<br \/>\n<\/span>[\/vc_column_text][vc_separator type=\u00bbtransparent\u00bb up=\u00bb40&#8243; down=\u00bb0&#8243;]<a  itemprop=\"url\" href=\"https:\/\/www.fredericmenguy.fr\/es\/contact\/\" target=\"_self\" data-hover-background-color=\"#ffffff\" data-hover-border-color=\"#ffffff\" data-hover-color=\"#303030\" class=\"qbutton  default\" style=\"color: #ffffff; border-color: #e5a430; background-color:#e5a430;\">Contactar a Fr\u00e9d\u00e9ric Menguy<\/a>[vc_separator type=\u00bbtransparent\u00bb up=\u00bb93&#8243; down=\u00bb0&#8243;][\/vc_column_inner][\/vc_row_inner][\/vc_column][\/vc_row][vc_row css_animation=\u00bb\u00bb row_type=\u00bbrow\u00bb use_row_as_full_screen_section=\u00bbno\u00bb type=\u00bbfull_width\u00bb angled_section=\u00bbno\u00bb text_align=\u00bbleft\u00bb background_image_as_pattern=\u00bbwithout_pattern\u00bb padding_top=\u00bb15&#8243; padding_bottom=\u00bb0&#8243; css=\u00bb.vc_custom_1481193892951{background-color: #e5a430 !important;}\u00bb][vc_column][\/vc_column][\/vc_row][vc_row css_animation=\u00bb\u00bb row_type=\u00bbrow\u00bb use_row_as_full_screen_section=\u00bbno\u00bb type=\u00bbfull_width\u00bb angled_section=\u00bbno\u00bb text_align=\u00bbleft\u00bb background_image_as_pattern=\u00bbwithout_pattern\u00bb][vc_column][vc_single_image image=\u00bb15425&#8243; img_size=\u00bbfull\u00bb alignment=\u00bbcenter\u00bb qode_css_animation=\u00bb\u00bb][\/vc_column][\/vc_row][vc_row css_animation=\u00bb\u00bb row_type=\u00bbrow\u00bb use_row_as_full_screen_section=\u00bbno\u00bb type=\u00bbfull_width\u00bb angled_section=\u00bbno\u00bb text_align=\u00bbleft\u00bb background_image_as_pattern=\u00bbwithout_pattern\u00bb padding_top=\u00bb15&#8243; padding_bottom=\u00bb0&#8243; css=\u00bb.vc_custom_1481193903771{background-color: #e5a430 !important;}\u00bb][vc_column][\/vc_column][\/vc_row]<\/p>\n<\/div>","protected":false},"excerpt":{"rendered":"<p>[vc_row css_animation=\u00bb\u00bb row_type=\u00bbrow\u00bb use_row_as_full_screen_section=\u00bbno\u00bb type=\u00bbgrid\u00bb angled_section=\u00bbno\u00bb text_align=\u00bbleft\u00bb background_image_as_pattern=\u00bbwithout_pattern\u00bb background_color=\u00bb#ffffff\u00bb padding_top=\u00bb90&#8243;][vc_column][vc_column_text] Capacitaci\u00f3n grageador [\/vc_column_text][vc_separator type=\u00bbsmall\u00bb position=\u00bbcenter\u00bb up=\u00bb7&#8243; down=\u00bb38&#8243;][vc_column_text] El organismo de capacitaci\u00f3n FMDE, estructura dirigida por Fr\u00e9d\u00e9ric Menguy, capacita a sus equipos en las seis operaciones de base del grageado: [\/vc_column_text][vc_separator type=\u00bbtransparent\u00bb up=\u00bb0&#8243; down=\u00bb0&#8243;][\/vc_column][\/vc_row][vc_row css_animation=\u00bb\u00bb row_type=\u00bbrow\u00bb&#8230;<\/p>\n","protected":false},"author":2,"featured_media":0,"parent":0,"menu_order":0,"comment_status":"open","ping_status":"closed","template":"full_width.php","meta":{"footnotes":""},"class_list":["post-16527","page","type-page","status-publish","hentry"],"yoast_head":"<!-- This site is optimized with the Yoast SEO plugin v27.4 - https:\/\/yoast.com\/product\/yoast-seo-wordpress\/ -->\n<title>Capacitaci\u00f3n grageador para confiteros industriales - Fr\u00e9d\u00e9ric Menguy, experto en grageado<\/title>\n<meta name=\"description\" content=\"Confiteros industriales, reciban una capacitaci\u00f3n grageador con Fr\u00e9d\u00e9ric Menguy en las 6 operaciones de grageado en todos los pa\u00edses, incluyendo Espa\u00f1a y Am\u00e9rica Latina \u2013 Montauban \u2013 Toulouse \u2013 Francia.\" \/>\n<meta name=\"robots\" content=\"index, follow, max-snippet:-1, max-image-preview:large, max-video-preview:-1\" \/>\n<link rel=\"canonical\" href=\"https:\/\/www.fredericmenguy.fr\/es\/capacitacion-confiteros-industriales\/\" \/>\n<meta property=\"og:locale\" content=\"es_ES\" \/>\n<meta property=\"og:type\" content=\"article\" \/>\n<meta property=\"og:title\" content=\"Capacitaci\u00f3n grageador para confiteros industriales - Fr\u00e9d\u00e9ric Menguy, experto en grageado\" \/>\n<meta property=\"og:description\" content=\"Confiteros industriales, reciban una capacitaci\u00f3n grageador con Fr\u00e9d\u00e9ric Menguy en las 6 operaciones de grageado en todos los pa\u00edses, incluyendo Espa\u00f1a y Am\u00e9rica Latina \u2013 Montauban \u2013 Toulouse \u2013 Francia.\" \/>\n<meta property=\"og:url\" content=\"https:\/\/www.fredericmenguy.fr\/es\/capacitacion-confiteros-industriales\/\" \/>\n<meta property=\"og:site_name\" content=\"Fr\u00e9d\u00e9ric Menguy\" \/>\n<meta property=\"article:modified_time\" content=\"2022-06-06T13:16:07+00:00\" \/>\n<meta name=\"twitter:card\" content=\"summary_large_image\" \/>\n<meta name=\"twitter:site\" content=\"@FMenguy\" \/>\n<meta name=\"twitter:label1\" content=\"Tiempo de lectura\" \/>\n\t<meta name=\"twitter:data1\" content=\"5 minutos\" \/>\n<script type=\"application\/ld+json\" class=\"yoast-schema-graph\">{\"@context\":\"https:\\\/\\\/schema.org\",\"@graph\":[{\"@type\":\"WebPage\",\"@id\":\"https:\\\/\\\/www.fredericmenguy.fr\\\/es\\\/capacitacion-confiteros-industriales\\\/\",\"url\":\"https:\\\/\\\/www.fredericmenguy.fr\\\/es\\\/capacitacion-confiteros-industriales\\\/\",\"name\":\"Capacitaci\u00f3n grageador para confiteros industriales - Fr\u00e9d\u00e9ric Menguy, experto en grageado\",\"isPartOf\":{\"@id\":\"https:\\\/\\\/www.fredericmenguy.fr\\\/#website\"},\"datePublished\":\"2017-02-24T13:02:32+00:00\",\"dateModified\":\"2022-06-06T13:16:07+00:00\",\"description\":\"Confiteros industriales, reciban una capacitaci\u00f3n grageador con Fr\u00e9d\u00e9ric Menguy en las 6 operaciones de grageado en todos los pa\u00edses, incluyendo Espa\u00f1a y Am\u00e9rica Latina \u2013 Montauban \u2013 Toulouse \u2013 Francia.\",\"breadcrumb\":{\"@id\":\"https:\\\/\\\/www.fredericmenguy.fr\\\/es\\\/capacitacion-confiteros-industriales\\\/#breadcrumb\"},\"inLanguage\":\"es\",\"potentialAction\":[{\"@type\":\"ReadAction\",\"target\":[\"https:\\\/\\\/www.fredericmenguy.fr\\\/es\\\/capacitacion-confiteros-industriales\\\/\"]}]},{\"@type\":\"BreadcrumbList\",\"@id\":\"https:\\\/\\\/www.fredericmenguy.fr\\\/es\\\/capacitacion-confiteros-industriales\\\/#breadcrumb\",\"itemListElement\":[{\"@type\":\"ListItem\",\"position\":1,\"name\":\"Accueil\",\"item\":\"https:\\\/\\\/www.fredericmenguy.fr\\\/es\\\/\"},{\"@type\":\"ListItem\",\"position\":2,\"name\":\"Capacitaci\u00f3n de confiteros industriales\"}]},{\"@type\":\"WebSite\",\"@id\":\"https:\\\/\\\/www.fredericmenguy.fr\\\/#website\",\"url\":\"https:\\\/\\\/www.fredericmenguy.fr\\\/\",\"name\":\"Fr\u00e9d\u00e9ric Menguy\",\"description\":\"\",\"potentialAction\":[{\"@type\":\"SearchAction\",\"target\":{\"@type\":\"EntryPoint\",\"urlTemplate\":\"https:\\\/\\\/www.fredericmenguy.fr\\\/?s={search_term_string}\"},\"query-input\":{\"@type\":\"PropertyValueSpecification\",\"valueRequired\":true,\"valueName\":\"search_term_string\"}}],\"inLanguage\":\"es\"}]}<\/script>\n<!-- \/ Yoast SEO plugin. -->","yoast_head_json":{"title":"Capacitaci\u00f3n grageador para confiteros industriales - Fr\u00e9d\u00e9ric Menguy, experto en grageado","description":"Confiteros industriales, reciban una capacitaci\u00f3n grageador con Fr\u00e9d\u00e9ric Menguy en las 6 operaciones de grageado en todos los pa\u00edses, incluyendo Espa\u00f1a y Am\u00e9rica Latina \u2013 Montauban \u2013 Toulouse \u2013 Francia.","robots":{"index":"index","follow":"follow","max-snippet":"max-snippet:-1","max-image-preview":"max-image-preview:large","max-video-preview":"max-video-preview:-1"},"canonical":"https:\/\/www.fredericmenguy.fr\/es\/capacitacion-confiteros-industriales\/","og_locale":"es_ES","og_type":"article","og_title":"Capacitaci\u00f3n grageador para confiteros industriales - Fr\u00e9d\u00e9ric Menguy, experto en grageado","og_description":"Confiteros industriales, reciban una capacitaci\u00f3n grageador con Fr\u00e9d\u00e9ric Menguy en las 6 operaciones de grageado en todos los pa\u00edses, incluyendo Espa\u00f1a y Am\u00e9rica Latina \u2013 Montauban \u2013 Toulouse \u2013 Francia.","og_url":"https:\/\/www.fredericmenguy.fr\/es\/capacitacion-confiteros-industriales\/","og_site_name":"Fr\u00e9d\u00e9ric Menguy","article_modified_time":"2022-06-06T13:16:07+00:00","twitter_card":"summary_large_image","twitter_site":"@FMenguy","twitter_misc":{"Tiempo de lectura":"5 minutos"},"schema":{"@context":"https:\/\/schema.org","@graph":[{"@type":"WebPage","@id":"https:\/\/www.fredericmenguy.fr\/es\/capacitacion-confiteros-industriales\/","url":"https:\/\/www.fredericmenguy.fr\/es\/capacitacion-confiteros-industriales\/","name":"Capacitaci\u00f3n grageador para confiteros industriales - Fr\u00e9d\u00e9ric Menguy, experto en grageado","isPartOf":{"@id":"https:\/\/www.fredericmenguy.fr\/#website"},"datePublished":"2017-02-24T13:02:32+00:00","dateModified":"2022-06-06T13:16:07+00:00","description":"Confiteros industriales, reciban una capacitaci\u00f3n grageador con Fr\u00e9d\u00e9ric Menguy en las 6 operaciones de grageado en todos los pa\u00edses, incluyendo Espa\u00f1a y Am\u00e9rica Latina \u2013 Montauban \u2013 Toulouse \u2013 Francia.","breadcrumb":{"@id":"https:\/\/www.fredericmenguy.fr\/es\/capacitacion-confiteros-industriales\/#breadcrumb"},"inLanguage":"es","potentialAction":[{"@type":"ReadAction","target":["https:\/\/www.fredericmenguy.fr\/es\/capacitacion-confiteros-industriales\/"]}]},{"@type":"BreadcrumbList","@id":"https:\/\/www.fredericmenguy.fr\/es\/capacitacion-confiteros-industriales\/#breadcrumb","itemListElement":[{"@type":"ListItem","position":1,"name":"Accueil","item":"https:\/\/www.fredericmenguy.fr\/es\/"},{"@type":"ListItem","position":2,"name":"Capacitaci\u00f3n de confiteros industriales"}]},{"@type":"WebSite","@id":"https:\/\/www.fredericmenguy.fr\/#website","url":"https:\/\/www.fredericmenguy.fr\/","name":"Fr\u00e9d\u00e9ric Menguy","description":"","potentialAction":[{"@type":"SearchAction","target":{"@type":"EntryPoint","urlTemplate":"https:\/\/www.fredericmenguy.fr\/?s={search_term_string}"},"query-input":{"@type":"PropertyValueSpecification","valueRequired":true,"valueName":"search_term_string"}}],"inLanguage":"es"}]}},"_links":{"self":[{"href":"https:\/\/www.fredericmenguy.fr\/es\/wp-json\/wp\/v2\/pages\/16527","targetHints":{"allow":["GET"]}}],"collection":[{"href":"https:\/\/www.fredericmenguy.fr\/es\/wp-json\/wp\/v2\/pages"}],"about":[{"href":"https:\/\/www.fredericmenguy.fr\/es\/wp-json\/wp\/v2\/types\/page"}],"author":[{"embeddable":true,"href":"https:\/\/www.fredericmenguy.fr\/es\/wp-json\/wp\/v2\/users\/2"}],"replies":[{"embeddable":true,"href":"https:\/\/www.fredericmenguy.fr\/es\/wp-json\/wp\/v2\/comments?post=16527"}],"version-history":[{"count":33,"href":"https:\/\/www.fredericmenguy.fr\/es\/wp-json\/wp\/v2\/pages\/16527\/revisions"}],"predecessor-version":[{"id":18964,"href":"https:\/\/www.fredericmenguy.fr\/es\/wp-json\/wp\/v2\/pages\/16527\/revisions\/18964"}],"wp:attachment":[{"href":"https:\/\/www.fredericmenguy.fr\/es\/wp-json\/wp\/v2\/media?parent=16527"}],"curies":[{"name":"wp","href":"https:\/\/api.w.org\/{rel}","templated":true}]}}