{"id":16159,"date":"2017-01-04T15:17:19","date_gmt":"2017-01-04T14:17:19","guid":{"rendered":"http:\/\/www.fredericmenguy.fr\/?page_id=16159\/"},"modified":"2022-06-08T10:39:08","modified_gmt":"2022-06-08T08:39:08","slug":"artisan-chocolatier","status":"publish","type":"page","link":"https:\/\/www.fredericmenguy.fr\/en\/artisan-chocolatier\/","title":{"rendered":"Artisan chocolatier"},"content":{"rendered":"<div class=\"wpb-content-wrapper\"><p>[vc_row css_animation=&#8221;&#8221; row_type=&#8221;row&#8221; use_row_as_full_screen_section=&#8221;no&#8221; type=&#8221;grid&#8221; angled_section=&#8221;no&#8221; text_align=&#8221;left&#8221; background_image_as_pattern=&#8221;without_pattern&#8221; background_color=&#8221;#ffffff&#8221; padding_top=&#8221;90&#8243; padding_bottom=&#8221;90&#8243;][vc_column][vc_column_text]<\/p>\n<h2 style=\"text-align: center;\">Advice and training on chocolate pan<\/h2>\n<p>[\/vc_column_text][vc_separator type=&#8221;small&#8221; position=&#8221;center&#8221; up=&#8221;7&#8243; down=&#8221;38&#8243;][vc_column_text]<\/p>\n<h4 style=\"text-align: center;\">for artisan chocolate makers<\/h4>\n<p>[\/vc_column_text][vc_separator type=&#8221;transparent&#8221; up=&#8221;60&#8243; down=&#8221;10&#8243;][vc_column_text]<span class='q_dropcap square' style='background-color:#6e6259;color:#ffffff;'>F<\/span><strong>r\u00e9d\u00e9ric Menguy can offer a global approach including equipment, raw material and know-how. <\/strong>You would like to create or increase the size of a chocolate panning workshop. You need to invest but you are hesitating between a belt coater or a classical pan, air treatment by dehumidification or dehydration, doing or not doing precoating on your dried centers, onsite or offsite training for your staff.<\/p>\n<p>&nbsp;<\/p>\n<p>Through his experience acquired in industrial environment, Fr\u00e9d\u00e9ric Menguy can support you in making your choices and building your project. He can assist you in doing the budget study of your future panned chocolate products workshop. He can also assist you in sizing your chocolate pan and supervising your project during installation.[\/vc_column_text][\/vc_column][\/vc_row][vc_row css_animation=&#8221;&#8221; row_type=&#8221;row&#8221; use_row_as_full_screen_section=&#8221;no&#8221; type=&#8221;full_width&#8221; angled_section=&#8221;no&#8221; text_align=&#8221;left&#8221; background_image_as_pattern=&#8221;without_pattern&#8221; background_image=&#8221;16427&#8243; padding_top=&#8221;650&#8243;][vc_column][\/vc_column][\/vc_row][vc_row css_animation=&#8221;&#8221; row_type=&#8221;row&#8221; use_row_as_full_screen_section=&#8221;no&#8221; type=&#8221;grid&#8221; angled_section=&#8221;no&#8221; text_align=&#8221;left&#8221; background_image_as_pattern=&#8221;without_pattern&#8221; background_image=&#8221;15168&#8243; background_color=&#8221;#f6f6f6&#8243; padding_top=&#8221;90&#8243; padding_bottom=&#8221;90&#8243;][vc_column][vc_column_text]<\/p>\n<h2 style=\"text-align: center;\">Training adapted to artisan chocolate makers<\/h2>\n<p>[\/vc_column_text][vc_separator type=&#8221;small&#8221; position=&#8221;center&#8221; up=&#8221;7&#8243; down=&#8221;38&#8243;][vc_column_text]<\/p>\n<h4 style=\"text-align: center;\">To enable you to quickly acquire the skills needed in chocolate panned products making, three options are available:<\/h4>\n<p>[\/vc_column_text][vc_separator type=&#8221;transparent&#8221; up=&#8221;42&#8243; down=&#8221;15&#8243;][vc_row_inner row_type=&#8221;row&#8221; type=&#8221;full_width&#8221; text_align=&#8221;left&#8221; css_animation=&#8221;&#8221;][vc_column_inner width=&#8221;1\/3&#8243;]<div class='q_icon_with_title medium circle '><div class=\"icon_holder \" style=\" \"><span data-icon-type=\"circle\" class=\"qode_iwt_icon_holder fa-stack fa-3x  \"><i class=\"qode_icon_font_awesome fa fa-hand-paper-o qode_iwt_icon_element\"><\/i><\/span><\/div><div class=\"icon_text_holder\" style=\"\"><div class=\"icon_text_inner\" style=\"\"><h5 class=\"icon_title\" style=\"\">A three-day technical training course in Montauban \/ France exclusively reserved to the production of chocolate panned products.<\/h5><p style=''>He works in collaboration with the National Confederation of chocolate makers and Chamber of Trade of Montauban. The practical part in an industrial environment represents more than half of the training course.<\/p><\/div><\/div><\/div>[vc_separator type=&#8221;transparent&#8221; up=&#8221;40&#8243; down=&#8221;0&#8243;][\/vc_column_inner][vc_column_inner width=&#8221;1\/3&#8243;]<div class='q_icon_with_title medium circle '><div class=\"icon_holder \" style=\" \"><span data-icon-type=\"circle\" class=\"qode_iwt_icon_holder fa-stack fa-3x  \"><i class=\"qode_icon_font_awesome fa fa-eye qode_iwt_icon_element\"><\/i><\/span><\/div><div class=\"icon_text_holder\" style=\"\"><div class=\"icon_text_inner\" style=\"\"><h5 class=\"icon_title\" style=\"\">A three-day hands-on training in your facilities using your equipment<\/h5><p style=''>which will enable you to produce immediately after. This product can be chocolate panned product, sugar panned product or a mixture of both technics (Vienna type products)<\/p><\/div><\/div><\/div>[vc_separator type=&#8221;transparent&#8221; up=&#8221;40&#8243; down=&#8221;0&#8243;][\/vc_column_inner][vc_column_inner width=&#8221;1\/3&#8243;]<div class='q_icon_with_title medium circle '><div class=\"icon_holder \" style=\" \"><span data-icon-type=\"circle\" class=\"qode_iwt_icon_holder fa-stack fa-3x  \"><i class=\"qode_icon_font_awesome fa fa-hand-paper-o qode_iwt_icon_element\"><\/i><\/span><\/div><div class=\"icon_text_holder\" style=\"\"><div class=\"icon_text_inner\" style=\"\"><h5 class=\"icon_title\" style=\"\">A technical tailor-made course in his Application Laboratory<\/h5><p style=''>which allow you to meet your specific needs very quickly.<\/p><\/div><\/div><\/div>[vc_separator type=&#8221;transparent&#8221; up=&#8221;5&#8243; down=&#8221;0&#8243;]<a  itemprop=\"url\" href=\"https:\/\/www.fredericmenguy.fr\/en\/application-lab\/#training\" target=\"_self\" data-hover-background-color=\"#ffffff\" data-hover-border-color=\"#6e6259\" data-hover-color=\"#6e6259\" class=\"qbutton  small default\" style=\"color: #ffffff; border-color: #e5a430; margin: 0px 0px 0px 118px; background-color:#e5a430;\">Application Laboratory<\/a>[vc_separator type=&#8221;transparent&#8221; up=&#8221;40&#8243; down=&#8221;0&#8243;][\/vc_column_inner][\/vc_row_inner][vc_column_text]In both cases, the training method developed by Fr\u00e9d\u00e9ric Menguy will enable you to understand quickly the existing parameters during the production of chocolate panned products (polishing finish), to understand the influence of each parameters on the result and finally be able to invest in an efficient chocolate pan and\/or be able to produce reliably.[\/vc_column_text][\/vc_column][\/vc_row][vc_row css_animation=&#8221;&#8221; row_type=&#8221;row&#8221; use_row_as_full_screen_section=&#8221;no&#8221; type=&#8221;grid&#8221; angled_section=&#8221;no&#8221; text_align=&#8221;left&#8221; background_image_as_pattern=&#8221;without_pattern&#8221; background_color=&#8221;#6e6259&#8243; padding_top=&#8221;60&#8243; padding_bottom=&#8221;60&#8243;][vc_column][vc_column_text]<\/p>\n<h2 style=\"text-align: center;\"><span style=\"color: #e5a430;\">Attached to management principles by quality,<\/span><\/h2>\n<p>[\/vc_column_text][vc_separator type=&#8221;transparent&#8221; up=&#8221;10&#8243; down=&#8221;10&#8243;][vc_column_text]<\/p>\n<p style=\"text-align: center;\"><span style=\"color: #ffffff;\">Fr\u00e9d\u00e9ric Menguy offers solutions which respect your quality approach. To make sure that solutions proposed to solve your manufacturing problems last in time, he uses the following : on continuing improvement approach, on active staff participation, on food safety and hygiene legislation.<\/span><\/p>\n<p>[\/vc_column_text][\/vc_column][\/vc_row][vc_row css_animation=&#8221;&#8221; row_type=&#8221;row&#8221; use_row_as_full_screen_section=&#8221;no&#8221; type=&#8221;grid&#8221; angled_section=&#8221;no&#8221; text_align=&#8221;left&#8221; background_image_as_pattern=&#8221;without_pattern&#8221; background_color=&#8221;#ffffff&#8221; padding_top=&#8221;90&#8243; padding_bottom=&#8221;90&#8243;][vc_column][vc_column_text]<\/p>\n<h2 style=\"text-align: center;\">Training possibilities<\/h2>\n<p>[\/vc_column_text][vc_separator type=&#8221;small&#8221; position=&#8221;center&#8221; up=&#8221;7&#8243; down=&#8221;38&#8243;][vc_column_text]<\/p>\n<h4 style=\"text-align: center;\">You will find below the 2 distinct parts of mission: advice \u2013 training, but bear in minds that his actions combine both aspects of on-going improvement.<\/h4>\n<p>[\/vc_column_text][vc_separator type=&#8221;transparent&#8221; up=&#8221;42&#8243; down=&#8221;15&#8243;][vc_column_text]\n<table id=\"tablepress-14\" class=\"tablepress tablepress-id-14\">\n<thead>\n<tr class=\"row-1\">\n\t<th class=\"column-1\">ADVICE<\/th><th class=\"column-2\">TRAINING<\/th>\n<\/tr>\n<\/thead>\n<tbody class=\"row-striping row-hover\">\n<tr class=\"row-2\">\n\t<td class=\"column-1\"><strong>Helping you to :<\/strong><br \/>\n\u2022 Define the provisional budget of your projects, size your installation.<br \/>\n\u2022 Choose equipment and supervise set-ups.<br \/>\n\u2022 Design + develop your innovative panned products.<br \/>\n\u2022 Work with raw materials (choice specifications, supplier research)<br \/>\n\u2022 Solve technical and operations problems (reduce costs, waste, capacity losses)<br \/>\n\u2022 Industrialize traditional process<br \/>\n<br \/>\n<strong>Guide your team in :<\/strong><br \/>\n\u2022 Set-up of proposed solutions<br \/>\n\u2022 Increase skill level of the operators<br \/>\n\u2022 Quality, hygiene and food safety approach (ISO22000, IFS &amp; BRC certifications)<\/td><td class=\"column-2\"><strong>Train your teams of the 6 steps of pan coating :<\/strong><br \/>\n\u2022 Gumming<br \/>\n\u2022 Chocolate coating<br \/>\n\u2022 Sugar or sugar-free hard panning<br \/>\n\u2022 Soft panning<br \/>\n\u2022 Colouring and finishing<br \/>\n\u2022 Chocolate or sugar polishing<br \/>\n<br \/>\n<strong>Training contents are tailor-made for all type of audience :<\/strong><br \/>\n\u2022 Fields operators<br \/>\n\u2022 R&amp;D technicians<br \/>\n\u2022 Quality teams<br \/>\n\u2022 Maintenance teams<br \/>\n<br \/>\n<strong>Training sessions are carried out in your facilities or in one of your partner centres, in France or in Germany.<\/strong><br \/>\n<\/td>\n<\/tr>\n<\/tbody>\n<\/table>\n<!-- #tablepress-14 from cache -->[\/vc_column_text][vc_column_text]Available in French, English and Spanish.[\/vc_column_text][\/vc_column][\/vc_row][vc_row row_type=&#8221;parallax&#8221; parallax_content_width=&#8221;in_grid&#8221; text_align=&#8221;left&#8221; full_screen_section_height=&#8221;no&#8221; background_image=&#8221;16411&#8243; section_height=&#8221;650&#8243;][vc_column][vc_separator type=&#8221;transparent&#8221; up=&#8221;93&#8243; down=&#8221;0&#8243;][vc_row_inner row_type=&#8221;row&#8221; type=&#8221;full_width&#8221; text_align=&#8221;left&#8221; css_animation=&#8221;&#8221;][vc_column_inner offset=&#8221;vc_col-lg-6 vc_col-md-6&#8243;][vc_single_image image=&#8221;16432&#8243; img_size=&#8221;full&#8221; alignment=&#8221;center&#8221; style=&#8221;vc_box_border_circle&#8221; qode_css_animation=&#8221;element_from_left&#8221; transition_delay=&#8221;0.3&#8243;][vc_separator type=&#8221;transparent&#8221; up=&#8221;23&#8243; down=&#8221;0&#8243;][\/vc_column_inner][vc_column_inner offset=&#8221;vc_col-lg-6 vc_col-md-6&#8243;][vc_separator type=&#8221;transparent&#8221; up=&#8221;46&#8243; down=&#8221;0&#8243;][vc_column_text]<\/p>\n<h2><span style=\"color: #ffffff;\">Do you have a project ?<\/span><\/h2>\n<p>[\/vc_column_text][vc_separator type=&#8221;small&#8221; position=&#8221;left&#8221; color=&#8221;#ffffff&#8221; down=&#8221;37&#8243;][vc_column_text]<\/p>\n<h4><span style=\"color: #ffffff;\">Get expert advice and training on chocolate pans for artisan chocolatiers.<\/span><\/h4>\n<p>[\/vc_column_text][vc_separator type=&#8221;transparent&#8221; up=&#8221;30&#8243; down=&#8221;0&#8243;][vc_column_text]<span style=\"color: #ffffff;\">Today recognized as one of the best experts in pan coating, he guides industrial confectioners and artisan chocolatiers in their development in France as well as internationally.<br \/>\n<\/span>[\/vc_column_text][vc_separator type=&#8221;transparent&#8221; up=&#8221;40&#8243; down=&#8221;0&#8243;]<a  itemprop=\"url\" href=\"https:\/\/www.fredericmenguy.fr\/en\/contact\/\" target=\"_self\" data-hover-background-color=\"#ffffff\" data-hover-border-color=\"#ffffff\" data-hover-color=\"#303030\" class=\"qbutton  default\" style=\"color: #ffffff; border-color: #e5a430; background-color:#e5a430;\">Contact Fr\u00e9d\u00e9ric Menguy<\/a>[vc_separator type=&#8221;transparent&#8221; up=&#8221;93&#8243; down=&#8221;0&#8243;][\/vc_column_inner][\/vc_row_inner][\/vc_column][\/vc_row][vc_row css_animation=&#8221;&#8221; row_type=&#8221;row&#8221; use_row_as_full_screen_section=&#8221;no&#8221; type=&#8221;full_width&#8221; angled_section=&#8221;no&#8221; text_align=&#8221;left&#8221; background_image_as_pattern=&#8221;without_pattern&#8221; padding_top=&#8221;15&#8243; padding_bottom=&#8221;0&#8243; css=&#8221;.vc_custom_1481193892951{background-color: #e5a430 !important;}&#8221;][vc_column][\/vc_column][\/vc_row][vc_row css_animation=&#8221;&#8221; row_type=&#8221;row&#8221; use_row_as_full_screen_section=&#8221;no&#8221; type=&#8221;full_width&#8221; angled_section=&#8221;no&#8221; text_align=&#8221;left&#8221; background_image_as_pattern=&#8221;without_pattern&#8221;][vc_column][vc_single_image image=&#8221;15421&#8243; img_size=&#8221;full&#8221; alignment=&#8221;center&#8221; qode_css_animation=&#8221;&#8221;][\/vc_column][\/vc_row][vc_row css_animation=&#8221;&#8221; row_type=&#8221;row&#8221; use_row_as_full_screen_section=&#8221;no&#8221; type=&#8221;full_width&#8221; angled_section=&#8221;no&#8221; text_align=&#8221;left&#8221; background_image_as_pattern=&#8221;without_pattern&#8221; padding_top=&#8221;15&#8243; padding_bottom=&#8221;0&#8243; css=&#8221;.vc_custom_1481193903771{background-color: #e5a430 !important;}&#8221;][vc_column][\/vc_column][\/vc_row]<\/p>\n<\/div>","protected":false},"excerpt":{"rendered":"<p>[vc_row css_animation=&#8221;&#8221; row_type=&#8221;row&#8221; use_row_as_full_screen_section=&#8221;no&#8221; type=&#8221;grid&#8221; angled_section=&#8221;no&#8221; text_align=&#8221;left&#8221; background_image_as_pattern=&#8221;without_pattern&#8221; background_color=&#8221;#ffffff&#8221; padding_top=&#8221;90&#8243; padding_bottom=&#8221;90&#8243;][vc_column][vc_column_text] Advice and training on chocolate pan [\/vc_column_text][vc_separator type=&#8221;small&#8221; position=&#8221;center&#8221; up=&#8221;7&#8243; down=&#8221;38&#8243;][vc_column_text] for artisan chocolate makers [\/vc_column_text][vc_separator type=&#8221;transparent&#8221; up=&#8221;60&#8243; down=&#8221;10&#8243;][vc_column_text]r\u00e9d\u00e9ric Menguy can offer a global approach including equipment, raw material and know-how. You would like&#8230;<\/p>\n","protected":false},"author":2,"featured_media":0,"parent":0,"menu_order":0,"comment_status":"open","ping_status":"closed","template":"full_width.php","meta":{"footnotes":""},"class_list":["post-16159","page","type-page","status-publish","hentry"],"yoast_head":"<!-- This site is optimized with the Yoast SEO plugin v27.4 - https:\/\/yoast.com\/product\/yoast-seo-wordpress\/ -->\n<title>Artisan chocolatier on chocolate pan \u2013 Fr\u00e9d\u00e9ric Menguy, pan coating expert<\/title>\n<meta name=\"description\" content=\"Advice and training for artisans chocolatiers on chocolate pan with Fr\u00e9d\u00e9ric Menguy, In France or anywhere in the world \u2013 Montauban - France\" \/>\n<meta name=\"robots\" content=\"index, follow, max-snippet:-1, max-image-preview:large, max-video-preview:-1\" \/>\n<link rel=\"canonical\" href=\"https:\/\/www.fredericmenguy.fr\/en\/artisan-chocolatier\/\" \/>\n<meta property=\"og:locale\" content=\"en_US\" \/>\n<meta property=\"og:type\" content=\"article\" \/>\n<meta property=\"og:title\" content=\"Artisan chocolatier on chocolate pan \u2013 Fr\u00e9d\u00e9ric Menguy, pan coating expert\" \/>\n<meta property=\"og:description\" content=\"Advice and training for artisans chocolatiers on chocolate pan with Fr\u00e9d\u00e9ric Menguy, In France or anywhere in the world \u2013 Montauban - France\" \/>\n<meta property=\"og:url\" content=\"https:\/\/www.fredericmenguy.fr\/en\/artisan-chocolatier\/\" \/>\n<meta property=\"og:site_name\" content=\"Fr\u00e9d\u00e9ric Menguy\" \/>\n<meta property=\"article:modified_time\" content=\"2022-06-08T08:39:08+00:00\" \/>\n<meta name=\"twitter:card\" content=\"summary_large_image\" \/>\n<meta name=\"twitter:site\" content=\"@FMenguy\" \/>\n<meta name=\"twitter:label1\" content=\"Est. reading time\" \/>\n\t<meta name=\"twitter:data1\" content=\"4 minutes\" \/>\n<script type=\"application\/ld+json\" class=\"yoast-schema-graph\">{\"@context\":\"https:\\\/\\\/schema.org\",\"@graph\":[{\"@type\":\"WebPage\",\"@id\":\"https:\\\/\\\/www.fredericmenguy.fr\\\/en\\\/artisan-chocolatier\\\/\",\"url\":\"https:\\\/\\\/www.fredericmenguy.fr\\\/en\\\/artisan-chocolatier\\\/\",\"name\":\"Artisan chocolatier on chocolate pan \u2013 Fr\u00e9d\u00e9ric Menguy, pan coating expert\",\"isPartOf\":{\"@id\":\"https:\\\/\\\/www.fredericmenguy.fr\\\/#website\"},\"datePublished\":\"2017-01-04T14:17:19+00:00\",\"dateModified\":\"2022-06-08T08:39:08+00:00\",\"description\":\"Advice and training for artisans chocolatiers on chocolate pan with Fr\u00e9d\u00e9ric Menguy, In France or anywhere in the world \u2013 Montauban - France\",\"breadcrumb\":{\"@id\":\"https:\\\/\\\/www.fredericmenguy.fr\\\/en\\\/artisan-chocolatier\\\/#breadcrumb\"},\"inLanguage\":\"en-US\",\"potentialAction\":[{\"@type\":\"ReadAction\",\"target\":[\"https:\\\/\\\/www.fredericmenguy.fr\\\/en\\\/artisan-chocolatier\\\/\"]}]},{\"@type\":\"BreadcrumbList\",\"@id\":\"https:\\\/\\\/www.fredericmenguy.fr\\\/en\\\/artisan-chocolatier\\\/#breadcrumb\",\"itemListElement\":[{\"@type\":\"ListItem\",\"position\":1,\"name\":\"Accueil\",\"item\":\"https:\\\/\\\/www.fredericmenguy.fr\\\/en\\\/\"},{\"@type\":\"ListItem\",\"position\":2,\"name\":\"Artisan chocolatier\"}]},{\"@type\":\"WebSite\",\"@id\":\"https:\\\/\\\/www.fredericmenguy.fr\\\/#website\",\"url\":\"https:\\\/\\\/www.fredericmenguy.fr\\\/\",\"name\":\"Fr\u00e9d\u00e9ric Menguy\",\"description\":\"\",\"potentialAction\":[{\"@type\":\"SearchAction\",\"target\":{\"@type\":\"EntryPoint\",\"urlTemplate\":\"https:\\\/\\\/www.fredericmenguy.fr\\\/?s={search_term_string}\"},\"query-input\":{\"@type\":\"PropertyValueSpecification\",\"valueRequired\":true,\"valueName\":\"search_term_string\"}}],\"inLanguage\":\"en-US\"}]}<\/script>\n<!-- \/ Yoast SEO plugin. -->","yoast_head_json":{"title":"Artisan chocolatier on chocolate pan \u2013 Fr\u00e9d\u00e9ric Menguy, pan coating expert","description":"Advice and training for artisans chocolatiers on chocolate pan with Fr\u00e9d\u00e9ric Menguy, In France or anywhere in the world \u2013 Montauban - France","robots":{"index":"index","follow":"follow","max-snippet":"max-snippet:-1","max-image-preview":"max-image-preview:large","max-video-preview":"max-video-preview:-1"},"canonical":"https:\/\/www.fredericmenguy.fr\/en\/artisan-chocolatier\/","og_locale":"en_US","og_type":"article","og_title":"Artisan chocolatier on chocolate pan \u2013 Fr\u00e9d\u00e9ric Menguy, pan coating expert","og_description":"Advice and training for artisans chocolatiers on chocolate pan with Fr\u00e9d\u00e9ric Menguy, In France or anywhere in the world \u2013 Montauban - France","og_url":"https:\/\/www.fredericmenguy.fr\/en\/artisan-chocolatier\/","og_site_name":"Fr\u00e9d\u00e9ric Menguy","article_modified_time":"2022-06-08T08:39:08+00:00","twitter_card":"summary_large_image","twitter_site":"@FMenguy","twitter_misc":{"Est. reading time":"4 minutes"},"schema":{"@context":"https:\/\/schema.org","@graph":[{"@type":"WebPage","@id":"https:\/\/www.fredericmenguy.fr\/en\/artisan-chocolatier\/","url":"https:\/\/www.fredericmenguy.fr\/en\/artisan-chocolatier\/","name":"Artisan chocolatier on chocolate pan \u2013 Fr\u00e9d\u00e9ric Menguy, pan coating expert","isPartOf":{"@id":"https:\/\/www.fredericmenguy.fr\/#website"},"datePublished":"2017-01-04T14:17:19+00:00","dateModified":"2022-06-08T08:39:08+00:00","description":"Advice and training for artisans chocolatiers on chocolate pan with Fr\u00e9d\u00e9ric Menguy, In France or anywhere in the world \u2013 Montauban - France","breadcrumb":{"@id":"https:\/\/www.fredericmenguy.fr\/en\/artisan-chocolatier\/#breadcrumb"},"inLanguage":"en-US","potentialAction":[{"@type":"ReadAction","target":["https:\/\/www.fredericmenguy.fr\/en\/artisan-chocolatier\/"]}]},{"@type":"BreadcrumbList","@id":"https:\/\/www.fredericmenguy.fr\/en\/artisan-chocolatier\/#breadcrumb","itemListElement":[{"@type":"ListItem","position":1,"name":"Accueil","item":"https:\/\/www.fredericmenguy.fr\/en\/"},{"@type":"ListItem","position":2,"name":"Artisan chocolatier"}]},{"@type":"WebSite","@id":"https:\/\/www.fredericmenguy.fr\/#website","url":"https:\/\/www.fredericmenguy.fr\/","name":"Fr\u00e9d\u00e9ric Menguy","description":"","potentialAction":[{"@type":"SearchAction","target":{"@type":"EntryPoint","urlTemplate":"https:\/\/www.fredericmenguy.fr\/?s={search_term_string}"},"query-input":{"@type":"PropertyValueSpecification","valueRequired":true,"valueName":"search_term_string"}}],"inLanguage":"en-US"}]}},"_links":{"self":[{"href":"https:\/\/www.fredericmenguy.fr\/en\/wp-json\/wp\/v2\/pages\/16159","targetHints":{"allow":["GET"]}}],"collection":[{"href":"https:\/\/www.fredericmenguy.fr\/en\/wp-json\/wp\/v2\/pages"}],"about":[{"href":"https:\/\/www.fredericmenguy.fr\/en\/wp-json\/wp\/v2\/types\/page"}],"author":[{"embeddable":true,"href":"https:\/\/www.fredericmenguy.fr\/en\/wp-json\/wp\/v2\/users\/2"}],"replies":[{"embeddable":true,"href":"https:\/\/www.fredericmenguy.fr\/en\/wp-json\/wp\/v2\/comments?post=16159"}],"version-history":[{"count":18,"href":"https:\/\/www.fredericmenguy.fr\/en\/wp-json\/wp\/v2\/pages\/16159\/revisions"}],"predecessor-version":[{"id":19110,"href":"https:\/\/www.fredericmenguy.fr\/en\/wp-json\/wp\/v2\/pages\/16159\/revisions\/19110"}],"wp:attachment":[{"href":"https:\/\/www.fredericmenguy.fr\/en\/wp-json\/wp\/v2\/media?parent=16159"}],"curies":[{"name":"wp","href":"https:\/\/api.w.org\/{rel}","templated":true}]}}