{"id":16155,"date":"2017-01-04T15:15:11","date_gmt":"2017-01-04T14:15:11","guid":{"rendered":"http:\/\/www.fredericmenguy.fr\/?page_id=16155\/"},"modified":"2017-01-18T09:31:49","modified_gmt":"2017-01-18T08:31:49","slug":"case-studies","status":"publish","type":"page","link":"https:\/\/www.fredericmenguy.fr\/en\/case-studies\/","title":{"rendered":"Case studies"},"content":{"rendered":"<div class=\"wpb-content-wrapper\"><p>[vc_row css_animation=&#8221;&#8221; row_type=&#8221;row&#8221; use_row_as_full_screen_section=&#8221;no&#8221; type=&#8221;grid&#8221; angled_section=&#8221;no&#8221; text_align=&#8221;left&#8221; background_image_as_pattern=&#8221;without_pattern&#8221; background_color=&#8221;#ffffff&#8221; padding_top=&#8221;90&#8243; padding_bottom=&#8221;90&#8243;][vc_column][vc_column_text]<\/p>\n<h2 style=\"text-align: center;\">Dioxide Titanium substitution<\/h2>\n<p>[\/vc_column_text][vc_separator type=&#8221;small&#8221; position=&#8221;center&#8221; up=&#8221;7&#8243; down=&#8221;38&#8243;][vc_single_image image=&#8221;16394&#8243; img_size=&#8221;400&#215;350&#8243; alignment=&#8221;center&#8221; style=&#8221;vc_box_border_circle&#8221; qode_css_animation=&#8221;element_from_top&#8221; transition_delay=&#8221;0.3&#8243;][vc_separator type=&#8221;transparent&#8221; up=&#8221;20&#8243; down=&#8221;20&#8243;][vc_column_text]\n<table id=\"tablepress-9\" class=\"tablepress tablepress-id-9\">\n<thead>\n<tr class=\"row-1\">\n\t<th class=\"column-1\">Project description<\/th><th class=\"column-2\">Proposed solutions<\/th><th class=\"column-3\">Achieved results<\/th>\n<\/tr>\n<\/thead>\n<tbody class=\"row-striping row-hover\">\n<tr class=\"row-2\">\n\t<td class=\"column-1\"><strong>Customer type<\/strong><br \/>\nIndustrial confectioner<br \/>\n<br \/>\n<strong>Aim of mission<\/strong><br \/>\nDioxide Titanium substitution<br \/>\n<br \/>\n<strong>Products<\/strong><br \/>\nPanned chewing candy<br \/>\n(Hard panning)<br \/>\n<br \/>\n<strong>Constraints<\/strong><br \/>\nClient would like to eliminate titanium dioxide from his labels without using new ingredients.<\/td><td class=\"column-2\"><strong>Trade lever<\/strong><br \/>\nDevelop two ranges of colours:<br \/>\n<br \/>\n1\/ Dark colours range<br \/>\n2\/ \u201crustic style\u201d natural colour range<br \/>\n<br \/>\n<strong>Technical lever<\/strong><br \/>\nImprove performance of the air treatment installation in terms of air flow and absolute humidity.<br \/>\n<br \/>\n<strong>Operational lever<\/strong><br \/>\n1\/ Realize precoating of the centres in order to have smooth centres without holes before the panning.<br \/>\n2\/ Increase the brix of syrup during engrossing in order to obtain big crystals which are more opaque.<br \/>\n3\/ Increase proportion of Gum Arabic in syrup (already mentioned in the ingredient list)<br \/>\n<br \/>\n<strong>Managerial lever<\/strong><br \/>\n1\/ Train the operators to the precoating techniques and improve competences in hard panning<br \/>\n2\/ Change work habits, in order to have the same objectives as marketing.<\/td><td class=\"column-3\"><strong>Sales analysis<\/strong><br \/>\n1\/ Very good results on dark colours<br \/>\nDefect rate has not increased<br \/>\n2\/ Limited result on pastel colours. Not only, the colours are not very bright but colours are not uniform, this is due to a lack of whiteness in underlayers.<br \/>\n<br \/>\n<strong>Technical analysis<\/strong><br \/>\nInvestment on the air treatment installation enables a substantial productivity increase.<br \/>\n<br \/>\n<strong>Managerial analysis<\/strong><br \/>\nVery good involvement of staff who appreciate the new air treatment installation.<br \/>\nImprovement of competence level and understanding of the staff and the manager.<br \/>\nThe staff has proposed to do the engrossing of the pastel colour in two steps in order to increase the whiteness of the layer (this proposition is not retained yet because of storage problems).<\/td>\n<\/tr>\n<\/tbody>\n<\/table>\n<!-- #tablepress-9 from cache -->[\/vc_column_text][\/vc_column][\/vc_row][vc_row css_animation=&#8221;&#8221; row_type=&#8221;row&#8221; use_row_as_full_screen_section=&#8221;no&#8221; type=&#8221;grid&#8221; angled_section=&#8221;no&#8221; text_align=&#8221;left&#8221; background_image_as_pattern=&#8221;without_pattern&#8221; background_color=&#8221;#f6f6f6&#8243; padding_top=&#8221;90&#8243; padding_bottom=&#8221;90&#8243;][vc_column][vc_column_text]<\/p>\n<h2 style=\"text-align: center;\">Decrease waste rate<\/h2>\n<p>[\/vc_column_text][vc_separator type=&#8221;small&#8221; position=&#8221;center&#8221; up=&#8221;7&#8243; down=&#8221;38&#8243;][vc_single_image image=&#8221;16385&#8243; img_size=&#8221;400&#215;350&#8243; alignment=&#8221;center&#8221; style=&#8221;vc_box_border_circle&#8221; qode_css_animation=&#8221;element_from_top&#8221; transition_delay=&#8221;0.3&#8243;][vc_separator type=&#8221;transparent&#8221; up=&#8221;20&#8243; down=&#8221;20&#8243;][vc_column_text]\n<table id=\"tablepress-10\" class=\"tablepress tablepress-id-10\">\n<thead>\n<tr class=\"row-1\">\n\t<th class=\"column-1\">Project description<\/th><th class=\"column-2\">Proposed solutions<\/th><th class=\"column-3\">Achieved results<\/th>\n<\/tr>\n<\/thead>\n<tbody class=\"row-striping row-hover\">\n<tr class=\"row-2\">\n\t<td class=\"column-1\"><strong>Customer type<\/strong><br \/>\nIndustrial confectioner<br \/>\n<br \/>\n<strong>Aim of mission<\/strong><br \/>\nDecrease waste rate<br \/>\n<br \/>\n<strong>Products<\/strong><br \/>\nChocolate panned<br \/>\n<br \/>\n<strong>Constraints<\/strong><br \/>\nNo possibility of investment<\/td><td class=\"column-2\"><strong>Managerial Lever<\/strong><br \/>\n1\/ Train the operators to chocolate panning and chocolate polishing :<br \/>\n- Using a \u201crisk table\u201d to fill-in as support each parameter will be explained and understood during the two operations.<br \/>\n- Using a \u201ccorrecting table\u201d to fill-in to develop the right reflexes.<br \/>\n- Sharing professional panners experience to find a common operating mode<br \/>\n2\/ Agree on a sustainable operational mode implemented by all operators.<br \/>\n<br \/>\n<strong>Operational lever<\/strong><br \/>\nAdd ageing time after chocolate panning and before varnishing to obtain a better crystallized chocolate and so harder shell.<\/td><td class=\"column-3\"><strong>Sales analysis<\/strong><br \/>\nLower waste rate after one year.<br \/>\n<br \/>\n<strong>Operational Analysis<\/strong><br \/>\nAlthough more handling is imposed by this action, the operators agree to unload the pans between panning and glazing as quality improvement has been revealed.<br \/>\n<br \/>\n<strong>Managerial analysis<\/strong><br \/>\nDifficult communication amongst the operators \u00ab juniors and seniors \u00bb.<br \/>\nThe trainer managed to establish trust within the team thanks to his thorough field and pedagogical experience.<br \/>\nThe operating modes were tested hands on.<br \/>\nThe seniors were glorified during the training and the juniors were able to defend their ideas.<\/td>\n<\/tr>\n<\/tbody>\n<\/table>\n<!-- #tablepress-10 from cache -->[\/vc_column_text][\/vc_column][\/vc_row][vc_row css_animation=&#8221;&#8221; row_type=&#8221;row&#8221; use_row_as_full_screen_section=&#8221;no&#8221; type=&#8221;grid&#8221; angled_section=&#8221;no&#8221; text_align=&#8221;left&#8221; background_image_as_pattern=&#8221;without_pattern&#8221; background_color=&#8221;#ffffff&#8221; padding_top=&#8221;90&#8243; padding_bottom=&#8221;90&#8243;][vc_column][vc_column_text]<\/p>\n<h2 style=\"text-align: center;\">Increase quality of glazing and improve productivity<\/h2>\n<p>[\/vc_column_text][vc_separator type=&#8221;small&#8221; position=&#8221;center&#8221; up=&#8221;7&#8243; down=&#8221;38&#8243;][vc_single_image image=&#8221;16399&#8243; img_size=&#8221;400&#215;350&#8243; alignment=&#8221;center&#8221; style=&#8221;vc_box_border_circle&#8221; qode_css_animation=&#8221;element_from_top&#8221; transition_delay=&#8221;0.3&#8243;][vc_separator type=&#8221;transparent&#8221; up=&#8221;20&#8243; down=&#8221;20&#8243;][vc_column_text]\n<table id=\"tablepress-11\" class=\"tablepress tablepress-id-11\">\n<thead>\n<tr class=\"row-1\">\n\t<th class=\"column-1\">Project description<\/th><th class=\"column-2\">Proposed solutions<\/th><th class=\"column-3\">Achieved results<\/th>\n<\/tr>\n<\/thead>\n<tbody class=\"row-striping row-hover\">\n<tr class=\"row-2\">\n\t<td class=\"column-1\"><strong>Customer type<\/strong><br \/>\nArtisan chocolatier 50 employees<br \/>\n<br \/>\n<strong>Aim of mission<\/strong><br \/>\nIncrease quality of glazing and improve productivity<br \/>\n<br \/>\n<strong>Products<\/strong><br \/>\nDried fruits and almonds brittle chocolate panned<br \/>\n<br \/>\n<strong>Constraints<\/strong><br \/>\nSpending limit to K\u20ac50<\/td><td class=\"column-2\"><strong>Technical lever<\/strong><br \/>\nDefine needs of pans and air treatment<br \/>\nDefine layout plan of machines<br \/>\nProject management<br \/>\n<br \/>\n<strong>Operational lever<\/strong><br \/>\n1\/ Simplify the actual operational mode of the chocolate panning using performance of the air treatment installation<br \/>\n2\/ Define rigorous procedure for chocolate glazing<br \/>\n<br \/>\n<strong>Managerial Lever<\/strong><br \/>\n1\/ Explain to the operators the rule of each parameter of the glazing operation.<br \/>\n2\/ Encourage operators to take measures in order to better anticipate climatic variations.<\/td><td class=\"column-3\"><strong>Sales analysis<\/strong><br \/>\nTime required \/ batch has decreased from 3 hours to 1h15 (time for loading, pan coating, smoothening and unloading)<br \/>\nThe waste rate has decreased (invalid batches)<br \/>\nQuality product is more uniform.<br \/>\n<br \/>\n<strong>Technical analysis<\/strong><br \/>\n. Pan purchase of second-hand copper pans already equipped with frequency converter.<br \/>\n. Installation of air treatment realized by a subcontractor according to our specifications<br \/>\n. Installation of a new ageing room according to our specifications<br \/>\n. Purchase of efficient measuring tools.<br \/>\n<br \/>\n<strong>Managerial analysis<\/strong><br \/>\n. Better understanding of the reasons for defects on polished chocolate sweets.<\/td>\n<\/tr>\n<\/tbody>\n<\/table>\n<!-- #tablepress-11 from cache -->[\/vc_column_text][\/vc_column][\/vc_row][vc_row css_animation=&#8221;&#8221; row_type=&#8221;row&#8221; use_row_as_full_screen_section=&#8221;no&#8221; type=&#8221;grid&#8221; angled_section=&#8221;no&#8221; text_align=&#8221;left&#8221; background_image_as_pattern=&#8221;without_pattern&#8221; background_color=&#8221;#f6f6f6&#8243; padding_top=&#8221;90&#8243; padding_bottom=&#8221;90&#8243;][vc_column][vc_column_text]<\/p>\n<h2 style=\"text-align: center;\">Start chocolate panning activity<\/h2>\n<p>[\/vc_column_text][vc_separator type=&#8221;small&#8221; position=&#8221;center&#8221; up=&#8221;7&#8243; down=&#8221;38&#8243;][vc_single_image image=&#8221;16393&#8243; img_size=&#8221;400&#215;350&#8243; alignment=&#8221;center&#8221; style=&#8221;vc_box_border_circle&#8221; qode_css_animation=&#8221;element_from_top&#8221; transition_delay=&#8221;0.3&#8243;][vc_separator type=&#8221;transparent&#8221; up=&#8221;20&#8243; down=&#8221;20&#8243;][vc_column_text]\n<table id=\"tablepress-12\" class=\"tablepress tablepress-id-12\">\n<thead>\n<tr class=\"row-1\">\n\t<th class=\"column-1\">Project description<\/th><th class=\"column-2\">Proposed solutions<\/th><th class=\"column-3\">Achieved results<\/th>\n<\/tr>\n<\/thead>\n<tbody class=\"row-striping row-hover\">\n<tr class=\"row-2\">\n\t<td class=\"column-1\"><strong>Customer type<\/strong><br \/>\nArtisan chocolatier 2 employees <br \/>\n<br \/>\n<strong>Aim of mission<\/strong><br \/>\nStart chocolate panning activity<br \/>\n<br \/>\n<strong>Products<\/strong><br \/>\nChocolate panned dried fruits<br \/>\n<br \/>\n<strong>Constraints<\/strong><br \/>\nLimited budget<\/td><td class=\"column-2\"><strong>Trade lever<\/strong><br \/>\nDefine a simple range: hazelnuts and almonds coated with dark chocolate and milk chocolate. Finishing : glazed with a strong shiny<br \/>\n<br \/>\n<strong>Technical lever<\/strong><br \/>\nAcquire equipment : pan + air treatment mobile installation<br \/>\n<br \/>\n<strong>Managerial Lever<\/strong><br \/>\nDo the training \u201cThe manufacturing of chocolate panned candies\u201d in Montauban after Easter\u2019s season (1.656 \u20ac\/3 days - French language)<\/td><td class=\"column-3\"><strong>Sales analysis<\/strong><br \/>\nPurchase 60 kg second-hand pan: \u20ac 4900<br \/>\nPurchase Air treatment mobile installation: \u20ac 6000<br \/>\nPurchase 64 perforated plastic containers: \u20ac 820<br \/>\nSale price of candies : \u20ac 35\/kg<br \/>\n<br \/>\n<strong>Managerial analysis<\/strong><br \/>\nThe artisan quickly acquired the necessary skills for simple panning. He\u2019s improving by producing every day and has increased his range to white chocolate coloured eggs.<\/td>\n<\/tr>\n<\/tbody>\n<\/table>\n<!-- #tablepress-12 from cache -->[\/vc_column_text][\/vc_column][\/vc_row][vc_row css_animation=&#8221;&#8221; row_type=&#8221;row&#8221; use_row_as_full_screen_section=&#8221;no&#8221; type=&#8221;full_width&#8221; angled_section=&#8221;no&#8221; text_align=&#8221;left&#8221; background_image_as_pattern=&#8221;without_pattern&#8221;][vc_column]<div class=\"call_to_action normal\" style=\"background-color: #e5a430;\"><div class=\"container_inner\"><div class=\"two_columns_75_25 clearfix\"><div class=\"text_wrapper column1\"><div class=\"call_to_action_text \" style=\"\">\n<h3><span style=\"color: #ffffff\">Do you need an expert in sugar or chocolate panning?<\/span><\/h3>\n<\/div><\/div><div class=\"button_wrapper column2\"><a itemprop=\"url\" href=\"https:\/\/www.fredericmenguy.fr\/en\/contact\/\" class=\"qbutton white \" target=\"_self\" style=\"color: #ffffff;border-color: #ffffff;\" data-hover-background-color=#ffffff data-hover-border-color=#ffffff data-hover-color=#e5a430>Contact Fr\u00e9d\u00e9ric Menguy<\/a><\/div><\/div><\/div><\/div>[\/vc_column][\/vc_row][vc_row css_animation=&#8221;&#8221; row_type=&#8221;row&#8221; use_row_as_full_screen_section=&#8221;no&#8221; type=&#8221;full_width&#8221; angled_section=&#8221;no&#8221; text_align=&#8221;left&#8221; background_image_as_pattern=&#8221;without_pattern&#8221;][vc_column][vc_single_image image=&#8221;15426&#8243; img_size=&#8221;full&#8221; alignment=&#8221;center&#8221; qode_css_animation=&#8221;&#8221;][\/vc_column][\/vc_row][vc_row css_animation=&#8221;&#8221; row_type=&#8221;row&#8221; use_row_as_full_screen_section=&#8221;no&#8221; type=&#8221;full_width&#8221; angled_section=&#8221;no&#8221; text_align=&#8221;left&#8221; background_image_as_pattern=&#8221;without_pattern&#8221; padding_top=&#8221;15&#8243; padding_bottom=&#8221;0&#8243; css=&#8221;.vc_custom_1481193903771{background-color: #e5a430 !important;}&#8221;][vc_column][\/vc_column][\/vc_row]<\/p>\n<\/div>","protected":false},"excerpt":{"rendered":"<p>[vc_row css_animation=&#8221;&#8221; row_type=&#8221;row&#8221; use_row_as_full_screen_section=&#8221;no&#8221; type=&#8221;grid&#8221; angled_section=&#8221;no&#8221; text_align=&#8221;left&#8221; background_image_as_pattern=&#8221;without_pattern&#8221; background_color=&#8221;#ffffff&#8221; padding_top=&#8221;90&#8243; padding_bottom=&#8221;90&#8243;][vc_column][vc_column_text] Dioxide Titanium substitution [\/vc_column_text][vc_separator type=&#8221;small&#8221; position=&#8221;center&#8221; up=&#8221;7&#8243; down=&#8221;38&#8243;][vc_single_image image=&#8221;16394&#8243; img_size=&#8221;400&#215;350&#8243; alignment=&#8221;center&#8221; style=&#8221;vc_box_border_circle&#8221; qode_css_animation=&#8221;element_from_top&#8221; transition_delay=&#8221;0.3&#8243;][vc_separator type=&#8221;transparent&#8221; up=&#8221;20&#8243; down=&#8221;20&#8243;][vc_column_text][\/vc_column_text][\/vc_column][\/vc_row][vc_row css_animation=&#8221;&#8221; row_type=&#8221;row&#8221; use_row_as_full_screen_section=&#8221;no&#8221; type=&#8221;grid&#8221; angled_section=&#8221;no&#8221; text_align=&#8221;left&#8221; background_image_as_pattern=&#8221;without_pattern&#8221; background_color=&#8221;#f6f6f6&#8243; padding_top=&#8221;90&#8243; padding_bottom=&#8221;90&#8243;][vc_column][vc_column_text] Decrease waste rate [\/vc_column_text][vc_separator type=&#8221;small&#8221; position=&#8221;center&#8221; up=&#8221;7&#8243;&#8230;<\/p>\n","protected":false},"author":2,"featured_media":0,"parent":0,"menu_order":0,"comment_status":"open","ping_status":"closed","template":"full_width.php","meta":{"footnotes":""},"class_list":["post-16155","page","type-page","status-publish","hentry"],"yoast_head":"<!-- This site is optimized with the Yoast SEO plugin v27.6 - https:\/\/yoast.com\/product\/yoast-seo-wordpress\/ -->\n<title>Case studies \u2013 Fr\u00e9d\u00e9ric Menguy, pan coating expert<\/title>\n<meta name=\"description\" content=\"Fr\u00e9d\u00e9ric Menguy propose you to share his expertise in sugar and chocolate pan coating process with case studies \u2013 Montauban - France\" \/>\n<meta name=\"robots\" content=\"index, follow, max-snippet:-1, max-image-preview:large, max-video-preview:-1\" \/>\n<link rel=\"canonical\" href=\"https:\/\/www.fredericmenguy.fr\/en\/case-studies\/\" \/>\n<meta property=\"og:locale\" content=\"en_US\" \/>\n<meta property=\"og:type\" content=\"article\" \/>\n<meta property=\"og:title\" content=\"Case studies \u2013 Fr\u00e9d\u00e9ric Menguy, pan coating expert\" \/>\n<meta property=\"og:description\" content=\"Fr\u00e9d\u00e9ric Menguy propose you to share his expertise in sugar and chocolate pan coating process with case studies \u2013 Montauban - France\" \/>\n<meta property=\"og:url\" content=\"https:\/\/www.fredericmenguy.fr\/en\/case-studies\/\" \/>\n<meta property=\"og:site_name\" content=\"Fr\u00e9d\u00e9ric Menguy\" \/>\n<meta property=\"article:modified_time\" content=\"2017-01-18T08:31:49+00:00\" \/>\n<meta name=\"twitter:card\" content=\"summary_large_image\" \/>\n<meta name=\"twitter:site\" content=\"@FMenguy\" \/>\n<meta name=\"twitter:label1\" content=\"Est. reading time\" \/>\n\t<meta name=\"twitter:data1\" content=\"3 minutes\" \/>\n<script type=\"application\/ld+json\" class=\"yoast-schema-graph\">{\"@context\":\"https:\\\/\\\/schema.org\",\"@graph\":[{\"@type\":\"WebPage\",\"@id\":\"https:\\\/\\\/www.fredericmenguy.fr\\\/en\\\/case-studies\\\/\",\"url\":\"https:\\\/\\\/www.fredericmenguy.fr\\\/en\\\/case-studies\\\/\",\"name\":\"Case studies \u2013 Fr\u00e9d\u00e9ric Menguy, pan coating expert\",\"isPartOf\":{\"@id\":\"https:\\\/\\\/www.fredericmenguy.fr\\\/#website\"},\"datePublished\":\"2017-01-04T14:15:11+00:00\",\"dateModified\":\"2017-01-18T08:31:49+00:00\",\"description\":\"Fr\u00e9d\u00e9ric Menguy propose you to share his expertise in sugar and chocolate pan coating process with case studies \u2013 Montauban - France\",\"breadcrumb\":{\"@id\":\"https:\\\/\\\/www.fredericmenguy.fr\\\/en\\\/case-studies\\\/#breadcrumb\"},\"inLanguage\":\"en-US\",\"potentialAction\":[{\"@type\":\"ReadAction\",\"target\":[\"https:\\\/\\\/www.fredericmenguy.fr\\\/en\\\/case-studies\\\/\"]}]},{\"@type\":\"BreadcrumbList\",\"@id\":\"https:\\\/\\\/www.fredericmenguy.fr\\\/en\\\/case-studies\\\/#breadcrumb\",\"itemListElement\":[{\"@type\":\"ListItem\",\"position\":1,\"name\":\"Accueil\",\"item\":\"https:\\\/\\\/www.fredericmenguy.fr\\\/en\\\/\"},{\"@type\":\"ListItem\",\"position\":2,\"name\":\"Case studies\"}]},{\"@type\":\"WebSite\",\"@id\":\"https:\\\/\\\/www.fredericmenguy.fr\\\/#website\",\"url\":\"https:\\\/\\\/www.fredericmenguy.fr\\\/\",\"name\":\"Fr\u00e9d\u00e9ric Menguy\",\"description\":\"\",\"potentialAction\":[{\"@type\":\"SearchAction\",\"target\":{\"@type\":\"EntryPoint\",\"urlTemplate\":\"https:\\\/\\\/www.fredericmenguy.fr\\\/?s={search_term_string}\"},\"query-input\":{\"@type\":\"PropertyValueSpecification\",\"valueRequired\":true,\"valueName\":\"search_term_string\"}}],\"inLanguage\":\"en-US\"}]}<\/script>\n<!-- \/ Yoast SEO plugin. -->","yoast_head_json":{"title":"Case studies \u2013 Fr\u00e9d\u00e9ric Menguy, pan coating expert","description":"Fr\u00e9d\u00e9ric Menguy propose you to share his expertise in sugar and chocolate pan coating process with case studies \u2013 Montauban - France","robots":{"index":"index","follow":"follow","max-snippet":"max-snippet:-1","max-image-preview":"max-image-preview:large","max-video-preview":"max-video-preview:-1"},"canonical":"https:\/\/www.fredericmenguy.fr\/en\/case-studies\/","og_locale":"en_US","og_type":"article","og_title":"Case studies \u2013 Fr\u00e9d\u00e9ric Menguy, pan coating expert","og_description":"Fr\u00e9d\u00e9ric Menguy propose you to share his expertise in sugar and chocolate pan coating process with case studies \u2013 Montauban - France","og_url":"https:\/\/www.fredericmenguy.fr\/en\/case-studies\/","og_site_name":"Fr\u00e9d\u00e9ric Menguy","article_modified_time":"2017-01-18T08:31:49+00:00","twitter_card":"summary_large_image","twitter_site":"@FMenguy","twitter_misc":{"Est. reading time":"3 minutes"},"schema":{"@context":"https:\/\/schema.org","@graph":[{"@type":"WebPage","@id":"https:\/\/www.fredericmenguy.fr\/en\/case-studies\/","url":"https:\/\/www.fredericmenguy.fr\/en\/case-studies\/","name":"Case studies \u2013 Fr\u00e9d\u00e9ric Menguy, pan coating expert","isPartOf":{"@id":"https:\/\/www.fredericmenguy.fr\/#website"},"datePublished":"2017-01-04T14:15:11+00:00","dateModified":"2017-01-18T08:31:49+00:00","description":"Fr\u00e9d\u00e9ric Menguy propose you to share his expertise in sugar and chocolate pan coating process with case studies \u2013 Montauban - France","breadcrumb":{"@id":"https:\/\/www.fredericmenguy.fr\/en\/case-studies\/#breadcrumb"},"inLanguage":"en-US","potentialAction":[{"@type":"ReadAction","target":["https:\/\/www.fredericmenguy.fr\/en\/case-studies\/"]}]},{"@type":"BreadcrumbList","@id":"https:\/\/www.fredericmenguy.fr\/en\/case-studies\/#breadcrumb","itemListElement":[{"@type":"ListItem","position":1,"name":"Accueil","item":"https:\/\/www.fredericmenguy.fr\/en\/"},{"@type":"ListItem","position":2,"name":"Case studies"}]},{"@type":"WebSite","@id":"https:\/\/www.fredericmenguy.fr\/#website","url":"https:\/\/www.fredericmenguy.fr\/","name":"Fr\u00e9d\u00e9ric Menguy","description":"","potentialAction":[{"@type":"SearchAction","target":{"@type":"EntryPoint","urlTemplate":"https:\/\/www.fredericmenguy.fr\/?s={search_term_string}"},"query-input":{"@type":"PropertyValueSpecification","valueRequired":true,"valueName":"search_term_string"}}],"inLanguage":"en-US"}]}},"_links":{"self":[{"href":"https:\/\/www.fredericmenguy.fr\/en\/wp-json\/wp\/v2\/pages\/16155","targetHints":{"allow":["GET"]}}],"collection":[{"href":"https:\/\/www.fredericmenguy.fr\/en\/wp-json\/wp\/v2\/pages"}],"about":[{"href":"https:\/\/www.fredericmenguy.fr\/en\/wp-json\/wp\/v2\/types\/page"}],"author":[{"embeddable":true,"href":"https:\/\/www.fredericmenguy.fr\/en\/wp-json\/wp\/v2\/users\/2"}],"replies":[{"embeddable":true,"href":"https:\/\/www.fredericmenguy.fr\/en\/wp-json\/wp\/v2\/comments?post=16155"}],"version-history":[{"count":8,"href":"https:\/\/www.fredericmenguy.fr\/en\/wp-json\/wp\/v2\/pages\/16155\/revisions"}],"predecessor-version":[{"id":16259,"href":"https:\/\/www.fredericmenguy.fr\/en\/wp-json\/wp\/v2\/pages\/16155\/revisions\/16259"}],"wp:attachment":[{"href":"https:\/\/www.fredericmenguy.fr\/en\/wp-json\/wp\/v2\/media?parent=16155"}],"curies":[{"name":"wp","href":"https:\/\/api.w.org\/{rel}","templated":true}]}}