{"id":16153,"date":"2017-01-04T15:13:53","date_gmt":"2017-01-04T14:13:53","guid":{"rendered":"http:\/\/www.fredericmenguy.fr\/?page_id=16153\/"},"modified":"2024-02-15T19:22:58","modified_gmt":"2024-02-15T18:22:58","slug":"contact","status":"publish","type":"page","link":"https:\/\/www.fredericmenguy.fr\/en\/contact\/","title":{"rendered":"Contact"},"content":{"rendered":"<div class=\"wpb-content-wrapper\"><p>[vc_row css_animation=&#8221;&#8221; row_type=&#8221;row&#8221; use_row_as_full_screen_section=&#8221;no&#8221; type=&#8221;full_width&#8221; angled_section=&#8221;no&#8221; text_align=&#8221;left&#8221; background_image_as_pattern=&#8221;without_pattern&#8221;][vc_column][vc_column_text]<\/p>\n<h3>Contact details<\/h3>\n<p>[\/vc_column_text][vc_separator type=&#8221;transparent&#8221; up=&#8221;6&#8243; down=&#8221;6&#8243;][vc_row_inner row_type=&#8221;row&#8221; type=&#8221;full_width&#8221; text_align=&#8221;left&#8221; css_animation=&#8221;&#8221;][vc_column_inner width=&#8221;1\/3&#8243;][vc_column_text]Fr\u00e9d\u00e9ric Menguy &#8211; FMDE SARL<br \/>\nParc d\u2019activit\u00e9 Albasud<br \/>\n35, avenue du Danemark &#8211; CS60380<br \/>\n82003 MONTAUBAN Cedex<br \/>\nFrance<\/p>\n<p>&nbsp;<\/p>\n<p>Mobile : +33 648 10 67 32<br \/>\nFax : +33 563 23 25 01<br \/>\nEmail : <a href=\"mailto:info@fredericmenguy.fr\">info@fredericmenguy.fr<\/a><\/p>\n<p>&nbsp;<\/p>\n<p>French training center reference\u00a0: 73 82 00700 82<br \/>\n<strong> Anywhere in France or worldwide.<\/strong>[\/vc_column_text][vc_separator type=&#8221;transparent&#8221; up=&#8221;10&#8243; down=&#8221;10&#8243;][vc_column_text]<\/p>\n<h3>Follow us !<\/h3>\n<p>[\/vc_column_text][vc_separator type=&#8221;transparent&#8221; up=&#8221;6&#8243; down=&#8221;6&#8243;]<span class='q_social_icon_holder normal_social' ><a itemprop='url' href='https:\/\/fr.linkedin.com\/in\/fr%25C3%25A9d%25C3%25A9ric-menguy-ba606877' target='_blank'><i class=\"qode_icon_font_awesome fa fa-linkedin fa-lg simple_social\" style=\"margin: 0 13px 0 0;\" ><\/i><\/a><\/span><span class='q_social_icon_holder normal_social' ><a itemprop='url' href='https:\/\/www.facebook.com\/FredericMenguyConsultantConfiserie' target='_blank'><i class=\"qode_icon_font_awesome fa fa-facebook fa-lg simple_social\" style=\"margin: 0 13px 0 0;\" ><\/i><\/a><\/span>[\/vc_column_inner][vc_column_inner width=&#8221;2\/3&#8243;]\n<div class=\"wpcf7 no-js\" id=\"wpcf7-f17349-o1\" lang=\"fr-FR\" dir=\"ltr\" data-wpcf7-id=\"17349\">\n<div class=\"screen-reader-response\"><p role=\"status\" aria-live=\"polite\" aria-atomic=\"true\"><\/p> <ul><\/ul><\/div>\n<form action=\"\/en\/wp-json\/wp\/v2\/pages\/16153#wpcf7-f17349-o1\" method=\"post\" class=\"wpcf7-form init default\" aria-label=\"Formulaire de contact\" novalidate=\"novalidate\" data-status=\"init\">\n<fieldset class=\"hidden-fields-container\"><input type=\"hidden\" name=\"_wpcf7\" value=\"17349\" \/><input type=\"hidden\" name=\"_wpcf7_version\" value=\"6.1.5\" \/><input type=\"hidden\" name=\"_wpcf7_locale\" value=\"fr_FR\" \/><input type=\"hidden\" name=\"_wpcf7_unit_tag\" value=\"wpcf7-f17349-o1\" \/><input type=\"hidden\" name=\"_wpcf7_container_post\" value=\"0\" \/><input type=\"hidden\" name=\"_wpcf7_posted_data_hash\" value=\"\" \/><input type=\"hidden\" name=\"_wpcf7_recaptcha_response\" value=\"\" \/>\n<\/fieldset>\n<p><label> Name*<br \/>\n<span class=\"wpcf7-form-control-wrap\" data-name=\"your-name\"><input size=\"40\" maxlength=\"400\" class=\"wpcf7-form-control wpcf7-text wpcf7-validates-as-required\" aria-required=\"true\" aria-invalid=\"false\" value=\"\" type=\"text\" name=\"your-name\" \/><\/span> <\/label>\n<\/p>\n<p><label> Email *<br \/>\n<span class=\"wpcf7-form-control-wrap\" data-name=\"your-email\"><input size=\"40\" maxlength=\"400\" class=\"wpcf7-form-control wpcf7-email wpcf7-validates-as-required wpcf7-text wpcf7-validates-as-email\" aria-required=\"true\" aria-invalid=\"false\" value=\"\" type=\"email\" name=\"your-email\" \/><\/span> <\/label>\n<\/p>\n<p><label> Company *<br \/>\n<span class=\"wpcf7-form-control-wrap\" data-name=\"your-entreprise\"><input size=\"40\" maxlength=\"400\" class=\"wpcf7-form-control wpcf7-text wpcf7-validates-as-required\" aria-required=\"true\" aria-invalid=\"false\" value=\"\" type=\"text\" name=\"your-entreprise\" \/><\/span> <\/label>\n<\/p>\n<p><label> Subject *<br \/>\n<span class=\"wpcf7-form-control-wrap\" data-name=\"your-subject\"><input size=\"40\" maxlength=\"400\" class=\"wpcf7-form-control wpcf7-text wpcf7-validates-as-required\" aria-required=\"true\" aria-invalid=\"false\" value=\"\" type=\"text\" name=\"your-subject\" \/><\/span> <\/label>\n<\/p>\n<p><label> Message<br \/>\n<span class=\"wpcf7-form-control-wrap\" data-name=\"your-message\"><textarea cols=\"40\" rows=\"10\" maxlength=\"2000\" class=\"wpcf7-form-control wpcf7-textarea\" aria-invalid=\"false\" name=\"your-message\"><\/textarea><\/span> <\/label>\n<\/p>\n<p>* Required fields\n<\/p>\n<p><input class=\"wpcf7-form-control wpcf7-submit has-spinner\" type=\"submit\" value=\"Submit\" \/>\n<\/p><div class=\"wpcf7-response-output\" aria-hidden=\"true\"><\/div>\n<\/form>\n<\/div>\n[vc_separator type=&#8221;transparent&#8221; up=&#8221;50&#8243; down=&#8221;50&#8243;][\/vc_column_inner][\/vc_row_inner][\/vc_column][\/vc_row]<\/p>\n<\/div>","protected":false},"excerpt":{"rendered":"<p>[vc_row css_animation=&#8221;&#8221; row_type=&#8221;row&#8221; use_row_as_full_screen_section=&#8221;no&#8221; type=&#8221;full_width&#8221; angled_section=&#8221;no&#8221; text_align=&#8221;left&#8221; background_image_as_pattern=&#8221;without_pattern&#8221;][vc_column][vc_column_text] Contact details [\/vc_column_text][vc_separator type=&#8221;transparent&#8221; up=&#8221;6&#8243; down=&#8221;6&#8243;][vc_row_inner row_type=&#8221;row&#8221; type=&#8221;full_width&#8221; text_align=&#8221;left&#8221; css_animation=&#8221;&#8221;][vc_column_inner width=&#8221;1\/3&#8243;][vc_column_text]Fr\u00e9d\u00e9ric Menguy &#8211; FMDE SARL Parc d\u2019activit\u00e9 Albasud 35, avenue du Danemark &#8211; CS60380 82003 MONTAUBAN Cedex France &nbsp; Mobile : +33 648 10 67 32 Fax&#8230;<\/p>\n","protected":false},"author":2,"featured_media":0,"parent":0,"menu_order":0,"comment_status":"open","ping_status":"open","template":"contact-page.php","meta":{"footnotes":""},"class_list":["post-16153","page","type-page","status-publish","hentry"],"yoast_head":"<!-- This site is optimized with the Yoast SEO plugin v27.5 - https:\/\/yoast.com\/product\/yoast-seo-wordpress\/ -->\n<title>Contact Fr\u00e9d\u00e9ric Menguy, pan coating consultant<\/title>\n<meta name=\"description\" content=\"As a sugar and chocolate pan coating consultant, Fr\u00e9d\u00e9ric Menguy guides industrial confectioners and artisans chocolatiers in France and anywhere in the world \u2013 Montauban - France\" \/>\n<meta name=\"robots\" content=\"index, follow, max-snippet:-1, max-image-preview:large, max-video-preview:-1\" \/>\n<link rel=\"canonical\" href=\"https:\/\/www.fredericmenguy.fr\/en\/contact\/\" \/>\n<meta property=\"og:locale\" content=\"en_US\" \/>\n<meta property=\"og:type\" content=\"article\" \/>\n<meta property=\"og:title\" content=\"Contact Fr\u00e9d\u00e9ric Menguy, pan coating consultant\" \/>\n<meta property=\"og:description\" content=\"As a sugar and chocolate pan coating consultant, Fr\u00e9d\u00e9ric Menguy guides industrial confectioners and artisans chocolatiers in France and anywhere in the world \u2013 Montauban - France\" \/>\n<meta property=\"og:url\" content=\"https:\/\/www.fredericmenguy.fr\/en\/contact\/\" \/>\n<meta property=\"og:site_name\" content=\"Fr\u00e9d\u00e9ric Menguy\" \/>\n<meta property=\"article:modified_time\" content=\"2024-02-15T18:22:58+00:00\" \/>\n<meta name=\"twitter:card\" content=\"summary_large_image\" \/>\n<meta name=\"twitter:site\" content=\"@FMenguy\" \/>\n<meta name=\"twitter:label1\" content=\"Est. reading time\" \/>\n\t<meta name=\"twitter:data1\" content=\"1 minute\" \/>\n<script type=\"application\/ld+json\" class=\"yoast-schema-graph\">{\"@context\":\"https:\\\/\\\/schema.org\",\"@graph\":[{\"@type\":\"WebPage\",\"@id\":\"https:\\\/\\\/www.fredericmenguy.fr\\\/en\\\/contact\\\/\",\"url\":\"https:\\\/\\\/www.fredericmenguy.fr\\\/en\\\/contact\\\/\",\"name\":\"Contact Fr\u00e9d\u00e9ric Menguy, pan coating consultant\",\"isPartOf\":{\"@id\":\"https:\\\/\\\/www.fredericmenguy.fr\\\/#website\"},\"datePublished\":\"2017-01-04T14:13:53+00:00\",\"dateModified\":\"2024-02-15T18:22:58+00:00\",\"description\":\"As a sugar and chocolate pan coating consultant, Fr\u00e9d\u00e9ric Menguy guides industrial confectioners and artisans chocolatiers in France and anywhere in the world \u2013 Montauban - France\",\"breadcrumb\":{\"@id\":\"https:\\\/\\\/www.fredericmenguy.fr\\\/en\\\/contact\\\/#breadcrumb\"},\"inLanguage\":\"en-US\",\"potentialAction\":[{\"@type\":\"ReadAction\",\"target\":[\"https:\\\/\\\/www.fredericmenguy.fr\\\/en\\\/contact\\\/\"]}]},{\"@type\":\"BreadcrumbList\",\"@id\":\"https:\\\/\\\/www.fredericmenguy.fr\\\/en\\\/contact\\\/#breadcrumb\",\"itemListElement\":[{\"@type\":\"ListItem\",\"position\":1,\"name\":\"Accueil\",\"item\":\"https:\\\/\\\/www.fredericmenguy.fr\\\/en\\\/\"},{\"@type\":\"ListItem\",\"position\":2,\"name\":\"Contact\"}]},{\"@type\":\"WebSite\",\"@id\":\"https:\\\/\\\/www.fredericmenguy.fr\\\/#website\",\"url\":\"https:\\\/\\\/www.fredericmenguy.fr\\\/\",\"name\":\"Fr\u00e9d\u00e9ric Menguy\",\"description\":\"\",\"potentialAction\":[{\"@type\":\"SearchAction\",\"target\":{\"@type\":\"EntryPoint\",\"urlTemplate\":\"https:\\\/\\\/www.fredericmenguy.fr\\\/?s={search_term_string}\"},\"query-input\":{\"@type\":\"PropertyValueSpecification\",\"valueRequired\":true,\"valueName\":\"search_term_string\"}}],\"inLanguage\":\"en-US\"}]}<\/script>\n<!-- \/ Yoast SEO plugin. -->","yoast_head_json":{"title":"Contact Fr\u00e9d\u00e9ric Menguy, pan coating consultant","description":"As a sugar and chocolate pan coating consultant, Fr\u00e9d\u00e9ric Menguy guides industrial confectioners and artisans chocolatiers in France and anywhere in the world \u2013 Montauban - France","robots":{"index":"index","follow":"follow","max-snippet":"max-snippet:-1","max-image-preview":"max-image-preview:large","max-video-preview":"max-video-preview:-1"},"canonical":"https:\/\/www.fredericmenguy.fr\/en\/contact\/","og_locale":"en_US","og_type":"article","og_title":"Contact Fr\u00e9d\u00e9ric Menguy, pan coating consultant","og_description":"As a sugar and chocolate pan coating consultant, Fr\u00e9d\u00e9ric Menguy guides industrial confectioners and artisans chocolatiers in France and anywhere in the world \u2013 Montauban - France","og_url":"https:\/\/www.fredericmenguy.fr\/en\/contact\/","og_site_name":"Fr\u00e9d\u00e9ric Menguy","article_modified_time":"2024-02-15T18:22:58+00:00","twitter_card":"summary_large_image","twitter_site":"@FMenguy","twitter_misc":{"Est. reading time":"1 minute"},"schema":{"@context":"https:\/\/schema.org","@graph":[{"@type":"WebPage","@id":"https:\/\/www.fredericmenguy.fr\/en\/contact\/","url":"https:\/\/www.fredericmenguy.fr\/en\/contact\/","name":"Contact Fr\u00e9d\u00e9ric Menguy, pan coating consultant","isPartOf":{"@id":"https:\/\/www.fredericmenguy.fr\/#website"},"datePublished":"2017-01-04T14:13:53+00:00","dateModified":"2024-02-15T18:22:58+00:00","description":"As a sugar and chocolate pan coating consultant, Fr\u00e9d\u00e9ric Menguy guides industrial confectioners and artisans chocolatiers in France and anywhere in the world \u2013 Montauban - France","breadcrumb":{"@id":"https:\/\/www.fredericmenguy.fr\/en\/contact\/#breadcrumb"},"inLanguage":"en-US","potentialAction":[{"@type":"ReadAction","target":["https:\/\/www.fredericmenguy.fr\/en\/contact\/"]}]},{"@type":"BreadcrumbList","@id":"https:\/\/www.fredericmenguy.fr\/en\/contact\/#breadcrumb","itemListElement":[{"@type":"ListItem","position":1,"name":"Accueil","item":"https:\/\/www.fredericmenguy.fr\/en\/"},{"@type":"ListItem","position":2,"name":"Contact"}]},{"@type":"WebSite","@id":"https:\/\/www.fredericmenguy.fr\/#website","url":"https:\/\/www.fredericmenguy.fr\/","name":"Fr\u00e9d\u00e9ric Menguy","description":"","potentialAction":[{"@type":"SearchAction","target":{"@type":"EntryPoint","urlTemplate":"https:\/\/www.fredericmenguy.fr\/?s={search_term_string}"},"query-input":{"@type":"PropertyValueSpecification","valueRequired":true,"valueName":"search_term_string"}}],"inLanguage":"en-US"}]}},"_links":{"self":[{"href":"https:\/\/www.fredericmenguy.fr\/en\/wp-json\/wp\/v2\/pages\/16153","targetHints":{"allow":["GET"]}}],"collection":[{"href":"https:\/\/www.fredericmenguy.fr\/en\/wp-json\/wp\/v2\/pages"}],"about":[{"href":"https:\/\/www.fredericmenguy.fr\/en\/wp-json\/wp\/v2\/types\/page"}],"author":[{"embeddable":true,"href":"https:\/\/www.fredericmenguy.fr\/en\/wp-json\/wp\/v2\/users\/2"}],"replies":[{"embeddable":true,"href":"https:\/\/www.fredericmenguy.fr\/en\/wp-json\/wp\/v2\/comments?post=16153"}],"version-history":[{"count":10,"href":"https:\/\/www.fredericmenguy.fr\/en\/wp-json\/wp\/v2\/pages\/16153\/revisions"}],"predecessor-version":[{"id":16351,"href":"https:\/\/www.fredericmenguy.fr\/en\/wp-json\/wp\/v2\/pages\/16153\/revisions\/16351"}],"wp:attachment":[{"href":"https:\/\/www.fredericmenguy.fr\/en\/wp-json\/wp\/v2\/media?parent=16153"}],"curies":[{"name":"wp","href":"https:\/\/api.w.org\/{rel}","templated":true}]}}