{"id":16148,"date":"2017-01-04T15:11:32","date_gmt":"2017-01-04T14:11:32","guid":{"rendered":"http:\/\/www.fredericmenguy.fr\/?page_id=16148\/"},"modified":"2022-06-06T16:53:25","modified_gmt":"2022-06-06T14:53:25","slug":"ingredient-suppliers-training","status":"publish","type":"page","link":"https:\/\/www.fredericmenguy.fr\/en\/ingredient-suppliers-training\/","title":{"rendered":"Ingredient suppliers training"},"content":{"rendered":"<div class=\"wpb-content-wrapper\"><p>[vc_row css_animation=&#8221;&#8221; row_type=&#8221;row&#8221; use_row_as_full_screen_section=&#8221;no&#8221; type=&#8221;grid&#8221; angled_section=&#8221;no&#8221; text_align=&#8221;left&#8221; background_image_as_pattern=&#8221;without_pattern&#8221; background_color=&#8221;#ffffff&#8221; padding_top=&#8221;90&#8243; padding_bottom=&#8221;90&#8243;][vc_column][vc_column_text]<\/p>\n<h2 style=\"text-align: center;\">Confectionery training<\/h2>\n<p>[\/vc_column_text][vc_separator type=&#8221;small&#8221; position=&#8221;center&#8221; up=&#8221;7&#8243; down=&#8221;38&#8243;][vc_column_text]<\/p>\n<h4 style=\"text-align: center;\">for ingredient suppliers<\/h4>\n<p>[\/vc_column_text][vc_separator type=&#8221;transparent&#8221; up=&#8221;42&#8243; down=&#8221;15&#8243;][vc_column_text]<\/p>\n<h3>1\/ Sales department<\/h3>\n<p>&nbsp;<\/p>\n<p>As a sale manager, you and your team are often asked technical questions from your clients. Fr\u00e9d\u00e9ric Menguy can carry out short, intensive confectionery training which highlight the most important parameters of each panning step. You will then be able to gain competence and to bring answers expected by your customers.<\/p>\n<p>&nbsp;<\/p>\n<p>&nbsp;<\/p>\n<h3>2\/ R&amp;D department<\/h3>\n<p>&nbsp;<\/p>\n<p>As R&amp;D manager, you and your team must be able to incorporate your ingredients into <a href=\"https:\/\/www.fredericmenguy.fr\/en\/panned-products-development-and-batch-testing\/\">panned products<\/a> in your laboratory and pilot scale. Fr\u00e9d\u00e9ric Menguy can offer confectionery training which will enable:[\/vc_column_text][vc_separator type=&#8221;transparent&#8221; up=&#8221;20&#8243; down=&#8221;20&#8243;][vc_row_inner row_type=&#8221;row&#8221; type=&#8221;full_width&#8221; text_align=&#8221;left&#8221; css_animation=&#8221;&#8221;][vc_column_inner width=&#8221;1\/6&#8243;][\/vc_column_inner][vc_column_inner width=&#8221;5\/6&#8243;]<div class=\"q_list number circle_number\">\n\t<\/p>\n<ul>\n<li>Implementation of your ingredients<\/li>\n<li>Production of samples or prototype valuing your ingredients.<\/li>\n<li>Operational mode set-up for your customers which will include specific recommendations (equipment, environment, air flow, temperatures, etc.)<\/li>\n<\/ul>\n<p><\/div>[\/vc_column_inner][\/vc_row_inner][\/vc_column][\/vc_row][vc_row css_animation=&#8221;&#8221; row_type=&#8221;row&#8221; use_row_as_full_screen_section=&#8221;no&#8221; type=&#8221;full_width&#8221; angled_section=&#8221;no&#8221; text_align=&#8221;left&#8221; background_image_as_pattern=&#8221;without_pattern&#8221; background_image=&#8221;16414&#8243; padding_top=&#8221;650&#8243;][vc_column][\/vc_column][\/vc_row][vc_row css_animation=&#8221;&#8221; row_type=&#8221;row&#8221; use_row_as_full_screen_section=&#8221;no&#8221; type=&#8221;grid&#8221; angled_section=&#8221;no&#8221; text_align=&#8221;left&#8221; background_image_as_pattern=&#8221;without_pattern&#8221; background_image=&#8221;15168&#8243; background_color=&#8221;#f6f6f6&#8243; padding_top=&#8221;90&#8243; padding_bottom=&#8221;90&#8243;][vc_column][vc_column_text]<\/p>\n<h2 style=\"text-align: center;\">Pan coating training and advice for ingredient suppliers<\/h2>\n<p>[\/vc_column_text][vc_separator type=&#8221;small&#8221; position=&#8221;center&#8221; up=&#8221;7&#8243; down=&#8221;38&#8243;][vc_column_text]<\/p>\n<h4 style=\"text-align: center;\">Fr\u00e9d\u00e9ric Menguy takes action in your company or at your customer\u2019s facilities combining pan coating training and <a href=\"https:\/\/www.fredericmenguy.fr\/en\/equipment-choice-sizing-and-budget\/\">advice about equipment<\/a>, raw material or manufacturing protocols.<\/h4>\n<p>[\/vc_column_text][vc_separator type=&#8221;transparent&#8221; up=&#8221;42&#8243; down=&#8221;15&#8243;][vc_column_text]The table below shows different possibilities:[\/vc_column_text][vc_separator type=&#8221;transparent&#8221; up=&#8221;20&#8243; down=&#8221;20&#8243;][vc_row_inner row_type=&#8221;row&#8221; type=&#8221;full_width&#8221; text_align=&#8221;left&#8221; css_animation=&#8221;&#8221;][vc_column_inner width=&#8221;1\/3&#8243;][vc_column_text]<\/p>\n<h4>In your facilities<\/h4>\n<p>&nbsp;<\/p>\n<ul>\n<li>Customer needs analysis<\/li>\n<li>R&amp;D support<\/li>\n<li>Running of trials and testing of ingredients<\/li>\n<li>Writing operational mode<\/li>\n<li>Operators + sales engineers training at 6 steps of the pan coating process :\n<ul>\n<li>Precoating<\/li>\n<li>Chocolate coating<\/li>\n<li>Sugar or sugar-free hard panning<\/li>\n<li>Soft panning<\/li>\n<li>Colouring<\/li>\n<li>Chocolate or sugar polishing<\/li>\n<\/ul>\n<\/li>\n<li>Lab equipment sales advice (new or second-hand)<\/li>\n<\/ul>\n<p>&nbsp;<\/p>\n<p>Training sessions are carried out in your facilities or in one of your partner centres, in France or in Germany.[\/vc_column_text][\/vc_column_inner][vc_column_inner width=&#8221;1\/3&#8243;][vc_column_text]<\/p>\n<h4>At your customer\u2019s<\/h4>\n<p>&nbsp;<\/p>\n<ul>\n<li>Set-up and adjustments of manufacturing parameters<\/li>\n<li>Solve technical and operations problems<\/li>\n<li>Ingredient substitution in the recipe<\/li>\n<li>Training with your ingredient<\/li>\n<\/ul>\n<p>[\/vc_column_text][\/vc_column_inner][vc_column_inner width=&#8221;1\/3&#8243;][vc_column_text]<\/p>\n<h4>In our Application Laboratory<\/h4>\n<p>&nbsp;<\/p>\n<ul>\n<li><a href=\"https:\/\/www.fredericmenguy.fr\/en\/application-lab\/#training\">Train your R&amp;D team to panning technics<\/a><\/li>\n<li><a href=\"https:\/\/www.fredericmenguy.fr\/en\/application-lab\/#ingredients\">Carry-out validation tests of your ingredients<\/a><\/li>\n<li><a href=\"https:\/\/www.fredericmenguy.fr\/en\/application-lab\/#ingredients\">Make your own panned prototype design development<\/a><\/li>\n<li><a href=\"https:\/\/www.fredericmenguy.fr\/en\/application-lab\/#ingredients\">Make your own samples of panned confectioneries to promote your ingredient<\/a><\/li>\n<\/ul>\n<p>[\/vc_column_text][\/vc_column_inner][\/vc_row_inner][\/vc_column][\/vc_row][vc_row css_animation=&#8221;&#8221; row_type=&#8221;row&#8221; use_row_as_full_screen_section=&#8221;no&#8221; type=&#8221;full_width&#8221; angled_section=&#8221;no&#8221; text_align=&#8221;left&#8221; background_image_as_pattern=&#8221;without_pattern&#8221;][vc_column]<div class=\"call_to_action normal\" style=\"background-color: #e5a430;\"><div class=\"container_inner\"><div class=\"two_columns_75_25 clearfix\"><div class=\"text_wrapper column1\"><div class=\"call_to_action_text \" style=\"\">\n<h3><span style=\"color: #ffffff\">Are you looking for a confectionery training adapted to your needs ?<\/span><\/h3>\n<\/div><\/div><div class=\"button_wrapper column2\"><a itemprop=\"url\" href=\"https:\/\/www.fredericmenguy.fr\/en\/contact\/\" class=\"qbutton white \" target=\"_self\" style=\"color: #ffffff;border-color: #ffffff;\" data-hover-background-color=#ffffff data-hover-border-color=#ffffff data-hover-color=#e5a430>Contact Fr\u00e9d\u00e9ric Menguy<\/a><\/div><\/div><\/div><\/div>[\/vc_column][\/vc_row][vc_row css_animation=&#8221;&#8221; row_type=&#8221;row&#8221; use_row_as_full_screen_section=&#8221;no&#8221; type=&#8221;full_width&#8221; angled_section=&#8221;no&#8221; text_align=&#8221;left&#8221; background_image_as_pattern=&#8221;without_pattern&#8221;][vc_column][vc_single_image image=&#8221;15425&#8243; img_size=&#8221;full&#8221; alignment=&#8221;center&#8221; qode_css_animation=&#8221;&#8221;][\/vc_column][\/vc_row][vc_row css_animation=&#8221;&#8221; row_type=&#8221;row&#8221; use_row_as_full_screen_section=&#8221;no&#8221; type=&#8221;full_width&#8221; angled_section=&#8221;no&#8221; text_align=&#8221;left&#8221; background_image_as_pattern=&#8221;without_pattern&#8221; padding_top=&#8221;15&#8243; padding_bottom=&#8221;0&#8243; css=&#8221;.vc_custom_1481193903771{background-color: #e5a430 !important;}&#8221;][vc_column][\/vc_column][\/vc_row]<\/p>\n<\/div>","protected":false},"excerpt":{"rendered":"<p>[vc_row css_animation=&#8221;&#8221; row_type=&#8221;row&#8221; use_row_as_full_screen_section=&#8221;no&#8221; type=&#8221;grid&#8221; angled_section=&#8221;no&#8221; text_align=&#8221;left&#8221; background_image_as_pattern=&#8221;without_pattern&#8221; background_color=&#8221;#ffffff&#8221; padding_top=&#8221;90&#8243; padding_bottom=&#8221;90&#8243;][vc_column][vc_column_text] Confectionery training [\/vc_column_text][vc_separator type=&#8221;small&#8221; position=&#8221;center&#8221; up=&#8221;7&#8243; down=&#8221;38&#8243;][vc_column_text] for ingredient suppliers [\/vc_column_text][vc_separator type=&#8221;transparent&#8221; up=&#8221;42&#8243; down=&#8221;15&#8243;][vc_column_text] 1\/ Sales department &nbsp; As a sale manager, you and your team are often asked technical questions from your clients&#8230;.<\/p>\n","protected":false},"author":2,"featured_media":0,"parent":0,"menu_order":0,"comment_status":"open","ping_status":"closed","template":"full_width.php","meta":{"footnotes":""},"class_list":["post-16148","page","type-page","status-publish","hentry"],"yoast_head":"<!-- This site is optimized with the Yoast SEO plugin v27.4 - https:\/\/yoast.com\/product\/yoast-seo-wordpress\/ -->\n<title>Confectionery training for ingredient suppliers \u2013 Fr\u00e9d\u00e9ric Menguy, pan coating expert<\/title>\n<meta name=\"description\" content=\"Ingredient suppliers, receive a confectionery training with Fr\u00e9d\u00e9ric Menguy on the 6 operations of pan coating process, in France or anywhere in the world \u2013 Montauban \u2013 France\" \/>\n<meta name=\"robots\" content=\"index, follow, max-snippet:-1, max-image-preview:large, max-video-preview:-1\" \/>\n<link rel=\"canonical\" href=\"https:\/\/www.fredericmenguy.fr\/en\/ingredient-suppliers-training\/\" \/>\n<meta property=\"og:locale\" content=\"en_US\" \/>\n<meta property=\"og:type\" content=\"article\" \/>\n<meta property=\"og:title\" content=\"Confectionery training for ingredient suppliers \u2013 Fr\u00e9d\u00e9ric Menguy, pan coating expert\" \/>\n<meta property=\"og:description\" content=\"Ingredient suppliers, receive a confectionery training with Fr\u00e9d\u00e9ric Menguy on the 6 operations of pan coating process, in France or anywhere in the world \u2013 Montauban \u2013 France\" \/>\n<meta property=\"og:url\" content=\"https:\/\/www.fredericmenguy.fr\/en\/ingredient-suppliers-training\/\" \/>\n<meta property=\"og:site_name\" content=\"Fr\u00e9d\u00e9ric Menguy\" \/>\n<meta property=\"article:modified_time\" content=\"2022-06-06T14:53:25+00:00\" \/>\n<meta name=\"twitter:card\" content=\"summary_large_image\" \/>\n<meta name=\"twitter:site\" content=\"@FMenguy\" \/>\n<meta name=\"twitter:label1\" content=\"Est. reading time\" \/>\n\t<meta name=\"twitter:data1\" content=\"3 minutes\" \/>\n<script type=\"application\/ld+json\" class=\"yoast-schema-graph\">{\"@context\":\"https:\\\/\\\/schema.org\",\"@graph\":[{\"@type\":\"WebPage\",\"@id\":\"https:\\\/\\\/www.fredericmenguy.fr\\\/en\\\/ingredient-suppliers-training\\\/\",\"url\":\"https:\\\/\\\/www.fredericmenguy.fr\\\/en\\\/ingredient-suppliers-training\\\/\",\"name\":\"Confectionery training for ingredient suppliers \u2013 Fr\u00e9d\u00e9ric Menguy, pan coating expert\",\"isPartOf\":{\"@id\":\"https:\\\/\\\/www.fredericmenguy.fr\\\/#website\"},\"datePublished\":\"2017-01-04T14:11:32+00:00\",\"dateModified\":\"2022-06-06T14:53:25+00:00\",\"description\":\"Ingredient suppliers, receive a confectionery training with Fr\u00e9d\u00e9ric Menguy on the 6 operations of pan coating process, in France or anywhere in the world \u2013 Montauban \u2013 France\",\"breadcrumb\":{\"@id\":\"https:\\\/\\\/www.fredericmenguy.fr\\\/en\\\/ingredient-suppliers-training\\\/#breadcrumb\"},\"inLanguage\":\"en-US\",\"potentialAction\":[{\"@type\":\"ReadAction\",\"target\":[\"https:\\\/\\\/www.fredericmenguy.fr\\\/en\\\/ingredient-suppliers-training\\\/\"]}]},{\"@type\":\"BreadcrumbList\",\"@id\":\"https:\\\/\\\/www.fredericmenguy.fr\\\/en\\\/ingredient-suppliers-training\\\/#breadcrumb\",\"itemListElement\":[{\"@type\":\"ListItem\",\"position\":1,\"name\":\"Accueil\",\"item\":\"https:\\\/\\\/www.fredericmenguy.fr\\\/en\\\/\"},{\"@type\":\"ListItem\",\"position\":2,\"name\":\"Ingredient suppliers training\"}]},{\"@type\":\"WebSite\",\"@id\":\"https:\\\/\\\/www.fredericmenguy.fr\\\/#website\",\"url\":\"https:\\\/\\\/www.fredericmenguy.fr\\\/\",\"name\":\"Fr\u00e9d\u00e9ric Menguy\",\"description\":\"\",\"potentialAction\":[{\"@type\":\"SearchAction\",\"target\":{\"@type\":\"EntryPoint\",\"urlTemplate\":\"https:\\\/\\\/www.fredericmenguy.fr\\\/?s={search_term_string}\"},\"query-input\":{\"@type\":\"PropertyValueSpecification\",\"valueRequired\":true,\"valueName\":\"search_term_string\"}}],\"inLanguage\":\"en-US\"}]}<\/script>\n<!-- \/ Yoast SEO plugin. -->","yoast_head_json":{"title":"Confectionery training for ingredient suppliers \u2013 Fr\u00e9d\u00e9ric Menguy, pan coating expert","description":"Ingredient suppliers, receive a confectionery training with Fr\u00e9d\u00e9ric Menguy on the 6 operations of pan coating process, in France or anywhere in the world \u2013 Montauban \u2013 France","robots":{"index":"index","follow":"follow","max-snippet":"max-snippet:-1","max-image-preview":"max-image-preview:large","max-video-preview":"max-video-preview:-1"},"canonical":"https:\/\/www.fredericmenguy.fr\/en\/ingredient-suppliers-training\/","og_locale":"en_US","og_type":"article","og_title":"Confectionery training for ingredient suppliers \u2013 Fr\u00e9d\u00e9ric Menguy, pan coating expert","og_description":"Ingredient suppliers, receive a confectionery training with Fr\u00e9d\u00e9ric Menguy on the 6 operations of pan coating process, in France or anywhere in the world \u2013 Montauban \u2013 France","og_url":"https:\/\/www.fredericmenguy.fr\/en\/ingredient-suppliers-training\/","og_site_name":"Fr\u00e9d\u00e9ric Menguy","article_modified_time":"2022-06-06T14:53:25+00:00","twitter_card":"summary_large_image","twitter_site":"@FMenguy","twitter_misc":{"Est. reading time":"3 minutes"},"schema":{"@context":"https:\/\/schema.org","@graph":[{"@type":"WebPage","@id":"https:\/\/www.fredericmenguy.fr\/en\/ingredient-suppliers-training\/","url":"https:\/\/www.fredericmenguy.fr\/en\/ingredient-suppliers-training\/","name":"Confectionery training for ingredient suppliers \u2013 Fr\u00e9d\u00e9ric Menguy, pan coating expert","isPartOf":{"@id":"https:\/\/www.fredericmenguy.fr\/#website"},"datePublished":"2017-01-04T14:11:32+00:00","dateModified":"2022-06-06T14:53:25+00:00","description":"Ingredient suppliers, receive a confectionery training with Fr\u00e9d\u00e9ric Menguy on the 6 operations of pan coating process, in France or anywhere in the world \u2013 Montauban \u2013 France","breadcrumb":{"@id":"https:\/\/www.fredericmenguy.fr\/en\/ingredient-suppliers-training\/#breadcrumb"},"inLanguage":"en-US","potentialAction":[{"@type":"ReadAction","target":["https:\/\/www.fredericmenguy.fr\/en\/ingredient-suppliers-training\/"]}]},{"@type":"BreadcrumbList","@id":"https:\/\/www.fredericmenguy.fr\/en\/ingredient-suppliers-training\/#breadcrumb","itemListElement":[{"@type":"ListItem","position":1,"name":"Accueil","item":"https:\/\/www.fredericmenguy.fr\/en\/"},{"@type":"ListItem","position":2,"name":"Ingredient suppliers training"}]},{"@type":"WebSite","@id":"https:\/\/www.fredericmenguy.fr\/#website","url":"https:\/\/www.fredericmenguy.fr\/","name":"Fr\u00e9d\u00e9ric Menguy","description":"","potentialAction":[{"@type":"SearchAction","target":{"@type":"EntryPoint","urlTemplate":"https:\/\/www.fredericmenguy.fr\/?s={search_term_string}"},"query-input":{"@type":"PropertyValueSpecification","valueRequired":true,"valueName":"search_term_string"}}],"inLanguage":"en-US"}]}},"_links":{"self":[{"href":"https:\/\/www.fredericmenguy.fr\/en\/wp-json\/wp\/v2\/pages\/16148","targetHints":{"allow":["GET"]}}],"collection":[{"href":"https:\/\/www.fredericmenguy.fr\/en\/wp-json\/wp\/v2\/pages"}],"about":[{"href":"https:\/\/www.fredericmenguy.fr\/en\/wp-json\/wp\/v2\/types\/page"}],"author":[{"embeddable":true,"href":"https:\/\/www.fredericmenguy.fr\/en\/wp-json\/wp\/v2\/users\/2"}],"replies":[{"embeddable":true,"href":"https:\/\/www.fredericmenguy.fr\/en\/wp-json\/wp\/v2\/comments?post=16148"}],"version-history":[{"count":11,"href":"https:\/\/www.fredericmenguy.fr\/en\/wp-json\/wp\/v2\/pages\/16148\/revisions"}],"predecessor-version":[{"id":19000,"href":"https:\/\/www.fredericmenguy.fr\/en\/wp-json\/wp\/v2\/pages\/16148\/revisions\/19000"}],"wp:attachment":[{"href":"https:\/\/www.fredericmenguy.fr\/en\/wp-json\/wp\/v2\/media?parent=16148"}],"curies":[{"name":"wp","href":"https:\/\/api.w.org\/{rel}","templated":true}]}}