{"id":16146,"date":"2017-01-04T15:10:01","date_gmt":"2017-01-04T14:10:01","guid":{"rendered":"http:\/\/www.fredericmenguy.fr\/?page_id=16146\/"},"modified":"2022-06-13T08:07:40","modified_gmt":"2022-06-13T06:07:40","slug":"artisan-chocolatier-training","status":"publish","type":"page","link":"https:\/\/www.fredericmenguy.fr\/en\/artisan-chocolatier-training\/","title":{"rendered":"Artisan chocolatier training"},"content":{"rendered":"<div class=\"wpb-content-wrapper\"><p>[vc_row css_animation=&#8221;&#8221; row_type=&#8221;row&#8221; use_row_as_full_screen_section=&#8221;no&#8221; type=&#8221;grid&#8221; angled_section=&#8221;no&#8221; text_align=&#8221;left&#8221; background_image_as_pattern=&#8221;without_pattern&#8221; background_color=&#8221;#ffffff&#8221; padding_top=&#8221;90&#8243;][vc_column][vc_column_text]<\/p>\n<h2 style=\"text-align: center;\">Chocolate training at the Ecole Sup\u00e9rieure des M\u00e9tiers de Muret near Toulouse (French language)<\/h2>\n<p>[\/vc_column_text][vc_separator type=&#8221;small&#8221; position=&#8221;center&#8221; up=&#8221;7&#8243; down=&#8221;38&#8243;][vc_column_text]<\/p>\n<h4 style=\"text-align: center;\">In partnership with the<a href=\"https:\/\/www.chocolatiers.fr\/website\/page\/formation?__ws=YToyOntzOjQ6InBhZ2UiO2k6MTAwMDtzOjQ6ImFyZWEiO3M6OToibWFpbl9tZW51Ijt9\" target=\"_blank\" rel=\"noopener\"> Confederation of Chocolatier of France<\/a>, Fr\u00e9d\u00e9ric Menguy offers to artisan chocolatiers two or three annual sessions which cover chocolate pan coating operations:<\/h4>\n<p>[\/vc_column_text][vc_separator type=&#8221;transparent&#8221; up=&#8221;0&#8243; down=&#8221;0&#8243;][\/vc_column][\/vc_row][vc_row css_animation=&#8221;&#8221; row_type=&#8221;row&#8221; use_row_as_full_screen_section=&#8221;no&#8221; type=&#8221;grid&#8221; angled_section=&#8221;no&#8221; text_align=&#8221;left&#8221; background_image_as_pattern=&#8221;without_pattern&#8221; background_color=&#8221;#ffffff&#8221; padding_top=&#8221;30&#8243; padding_bottom=&#8221;90&#8243;][vc_column width=&#8221;1\/3&#8243;][vc_separator type=&#8221;transparent&#8221; up=&#8221;20&#8243; down=&#8221;10&#8243;][vc_single_image image=&#8221;16390&#8243; img_size=&#8221;medium&#8221; alignment=&#8221;center&#8221; style=&#8221;vc_box_border_circle&#8221; qode_css_animation=&#8221;&#8221;][vc_separator type=&#8221;transparent&#8221; up=&#8221;10&#8243;][vc_column_text]<\/p>\n<h3 style=\"text-align: center;\">01<\/h3>\n<p>[\/vc_column_text][vc_column_text]<\/p>\n<h3 style=\"text-align: center;\">Precoating<\/h3>\n<p>[\/vc_column_text][\/vc_column][vc_column width=&#8221;1\/3&#8243;][vc_separator type=&#8221;transparent&#8221; up=&#8221;20&#8243; down=&#8221;10&#8243;][vc_single_image image=&#8221;16420&#8243; img_size=&#8221;medium&#8221; alignment=&#8221;center&#8221; style=&#8221;vc_box_border_circle&#8221; qode_css_animation=&#8221;&#8221;][vc_separator type=&#8221;transparent&#8221; up=&#8221;10&#8243;][vc_column_text]<\/p>\n<h3 style=\"text-align: center;\">02<\/h3>\n<p>[\/vc_column_text][vc_column_text]<\/p>\n<h3 style=\"text-align: center;\">Chocolate coating<\/h3>\n<p>[\/vc_column_text][\/vc_column][vc_column width=&#8221;1\/3&#8243;][vc_separator type=&#8221;transparent&#8221; up=&#8221;20&#8243; down=&#8221;10&#8243;][vc_single_image image=&#8221;16407&#8243; img_size=&#8221;medium&#8221; alignment=&#8221;center&#8221; style=&#8221;vc_box_border_circle&#8221; qode_css_animation=&#8221;&#8221;][vc_separator type=&#8221;transparent&#8221; up=&#8221;10&#8243;][vc_column_text]<\/p>\n<h3 style=\"text-align: center;\">03<\/h3>\n<p>[\/vc_column_text][vc_column_text]<\/p>\n<h3 style=\"text-align: center;\">Polishing \/ glazing<\/h3>\n<p>[\/vc_column_text][\/vc_column][\/vc_row][vc_row css_animation=&#8221;&#8221; row_type=&#8221;row&#8221; use_row_as_full_screen_section=&#8221;no&#8221; type=&#8221;grid&#8221; angled_section=&#8221;no&#8221; text_align=&#8221;left&#8221; background_image_as_pattern=&#8221;without_pattern&#8221; background_color=&#8221;#ffffff&#8221; padding_top=&#8221;0&#8243; padding_bottom=&#8221;90&#8243;][vc_column][vc_column_text]<\/p>\n<h3>The chocolatier training content is adapted to small pan apprenticeship.<\/h3>\n<p>The emphasis is on equipment knowledge and information to guide the chocolatier for future investment.<\/p>\n<p>&nbsp;<\/p>\n<p>An important part of the chocolatier training is also dedicated to the pan coating market knowledge including best suited suppliers of equipment and ingredients needed for your production. Having worked in industry for many years himself, Fr\u00e9d\u00e9ric Menguy works to create links between the artisanal and the industrial world.<\/p>\n<p>&nbsp;<\/p>\n<p>Having worked in industry for many years himself, Fr\u00e9d\u00e9ric Menguy works to create links between the artisanal and the industrial world. These links should enable the artisan to work rationally, emphasising on monitoring temperatures, humidity and weight taking into account the variations in meteorological parameters.[\/vc_column_text][\/vc_column][\/vc_row][vc_row css_animation=&#8221;&#8221; row_type=&#8221;row&#8221; use_row_as_full_screen_section=&#8221;no&#8221; type=&#8221;grid&#8221; angled_section=&#8221;no&#8221; text_align=&#8221;left&#8221; background_image_as_pattern=&#8221;without_pattern&#8221; background_color=&#8221;#6e6259&#8243; padding_top=&#8221;60&#8243; padding_bottom=&#8221;60&#8243;][vc_column][vc_column_text]<\/p>\n<h2 style=\"text-align: center;\"><span style=\"color: #e5a430;\">This rational method will allow the artisan to create freely<\/span><\/h2>\n<p>[\/vc_column_text][\/vc_column][\/vc_row][vc_row row_type=&#8221;parallax&#8221; parallax_content_width=&#8221;in_grid&#8221; text_align=&#8221;left&#8221; full_screen_section_height=&#8221;no&#8221; background_image=&#8221;16431&#8243; section_height=&#8221;650&#8243;][vc_column][\/vc_column][\/vc_row][vc_row css_animation=&#8221;&#8221; row_type=&#8221;row&#8221; use_row_as_full_screen_section=&#8221;no&#8221; type=&#8221;grid&#8221; angled_section=&#8221;no&#8221; text_align=&#8221;left&#8221; background_image_as_pattern=&#8221;without_pattern&#8221; background_image=&#8221;15168&#8243; background_color=&#8221;#f6f6f6&#8243; padding_top=&#8221;90&#8243; padding_bottom=&#8221;90&#8243;][vc_column][vc_column_text]<\/p>\n<h2 style=\"text-align: center;\">Products creation and chocolate panned training.<\/h2>\n<p>[\/vc_column_text][vc_separator type=&#8221;small&#8221; position=&#8221;center&#8221; up=&#8221;7&#8243; down=&#8221;38&#8243;][vc_column_text]<\/p>\n<h4 style=\"text-align: center;\">Fr\u00e9d\u00e9ric Menguy also proposes chocolate panned training on site to artisan chocolatier.<\/h4>\n<p>[\/vc_column_text][vc_separator type=&#8221;transparent&#8221; up=&#8221;42&#8243; down=&#8221;15&#8243;][vc_column_text]<span class='q_dropcap square' style='background-color:#6e6259;color:#ffffff;'>H<\/span>e proposes hands on training which allows the <a href=\"https:\/\/www.fredericmenguy.fr\/en\/artisan-chocolatier\/\">artisan chocolatier<\/a> to set up parameters of a new product while learning. Production can then start immediately after training.<br \/>\nIn this case, Fr\u00e9d\u00e9ric Menguy adapts the content of the panned chocolate training to the needs of the artisan. All the following operations can be carried out:[\/vc_column_text][vc_separator type=&#8221;transparent&#8221; up=&#8221;20&#8243; down=&#8221;20&#8243;][vc_row_inner row_type=&#8221;row&#8221; type=&#8221;full_width&#8221; text_align=&#8221;left&#8221; css_animation=&#8221;&#8221;][vc_column_inner width=&#8221;1\/6&#8243;][\/vc_column_inner][vc_column_inner width=&#8221;5\/6&#8243;]<div class=\"q_list number circle_number\">\n\t<\/p>\n<ul>\n<li>Precoating<\/li>\n<li>Chocolate pan coating<\/li>\n<li>Chocolate polishing<\/li>\n<li>Hard panning (sugar and sugar-free)<\/li>\n<li>Soft panning<\/li>\n<li>Colouring and finishing<\/li>\n<li>Sugar polishing<\/li>\n<\/ul>\n<p><\/div>[\/vc_column_inner][\/vc_row_inner][\/vc_column][\/vc_row][vc_row css_animation=&#8221;&#8221; row_type=&#8221;row&#8221; use_row_as_full_screen_section=&#8221;no&#8221; type=&#8221;grid&#8221; angled_section=&#8221;no&#8221; text_align=&#8221;left&#8221; background_image_as_pattern=&#8221;without_pattern&#8221; background_color=&#8221;#ffffff&#8221; padding_top=&#8221;90&#8243;][vc_column width=&#8221;1\/2&#8243;][vc_row_inner row_type=&#8221;row&#8221; type=&#8221;full_width&#8221; text_align=&#8221;center&#8221; css_animation=&#8221;&#8221;][vc_column_inner][vc_separator type=&#8221;transparent&#8221; up=&#8221;10&#8243; down=&#8221;0&#8243;][vc_column_text]<\/p>\n<h2 style=\"text-align: center;\">In our Application Laboratory,<br \/>\nin Training Center<br \/>\nor in your facilities<\/h2>\n<p>[\/vc_column_text][vc_separator type=&#8221;small&#8221; position=&#8221;center&#8221; up=&#8221;7&#8243; down=&#8221;38&#8243;]<div class=\"q_list number circle_number\">\n\t<\/p>\n<ul style=\"text-align: left\">\n<li>In our Laboratory: a tailor-made training for your team.<\/li>\n<li>In a Training Center of Agir CRT in Bordeaux.<\/li>\n<li>In your facilities for a training in your equipment.<\/li>\n<\/ul>\n<p><\/div>[vc_separator type=&#8221;transparent&#8221; up=&#8221;35&#8243; down=&#8221;0&#8243;]<a  itemprop=\"url\" href=\"https:\/\/www.fredericmenguy.fr\/en\/application-lab\/#training\" target=\"_self\" data-hover-background-color=\"#ffffff\" data-hover-border-color=\"#6e6259\" data-hover-color=\"#6e6259\" class=\"qbutton  default\" style=\"color: #ffffff; border-color: #ffffff; background-color:#e5a430;\">Our trainings for Artisans Chocolatiers<\/a>[\/vc_column_inner][\/vc_row_inner][vc_separator type=&#8221;transparent&#8221; up=&#8221;50&#8243; down=&#8221;0&#8243;][vc_column_text]<\/p>\n<p style=\"text-align: center;\">Duration can be adapted for your needs. Please feel free to contact us directly.<br \/>\nBy e-mail : <a href=\"https:\/\/www.fredericmenguy.fr\/en\/contact\/\">info@fredericmenguy.fr<\/a><br \/>\nBy phone : +33 648 10 67 32<\/p>\n<p>[\/vc_column_text][vc_separator type=&#8221;transparent&#8221; up=&#8221;70&#8243; down=&#8221;0&#8243;][\/vc_column][vc_column width=&#8221;1\/2&#8243;][vc_single_image image=&#8221;16424&#8243; img_size=&#8221;full&#8221; alignment=&#8221;center&#8221; style=&#8221;vc_box_border_circle&#8221; qode_css_animation=&#8221;element_from_right&#8221; transition_delay=&#8221;0.3&#8243;][vc_separator type=&#8221;transparent&#8221; up=&#8221;80&#8243; down=&#8221;8&#8243;][\/vc_column][\/vc_row][vc_row row_type=&#8221;parallax&#8221; parallax_content_width=&#8221;in_grid&#8221; text_align=&#8221;left&#8221; full_screen_section_height=&#8221;no&#8221; background_image=&#8221;16411&#8243; section_height=&#8221;650&#8243;][vc_column][vc_separator type=&#8221;transparent&#8221; up=&#8221;93&#8243; down=&#8221;0&#8243;][vc_row_inner row_type=&#8221;row&#8221; type=&#8221;full_width&#8221; text_align=&#8221;left&#8221; css_animation=&#8221;&#8221;][vc_column_inner offset=&#8221;vc_col-lg-6 vc_col-md-6&#8243;][vc_single_image image=&#8221;16432&#8243; img_size=&#8221;full&#8221; alignment=&#8221;center&#8221; style=&#8221;vc_box_border_circle&#8221; qode_css_animation=&#8221;element_from_left&#8221; transition_delay=&#8221;0.3&#8243;][vc_separator type=&#8221;transparent&#8221; up=&#8221;23&#8243; down=&#8221;0&#8243;][\/vc_column_inner][vc_column_inner offset=&#8221;vc_col-lg-6 vc_col-md-6&#8243;][vc_separator type=&#8221;transparent&#8221; up=&#8221;46&#8243; down=&#8221;0&#8243;][vc_column_text]<\/p>\n<h2><span style=\"color: #ffffff;\">Are you looking for<\/span><br \/>\n<span style=\"color: #ffffff;\">a chocolatier training ?<\/span><\/h2>\n<p>[\/vc_column_text][vc_separator type=&#8221;small&#8221; position=&#8221;left&#8221; color=&#8221;#ffffff&#8221; down=&#8221;37&#8243;][vc_column_text]<\/p>\n<h4><span style=\"color: #ffffff;\">Get an expert trainer in sugar or chocolate <\/span><br \/>\n<span style=\"color: #ffffff;\">pan coating?<\/span><\/h4>\n<p>[\/vc_column_text][vc_separator type=&#8221;transparent&#8221; up=&#8221;30&#8243; down=&#8221;0&#8243;][vc_column_text]<span style=\"color: #ffffff;\">Today recognized as one of the best experts in pan coating, he guides industrial confectioners and artisan chocolatiers in their development in France as well as internationally.<\/span>[\/vc_column_text][vc_separator type=&#8221;transparent&#8221; up=&#8221;40&#8243; down=&#8221;0&#8243;]<a  itemprop=\"url\" href=\"https:\/\/www.fredericmenguy.fr\/en\/contact\/\" target=\"_self\" data-hover-background-color=\"#ffffff\" data-hover-border-color=\"#ffffff\" data-hover-color=\"#303030\" class=\"qbutton  default\" style=\"color: #ffffff; border-color: #e5a430; background-color:#e5a430;\">Contact Fr\u00e9d\u00e9ric Menguy<\/a>[vc_separator type=&#8221;transparent&#8221; up=&#8221;93&#8243; down=&#8221;0&#8243;][\/vc_column_inner][\/vc_row_inner][\/vc_column][\/vc_row][vc_row css_animation=&#8221;&#8221; row_type=&#8221;row&#8221; use_row_as_full_screen_section=&#8221;no&#8221; type=&#8221;full_width&#8221; angled_section=&#8221;no&#8221; text_align=&#8221;left&#8221; background_image_as_pattern=&#8221;without_pattern&#8221; padding_top=&#8221;15&#8243; padding_bottom=&#8221;0&#8243; css=&#8221;.vc_custom_1481193892951{background-color: #e5a430 !important;}&#8221;][vc_column][\/vc_column][\/vc_row][vc_row css_animation=&#8221;&#8221; row_type=&#8221;row&#8221; use_row_as_full_screen_section=&#8221;no&#8221; type=&#8221;full_width&#8221; angled_section=&#8221;no&#8221; text_align=&#8221;left&#8221; background_image_as_pattern=&#8221;without_pattern&#8221;][vc_column][vc_single_image image=&#8221;15425&#8243; img_size=&#8221;full&#8221; alignment=&#8221;center&#8221; qode_css_animation=&#8221;&#8221;][\/vc_column][\/vc_row][vc_row css_animation=&#8221;&#8221; row_type=&#8221;row&#8221; use_row_as_full_screen_section=&#8221;no&#8221; type=&#8221;full_width&#8221; angled_section=&#8221;no&#8221; text_align=&#8221;left&#8221; background_image_as_pattern=&#8221;without_pattern&#8221; padding_top=&#8221;15&#8243; padding_bottom=&#8221;0&#8243; css=&#8221;.vc_custom_1481193903771{background-color: #e5a430 !important;}&#8221;][vc_column][\/vc_column][\/vc_row]<\/p>\n<\/div>","protected":false},"excerpt":{"rendered":"<p>[vc_row css_animation=&#8221;&#8221; row_type=&#8221;row&#8221; use_row_as_full_screen_section=&#8221;no&#8221; type=&#8221;grid&#8221; angled_section=&#8221;no&#8221; text_align=&#8221;left&#8221; background_image_as_pattern=&#8221;without_pattern&#8221; background_color=&#8221;#ffffff&#8221; padding_top=&#8221;90&#8243;][vc_column][vc_column_text] Chocolate training at the Ecole Sup\u00e9rieure des M\u00e9tiers de Muret near Toulouse (French language) [\/vc_column_text][vc_separator type=&#8221;small&#8221; position=&#8221;center&#8221; up=&#8221;7&#8243; down=&#8221;38&#8243;][vc_column_text] In partnership with the Confederation of Chocolatier of France, Fr\u00e9d\u00e9ric Menguy offers to artisan chocolatiers two&#8230;<\/p>\n","protected":false},"author":2,"featured_media":0,"parent":0,"menu_order":0,"comment_status":"open","ping_status":"closed","template":"full_width.php","meta":{"footnotes":""},"class_list":["post-16146","page","type-page","status-publish","hentry"],"yoast_head":"<!-- This site is optimized with the Yoast SEO plugin v27.4 - https:\/\/yoast.com\/product\/yoast-seo-wordpress\/ -->\n<title>Pan coating training for artisan chocolatiers \u2013 Fr\u00e9d\u00e9ric Menguy, pan coating expert<\/title>\n<meta name=\"description\" content=\"Receive a chocolatier training with Fr\u00e9d\u00e9ric Menguy on the chocolate pan coating process, in France or anywhere in the world \u2013 Montauban - France\" \/>\n<meta name=\"robots\" content=\"index, follow, max-snippet:-1, max-image-preview:large, max-video-preview:-1\" \/>\n<link rel=\"canonical\" href=\"https:\/\/www.fredericmenguy.fr\/en\/artisan-chocolatier-training\/\" \/>\n<meta property=\"og:locale\" content=\"en_US\" \/>\n<meta property=\"og:type\" content=\"article\" \/>\n<meta property=\"og:title\" content=\"Pan coating training for artisan chocolatiers \u2013 Fr\u00e9d\u00e9ric Menguy, pan coating expert\" \/>\n<meta property=\"og:description\" content=\"Receive a chocolatier training with Fr\u00e9d\u00e9ric Menguy on the chocolate pan coating process, in France or anywhere in the world \u2013 Montauban - France\" \/>\n<meta property=\"og:url\" content=\"https:\/\/www.fredericmenguy.fr\/en\/artisan-chocolatier-training\/\" \/>\n<meta property=\"og:site_name\" content=\"Fr\u00e9d\u00e9ric Menguy\" \/>\n<meta property=\"article:modified_time\" content=\"2022-06-13T06:07:40+00:00\" \/>\n<meta name=\"twitter:card\" content=\"summary_large_image\" \/>\n<meta name=\"twitter:site\" content=\"@FMenguy\" \/>\n<meta name=\"twitter:label1\" content=\"Est. reading time\" \/>\n\t<meta name=\"twitter:data1\" content=\"4 minutes\" \/>\n<script type=\"application\/ld+json\" class=\"yoast-schema-graph\">{\"@context\":\"https:\\\/\\\/schema.org\",\"@graph\":[{\"@type\":\"WebPage\",\"@id\":\"https:\\\/\\\/www.fredericmenguy.fr\\\/en\\\/artisan-chocolatier-training\\\/\",\"url\":\"https:\\\/\\\/www.fredericmenguy.fr\\\/en\\\/artisan-chocolatier-training\\\/\",\"name\":\"Pan coating training for artisan chocolatiers \u2013 Fr\u00e9d\u00e9ric Menguy, pan coating expert\",\"isPartOf\":{\"@id\":\"https:\\\/\\\/www.fredericmenguy.fr\\\/#website\"},\"datePublished\":\"2017-01-04T14:10:01+00:00\",\"dateModified\":\"2022-06-13T06:07:40+00:00\",\"description\":\"Receive a chocolatier training with Fr\u00e9d\u00e9ric Menguy on the chocolate pan coating process, in France or anywhere in the world \u2013 Montauban - France\",\"breadcrumb\":{\"@id\":\"https:\\\/\\\/www.fredericmenguy.fr\\\/en\\\/artisan-chocolatier-training\\\/#breadcrumb\"},\"inLanguage\":\"en-US\",\"potentialAction\":[{\"@type\":\"ReadAction\",\"target\":[\"https:\\\/\\\/www.fredericmenguy.fr\\\/en\\\/artisan-chocolatier-training\\\/\"]}]},{\"@type\":\"BreadcrumbList\",\"@id\":\"https:\\\/\\\/www.fredericmenguy.fr\\\/en\\\/artisan-chocolatier-training\\\/#breadcrumb\",\"itemListElement\":[{\"@type\":\"ListItem\",\"position\":1,\"name\":\"Accueil\",\"item\":\"https:\\\/\\\/www.fredericmenguy.fr\\\/en\\\/\"},{\"@type\":\"ListItem\",\"position\":2,\"name\":\"Artisan chocolatier training\"}]},{\"@type\":\"WebSite\",\"@id\":\"https:\\\/\\\/www.fredericmenguy.fr\\\/#website\",\"url\":\"https:\\\/\\\/www.fredericmenguy.fr\\\/\",\"name\":\"Fr\u00e9d\u00e9ric Menguy\",\"description\":\"\",\"potentialAction\":[{\"@type\":\"SearchAction\",\"target\":{\"@type\":\"EntryPoint\",\"urlTemplate\":\"https:\\\/\\\/www.fredericmenguy.fr\\\/?s={search_term_string}\"},\"query-input\":{\"@type\":\"PropertyValueSpecification\",\"valueRequired\":true,\"valueName\":\"search_term_string\"}}],\"inLanguage\":\"en-US\"}]}<\/script>\n<!-- \/ Yoast SEO plugin. -->","yoast_head_json":{"title":"Pan coating training for artisan chocolatiers \u2013 Fr\u00e9d\u00e9ric Menguy, pan coating expert","description":"Receive a chocolatier training with Fr\u00e9d\u00e9ric Menguy on the chocolate pan coating process, in France or anywhere in the world \u2013 Montauban - France","robots":{"index":"index","follow":"follow","max-snippet":"max-snippet:-1","max-image-preview":"max-image-preview:large","max-video-preview":"max-video-preview:-1"},"canonical":"https:\/\/www.fredericmenguy.fr\/en\/artisan-chocolatier-training\/","og_locale":"en_US","og_type":"article","og_title":"Pan coating training for artisan chocolatiers \u2013 Fr\u00e9d\u00e9ric Menguy, pan coating expert","og_description":"Receive a chocolatier training with Fr\u00e9d\u00e9ric Menguy on the chocolate pan coating process, in France or anywhere in the world \u2013 Montauban - France","og_url":"https:\/\/www.fredericmenguy.fr\/en\/artisan-chocolatier-training\/","og_site_name":"Fr\u00e9d\u00e9ric Menguy","article_modified_time":"2022-06-13T06:07:40+00:00","twitter_card":"summary_large_image","twitter_site":"@FMenguy","twitter_misc":{"Est. reading time":"4 minutes"},"schema":{"@context":"https:\/\/schema.org","@graph":[{"@type":"WebPage","@id":"https:\/\/www.fredericmenguy.fr\/en\/artisan-chocolatier-training\/","url":"https:\/\/www.fredericmenguy.fr\/en\/artisan-chocolatier-training\/","name":"Pan coating training for artisan chocolatiers \u2013 Fr\u00e9d\u00e9ric Menguy, pan coating expert","isPartOf":{"@id":"https:\/\/www.fredericmenguy.fr\/#website"},"datePublished":"2017-01-04T14:10:01+00:00","dateModified":"2022-06-13T06:07:40+00:00","description":"Receive a chocolatier training with Fr\u00e9d\u00e9ric Menguy on the chocolate pan coating process, in France or anywhere in the world \u2013 Montauban - France","breadcrumb":{"@id":"https:\/\/www.fredericmenguy.fr\/en\/artisan-chocolatier-training\/#breadcrumb"},"inLanguage":"en-US","potentialAction":[{"@type":"ReadAction","target":["https:\/\/www.fredericmenguy.fr\/en\/artisan-chocolatier-training\/"]}]},{"@type":"BreadcrumbList","@id":"https:\/\/www.fredericmenguy.fr\/en\/artisan-chocolatier-training\/#breadcrumb","itemListElement":[{"@type":"ListItem","position":1,"name":"Accueil","item":"https:\/\/www.fredericmenguy.fr\/en\/"},{"@type":"ListItem","position":2,"name":"Artisan chocolatier training"}]},{"@type":"WebSite","@id":"https:\/\/www.fredericmenguy.fr\/#website","url":"https:\/\/www.fredericmenguy.fr\/","name":"Fr\u00e9d\u00e9ric Menguy","description":"","potentialAction":[{"@type":"SearchAction","target":{"@type":"EntryPoint","urlTemplate":"https:\/\/www.fredericmenguy.fr\/?s={search_term_string}"},"query-input":{"@type":"PropertyValueSpecification","valueRequired":true,"valueName":"search_term_string"}}],"inLanguage":"en-US"}]}},"_links":{"self":[{"href":"https:\/\/www.fredericmenguy.fr\/en\/wp-json\/wp\/v2\/pages\/16146","targetHints":{"allow":["GET"]}}],"collection":[{"href":"https:\/\/www.fredericmenguy.fr\/en\/wp-json\/wp\/v2\/pages"}],"about":[{"href":"https:\/\/www.fredericmenguy.fr\/en\/wp-json\/wp\/v2\/types\/page"}],"author":[{"embeddable":true,"href":"https:\/\/www.fredericmenguy.fr\/en\/wp-json\/wp\/v2\/users\/2"}],"replies":[{"embeddable":true,"href":"https:\/\/www.fredericmenguy.fr\/en\/wp-json\/wp\/v2\/comments?post=16146"}],"version-history":[{"count":46,"href":"https:\/\/www.fredericmenguy.fr\/en\/wp-json\/wp\/v2\/pages\/16146\/revisions"}],"predecessor-version":[{"id":19133,"href":"https:\/\/www.fredericmenguy.fr\/en\/wp-json\/wp\/v2\/pages\/16146\/revisions\/19133"}],"wp:attachment":[{"href":"https:\/\/www.fredericmenguy.fr\/en\/wp-json\/wp\/v2\/media?parent=16146"}],"curies":[{"name":"wp","href":"https:\/\/api.w.org\/{rel}","templated":true}]}}