{"id":16142,"date":"2017-01-04T15:07:56","date_gmt":"2017-01-04T14:07:56","guid":{"rendered":"http:\/\/www.fredericmenguy.fr\/?page_id=16142\/"},"modified":"2017-03-02T10:33:50","modified_gmt":"2017-03-02T09:33:50","slug":"panning-set-up-and-start-up","status":"publish","type":"page","link":"https:\/\/www.fredericmenguy.fr\/en\/panning-set-up-and-start-up\/","title":{"rendered":"Panning set-up and start-up"},"content":{"rendered":"<div class=\"wpb-content-wrapper\"><p>[vc_row css_animation=&#8221;&#8221; row_type=&#8221;row&#8221; use_row_as_full_screen_section=&#8221;no&#8221; type=&#8221;grid&#8221; angled_section=&#8221;no&#8221; text_align=&#8221;left&#8221; background_image=&#8221;15168&#8243; background_image_as_pattern=&#8221;without_pattern&#8221; background_color=&#8221;#ffffff&#8221; padding_top=&#8221;90&#8243; padding_bottom=&#8221;90&#8243;][vc_column][vc_column_text]<\/p>\n<h2 style=\"text-align: center;\">You have just purchased a coating pan&#8230;<\/h2>\n<p>[\/vc_column_text][vc_separator type=&#8221;small&#8221; position=&#8221;center&#8221; up=&#8221;7&#8243; down=&#8221;38&#8243;][vc_column_text]<\/p>\n<h4 style=\"text-align: center;\">and you would like expert advice to optimize your installation<\/h4>\n<p>[\/vc_column_text][vc_separator type=&#8221;transparent&#8221; up=&#8221;60&#8243; down=&#8221;10&#8243;][vc_column_text]<span class='q_dropcap square' style='background-color:#6e6259;color:#ffffff;'>T<\/span>hrough his knowledge of the different steps of production and production flow, FM will help you to master your constraints when setting-up your pan. He will help you create a judicious physical set-up of the equipment which will guarantee the quality of the finished products as well as efficiency of the team. Each stage will be taken into consideration to reduce risks of waste of product and to avoid loss of time.<\/p>\n<p>&nbsp;<\/p>\n<p>The expertise of <a href=\"https:\/\/www.fredericmenguy.fr\/en\/frederic-menguy-presentation\/\">Fr\u00e9d\u00e9ric Menguy<\/a> will allow you to put the pan in the best possible place so that you can :[\/vc_column_text][vc_separator type=&#8221;transparent&#8221; up=&#8221;20&#8243; down=&#8221;20&#8243;][vc_row_inner row_type=&#8221;row&#8221; type=&#8221;full_width&#8221; text_align=&#8221;left&#8221; css_animation=&#8221;&#8221;][vc_column_inner width=&#8221;1\/6&#8243;][\/vc_column_inner][vc_column_inner width=&#8221;5\/6&#8243;]<div class=\"q_list number circle_number\">\n\t<\/p>\n<ul>\n<li>Take care of the ergonomics from the beginning to the end of the production<\/li>\n<li>Optimise production<\/li>\n<\/ul>\n<p><\/div>[\/vc_column_inner][\/vc_row_inner][\/vc_column][\/vc_row][vc_row css_animation=&#8221;&#8221; row_type=&#8221;row&#8221; use_row_as_full_screen_section=&#8221;no&#8221; type=&#8221;full_width&#8221; angled_section=&#8221;no&#8221; text_align=&#8221;left&#8221; background_image=&#8221;16398&#8243; background_image_as_pattern=&#8221;without_pattern&#8221; padding_top=&#8221;650&#8243;][vc_column][\/vc_column][\/vc_row][vc_row css_animation=&#8221;&#8221; row_type=&#8221;row&#8221; use_row_as_full_screen_section=&#8221;no&#8221; type=&#8221;grid&#8221; angled_section=&#8221;no&#8221; text_align=&#8221;left&#8221; background_image_as_pattern=&#8221;without_pattern&#8221; background_color=&#8221;#f6f6f6&#8243; padding_top=&#8221;90&#8243; padding_bottom=&#8221;90&#8243;][vc_column][vc_column_text]<\/p>\n<h2 style=\"text-align: center;\">air treatment installation<\/h2>\n<p>[\/vc_column_text][vc_separator type=&#8221;small&#8221; position=&#8221;center&#8221; up=&#8221;7&#8243; down=&#8221;38&#8243;][vc_column_text]<\/p>\n<h4 style=\"text-align: center;\">You would like a project supervisor for the air treatment installation ?<\/h4>\n<p>[\/vc_column_text][vc_separator type=&#8221;transparent&#8221; up=&#8221;42&#8243; down=&#8221;15&#8243;][vc_column_text]<span class='q_dropcap square' style='background-color:#6e6259;color:#ffffff;'>A<\/span>n adequate environment will enable you to optimize future output. We will make sure that adequate floor covering, positioning of vacuum installation, pipe system. Caution must be taken for the air treatment system.[\/vc_column_text][\/vc_column][\/vc_row][vc_row css_animation=&#8221;&#8221; row_type=&#8221;row&#8221; use_row_as_full_screen_section=&#8221;no&#8221; type=&#8221;grid&#8221; angled_section=&#8221;no&#8221; text_align=&#8221;left&#8221; background_image_as_pattern=&#8221;without_pattern&#8221; background_color=&#8221;#6e6259&#8243; padding_top=&#8221;60&#8243; padding_bottom=&#8221;60&#8243;][vc_column][vc_column_text]<\/p>\n<h2 style=\"text-align: center;\"><span style=\"color: #e5a430;\">Fr\u00e9d\u00e9ric Menguy offers you his expertise\u00a0<\/span><\/h2>\n<p>[\/vc_column_text][vc_separator type=&#8221;transparent&#8221; up=&#8221;10&#8243; down=&#8221;10&#8243;][vc_column_text]<\/p>\n<p style=\"text-align: center;\"><span style=\"color: #ffffff;\">from beginning to end of your works to avoid downtime<\/span><\/p>\n<p>[\/vc_column_text][\/vc_column][\/vc_row][vc_row css_animation=&#8221;&#8221; row_type=&#8221;row&#8221; use_row_as_full_screen_section=&#8221;no&#8221; type=&#8221;grid&#8221; angled_section=&#8221;no&#8221; text_align=&#8221;left&#8221; background_image_as_pattern=&#8221;without_pattern&#8221; background_color=&#8221;#ffffff&#8221; padding_top=&#8221;90&#8243; padding_bottom=&#8221;90&#8243;][vc_column][vc_column_text]<\/p>\n<h2 style=\"text-align: center;\">Pan start up: a key moment<\/h2>\n<p>[\/vc_column_text][vc_separator type=&#8221;small&#8221; position=&#8221;center&#8221; up=&#8221;7&#8243; down=&#8221;38&#8243;][vc_column_text]<span class='q_dropcap square' style='background-color:#6e6259;color:#ffffff;'>F<\/span>r\u00e9d\u00e9ric Menguy will help you in this starting up of the pan, either with the pan manufacturer or after commissioning, alone. He will enable you and the operators to master the use of the new pan quickly. The objective is that the operators are able to use and understand all the parameters of the pan and to become autonomous as fast as possible.<\/p>\n<p>&nbsp;<\/p>\n<h3>Four aims in this approach :<\/h3>\n<p>[\/vc_column_text][vc_separator type=&#8221;transparent&#8221; up=&#8221;20&#8243; down=&#8221;20&#8243;][vc_row_inner row_type=&#8221;row&#8221; type=&#8221;full_width&#8221; text_align=&#8221;left&#8221; css_animation=&#8221;&#8221;][vc_column_inner width=&#8221;1\/6&#8243;][\/vc_column_inner][vc_column_inner width=&#8221;5\/6&#8243;]<div class=\"q_list number circle_number\">\n\t<\/p>\n<ul>\n<li><a href=\"https:\/\/www.fredericmenguy.fr\/en\/panned-products-development-and-batch-testing\/\">Production parameters adjustment<\/a> and recipe creation to be integrated into the machine<\/li>\n<li><a href=\"https:\/\/www.fredericmenguy.fr\/en\/industrial-confectioners-training\/\">Training<\/a> of the operators on one or several technical operation of the pan coating (gumming&#8230;)<\/li>\n<li><a href=\"https:\/\/www.fredericmenguy.fr\/en\/problem-classification\/\">Trouble<\/a> shooting<\/li>\n<li>Trials follow-up<\/li>\n<\/ul>\n<p><\/div>[\/vc_column_inner][\/vc_row_inner][\/vc_column][\/vc_row][vc_row row_type=&#8221;parallax&#8221; parallax_content_width=&#8221;in_grid&#8221; text_align=&#8221;left&#8221; background_image=&#8221;16411&#8243; full_screen_section_height=&#8221;no&#8221; section_height=&#8221;650&#8243;][vc_column][vc_separator type=&#8221;transparent&#8221; up=&#8221;93&#8243; down=&#8221;0&#8243;][vc_row_inner row_type=&#8221;row&#8221; type=&#8221;full_width&#8221; text_align=&#8221;left&#8221; css_animation=&#8221;&#8221;][vc_column_inner offset=&#8221;vc_col-lg-6 vc_col-md-6&#8243;][vc_single_image image=&#8221;16432&#8243; img_size=&#8221;full&#8221; alignment=&#8221;center&#8221; style=&#8221;vc_box_border_circle&#8221; qode_css_animation=&#8221;element_from_left&#8221; transition_delay=&#8221;0.3&#8243;][vc_separator type=&#8221;transparent&#8221; up=&#8221;23&#8243; down=&#8221;0&#8243;][\/vc_column_inner][vc_column_inner offset=&#8221;vc_col-lg-6 vc_col-md-6&#8243;][vc_separator type=&#8221;transparent&#8221; up=&#8221;46&#8243; down=&#8221;0&#8243;][vc_column_text]<\/p>\n<h2><span style=\"color: #ffffff;\">Do you have a project ?<\/span><\/h2>\n<p>[\/vc_column_text][vc_separator type=&#8221;small&#8221; position=&#8221;left&#8221; color=&#8221;#ffffff&#8221; down=&#8221;37&#8243;][vc_column_text]<\/p>\n<h4><span style=\"color: #ffffff;\">Get an expert to help you optimize your new pan installation\u00a0<\/span><\/h4>\n<p>[\/vc_column_text][vc_separator type=&#8221;transparent&#8221; up=&#8221;30&#8243; down=&#8221;0&#8243;][vc_column_text]<span style=\"color: #ffffff;\">Today recognized as one of the best experts in pan coating, he guides industrial confectioners and artisan chocolatiers in their development in France as well as internationally.<\/span>[\/vc_column_text][vc_separator type=&#8221;transparent&#8221; up=&#8221;40&#8243; down=&#8221;0&#8243;]<a  itemprop=\"url\" href=\"https:\/\/www.fredericmenguy.fr\/en\/contact\/\" target=\"_self\" data-hover-background-color=\"#ffffff\" data-hover-border-color=\"#ffffff\" data-hover-color=\"#303030\" class=\"qbutton  default\" style=\"color: #ffffff; border-color: #e5a430; background-color:#e5a430;\">Contact Fr\u00e9d\u00e9ric Menguy<\/a>[vc_separator type=&#8221;transparent&#8221; up=&#8221;93&#8243; down=&#8221;0&#8243;][\/vc_column_inner][\/vc_row_inner][\/vc_column][\/vc_row][vc_row css_animation=&#8221;&#8221; row_type=&#8221;row&#8221; use_row_as_full_screen_section=&#8221;no&#8221; type=&#8221;full_width&#8221; angled_section=&#8221;no&#8221; text_align=&#8221;left&#8221; background_image_as_pattern=&#8221;without_pattern&#8221; padding_top=&#8221;15&#8243; padding_bottom=&#8221;0&#8243; css=&#8221;.vc_custom_1481193892951{background-color: #e5a430 !important;}&#8221;][vc_column][\/vc_column][\/vc_row][vc_row css_animation=&#8221;&#8221; row_type=&#8221;row&#8221; use_row_as_full_screen_section=&#8221;no&#8221; type=&#8221;full_width&#8221; angled_section=&#8221;no&#8221; text_align=&#8221;left&#8221; background_image_as_pattern=&#8221;without_pattern&#8221;][vc_column][vc_single_image image=&#8221;15417&#8243; img_size=&#8221;full&#8221; alignment=&#8221;center&#8221; qode_css_animation=&#8221;&#8221;][\/vc_column][\/vc_row][vc_row css_animation=&#8221;&#8221; row_type=&#8221;row&#8221; use_row_as_full_screen_section=&#8221;no&#8221; type=&#8221;full_width&#8221; angled_section=&#8221;no&#8221; text_align=&#8221;left&#8221; background_image_as_pattern=&#8221;without_pattern&#8221; padding_top=&#8221;15&#8243; padding_bottom=&#8221;0&#8243; css=&#8221;.vc_custom_1481193903771{background-color: #e5a430 !important;}&#8221;][vc_column][\/vc_column][\/vc_row]<\/p>\n<\/div>","protected":false},"excerpt":{"rendered":"<p>[vc_row css_animation=&#8221;&#8221; row_type=&#8221;row&#8221; use_row_as_full_screen_section=&#8221;no&#8221; type=&#8221;grid&#8221; angled_section=&#8221;no&#8221; text_align=&#8221;left&#8221; background_image=&#8221;15168&#8243; background_image_as_pattern=&#8221;without_pattern&#8221; background_color=&#8221;#ffffff&#8221; padding_top=&#8221;90&#8243; padding_bottom=&#8221;90&#8243;][vc_column][vc_column_text] You have just purchased a coating pan&#8230; [\/vc_column_text][vc_separator type=&#8221;small&#8221; position=&#8221;center&#8221; up=&#8221;7&#8243; down=&#8221;38&#8243;][vc_column_text] and you would like expert advice to optimize your installation [\/vc_column_text][vc_separator type=&#8221;transparent&#8221; up=&#8221;60&#8243; down=&#8221;10&#8243;][vc_column_text]hrough his knowledge of the different steps of&#8230;<\/p>\n","protected":false},"author":2,"featured_media":0,"parent":0,"menu_order":0,"comment_status":"open","ping_status":"closed","template":"full_width.php","meta":{"footnotes":""},"class_list":["post-16142","page","type-page","status-publish","hentry"],"yoast_head":"<!-- This site is optimized with the Yoast SEO plugin v27.4 - https:\/\/yoast.com\/product\/yoast-seo-wordpress\/ -->\n<title>Set-up of a chocolate or sugar pan \u2013 Fr\u00e9d\u00e9ric Menguy, pan coating expert.<\/title>\n<meta name=\"description\" content=\"Optimize set-up of your new coating pan with Fr\u00e9d\u00e9ric Menguy, sugar and chocolate pan coating expert anywhere in the world \u2013 Montauban - France\" \/>\n<meta name=\"robots\" content=\"index, follow, max-snippet:-1, max-image-preview:large, max-video-preview:-1\" \/>\n<link rel=\"canonical\" href=\"https:\/\/www.fredericmenguy.fr\/en\/panning-set-up-and-start-up\/\" \/>\n<meta property=\"og:locale\" content=\"en_US\" \/>\n<meta property=\"og:type\" content=\"article\" \/>\n<meta property=\"og:title\" content=\"Set-up of a chocolate or sugar pan \u2013 Fr\u00e9d\u00e9ric Menguy, pan coating expert.\" \/>\n<meta property=\"og:description\" content=\"Optimize set-up of your new coating pan with Fr\u00e9d\u00e9ric Menguy, sugar and chocolate pan coating expert anywhere in the world \u2013 Montauban - France\" \/>\n<meta property=\"og:url\" content=\"https:\/\/www.fredericmenguy.fr\/en\/panning-set-up-and-start-up\/\" \/>\n<meta property=\"og:site_name\" content=\"Fr\u00e9d\u00e9ric Menguy\" \/>\n<meta property=\"article:modified_time\" content=\"2017-03-02T09:33:50+00:00\" \/>\n<meta name=\"twitter:card\" content=\"summary_large_image\" \/>\n<meta name=\"twitter:site\" content=\"@FMenguy\" \/>\n<meta name=\"twitter:label1\" content=\"Est. reading time\" \/>\n\t<meta name=\"twitter:data1\" content=\"6 minutes\" \/>\n<script type=\"application\/ld+json\" class=\"yoast-schema-graph\">{\"@context\":\"https:\\\/\\\/schema.org\",\"@graph\":[{\"@type\":\"WebPage\",\"@id\":\"https:\\\/\\\/www.fredericmenguy.fr\\\/en\\\/panning-set-up-and-start-up\\\/\",\"url\":\"https:\\\/\\\/www.fredericmenguy.fr\\\/en\\\/panning-set-up-and-start-up\\\/\",\"name\":\"Set-up of a chocolate or sugar pan \u2013 Fr\u00e9d\u00e9ric Menguy, pan coating expert.\",\"isPartOf\":{\"@id\":\"https:\\\/\\\/www.fredericmenguy.fr\\\/#website\"},\"datePublished\":\"2017-01-04T14:07:56+00:00\",\"dateModified\":\"2017-03-02T09:33:50+00:00\",\"description\":\"Optimize set-up of your new coating pan with Fr\u00e9d\u00e9ric Menguy, sugar and chocolate pan coating expert anywhere in the world \u2013 Montauban - France\",\"breadcrumb\":{\"@id\":\"https:\\\/\\\/www.fredericmenguy.fr\\\/en\\\/panning-set-up-and-start-up\\\/#breadcrumb\"},\"inLanguage\":\"en-US\",\"potentialAction\":[{\"@type\":\"ReadAction\",\"target\":[\"https:\\\/\\\/www.fredericmenguy.fr\\\/en\\\/panning-set-up-and-start-up\\\/\"]}]},{\"@type\":\"BreadcrumbList\",\"@id\":\"https:\\\/\\\/www.fredericmenguy.fr\\\/en\\\/panning-set-up-and-start-up\\\/#breadcrumb\",\"itemListElement\":[{\"@type\":\"ListItem\",\"position\":1,\"name\":\"Accueil\",\"item\":\"https:\\\/\\\/www.fredericmenguy.fr\\\/en\\\/\"},{\"@type\":\"ListItem\",\"position\":2,\"name\":\"Panning set-up and start-up\"}]},{\"@type\":\"WebSite\",\"@id\":\"https:\\\/\\\/www.fredericmenguy.fr\\\/#website\",\"url\":\"https:\\\/\\\/www.fredericmenguy.fr\\\/\",\"name\":\"Fr\u00e9d\u00e9ric Menguy\",\"description\":\"\",\"potentialAction\":[{\"@type\":\"SearchAction\",\"target\":{\"@type\":\"EntryPoint\",\"urlTemplate\":\"https:\\\/\\\/www.fredericmenguy.fr\\\/?s={search_term_string}\"},\"query-input\":{\"@type\":\"PropertyValueSpecification\",\"valueRequired\":true,\"valueName\":\"search_term_string\"}}],\"inLanguage\":\"en-US\"}]}<\/script>\n<!-- \/ Yoast SEO plugin. -->","yoast_head_json":{"title":"Set-up of a chocolate or sugar pan \u2013 Fr\u00e9d\u00e9ric Menguy, pan coating expert.","description":"Optimize set-up of your new coating pan with Fr\u00e9d\u00e9ric Menguy, sugar and chocolate pan coating expert anywhere in the world \u2013 Montauban - France","robots":{"index":"index","follow":"follow","max-snippet":"max-snippet:-1","max-image-preview":"max-image-preview:large","max-video-preview":"max-video-preview:-1"},"canonical":"https:\/\/www.fredericmenguy.fr\/en\/panning-set-up-and-start-up\/","og_locale":"en_US","og_type":"article","og_title":"Set-up of a chocolate or sugar pan \u2013 Fr\u00e9d\u00e9ric Menguy, pan coating expert.","og_description":"Optimize set-up of your new coating pan with Fr\u00e9d\u00e9ric Menguy, sugar and chocolate pan coating expert anywhere in the world \u2013 Montauban - France","og_url":"https:\/\/www.fredericmenguy.fr\/en\/panning-set-up-and-start-up\/","og_site_name":"Fr\u00e9d\u00e9ric Menguy","article_modified_time":"2017-03-02T09:33:50+00:00","twitter_card":"summary_large_image","twitter_site":"@FMenguy","twitter_misc":{"Est. reading time":"6 minutes"},"schema":{"@context":"https:\/\/schema.org","@graph":[{"@type":"WebPage","@id":"https:\/\/www.fredericmenguy.fr\/en\/panning-set-up-and-start-up\/","url":"https:\/\/www.fredericmenguy.fr\/en\/panning-set-up-and-start-up\/","name":"Set-up of a chocolate or sugar pan \u2013 Fr\u00e9d\u00e9ric Menguy, pan coating expert.","isPartOf":{"@id":"https:\/\/www.fredericmenguy.fr\/#website"},"datePublished":"2017-01-04T14:07:56+00:00","dateModified":"2017-03-02T09:33:50+00:00","description":"Optimize set-up of your new coating pan with Fr\u00e9d\u00e9ric Menguy, sugar and chocolate pan coating expert anywhere in the world \u2013 Montauban - France","breadcrumb":{"@id":"https:\/\/www.fredericmenguy.fr\/en\/panning-set-up-and-start-up\/#breadcrumb"},"inLanguage":"en-US","potentialAction":[{"@type":"ReadAction","target":["https:\/\/www.fredericmenguy.fr\/en\/panning-set-up-and-start-up\/"]}]},{"@type":"BreadcrumbList","@id":"https:\/\/www.fredericmenguy.fr\/en\/panning-set-up-and-start-up\/#breadcrumb","itemListElement":[{"@type":"ListItem","position":1,"name":"Accueil","item":"https:\/\/www.fredericmenguy.fr\/en\/"},{"@type":"ListItem","position":2,"name":"Panning set-up and start-up"}]},{"@type":"WebSite","@id":"https:\/\/www.fredericmenguy.fr\/#website","url":"https:\/\/www.fredericmenguy.fr\/","name":"Fr\u00e9d\u00e9ric Menguy","description":"","potentialAction":[{"@type":"SearchAction","target":{"@type":"EntryPoint","urlTemplate":"https:\/\/www.fredericmenguy.fr\/?s={search_term_string}"},"query-input":{"@type":"PropertyValueSpecification","valueRequired":true,"valueName":"search_term_string"}}],"inLanguage":"en-US"}]}},"_links":{"self":[{"href":"https:\/\/www.fredericmenguy.fr\/en\/wp-json\/wp\/v2\/pages\/16142","targetHints":{"allow":["GET"]}}],"collection":[{"href":"https:\/\/www.fredericmenguy.fr\/en\/wp-json\/wp\/v2\/pages"}],"about":[{"href":"https:\/\/www.fredericmenguy.fr\/en\/wp-json\/wp\/v2\/types\/page"}],"author":[{"embeddable":true,"href":"https:\/\/www.fredericmenguy.fr\/en\/wp-json\/wp\/v2\/users\/2"}],"replies":[{"embeddable":true,"href":"https:\/\/www.fredericmenguy.fr\/en\/wp-json\/wp\/v2\/comments?post=16142"}],"version-history":[{"count":14,"href":"https:\/\/www.fredericmenguy.fr\/en\/wp-json\/wp\/v2\/pages\/16142\/revisions"}],"predecessor-version":[{"id":16894,"href":"https:\/\/www.fredericmenguy.fr\/en\/wp-json\/wp\/v2\/pages\/16142\/revisions\/16894"}],"wp:attachment":[{"href":"https:\/\/www.fredericmenguy.fr\/en\/wp-json\/wp\/v2\/media?parent=16142"}],"curies":[{"name":"wp","href":"https:\/\/api.w.org\/{rel}","templated":true}]}}