{"id":16131,"date":"2017-01-04T15:00:02","date_gmt":"2017-01-04T14:00:02","guid":{"rendered":"http:\/\/www.fredericmenguy.fr\/?page_id=16131\/"},"modified":"2022-05-30T09:58:39","modified_gmt":"2022-05-30T07:58:39","slug":"technical-solutions-in-pan-coating-the-approach","status":"publish","type":"page","link":"https:\/\/www.fredericmenguy.fr\/en\/technical-solutions-in-pan-coating-the-approach\/","title":{"rendered":"Technical solutions in pan coating \u2013 the approach"},"content":{"rendered":"<div class=\"wpb-content-wrapper\"><p>[vc_row css_animation=&#8221;&#8221; row_type=&#8221;row&#8221; use_row_as_full_screen_section=&#8221;no&#8221; type=&#8221;grid&#8221; angled_section=&#8221;no&#8221; text_align=&#8221;left&#8221; background_image_as_pattern=&#8221;without_pattern&#8221; background_color=&#8221;#ffffff&#8221; padding_top=&#8221;90&#8243; padding_bottom=&#8221;0&#8243;][vc_column][vc_column_text]<\/p>\n<h2 style=\"text-align: center;\">Our approach<\/h2>\n<p>[\/vc_column_text][vc_separator type=&#8221;small&#8221; position=&#8221;center&#8221; up=&#8221;7&#8243; down=&#8221;38&#8243;][vc_column_text]<\/p>\n<h4 style=\"text-align: center;\">to solve your chocolate or sugar drag\u00e9es production problems<\/h4>\n<p>[\/vc_column_text][vc_separator type=&#8221;transparent&#8221; up=&#8221;60&#8243; down=&#8221;10&#8243;][vc_column_text]<span class='q_dropcap square' style='background-color:#6e6259;color:#ffffff;'>F<\/span>r\u00e9d\u00e9ric Menguy has acquired a large experience in drag\u00e9es manufacturing but this experience is not always enough to find the cause of the problem immediately. To guarantee the result, he will use <strong>the following 4-phase approach<\/strong> :[\/vc_column_text][\/vc_column][\/vc_row][vc_row css_animation=&#8221;&#8221; row_type=&#8221;row&#8221; use_row_as_full_screen_section=&#8221;no&#8221; type=&#8221;grid&#8221; angled_section=&#8221;no&#8221; text_align=&#8221;left&#8221; background_image_as_pattern=&#8221;without_pattern&#8221; background_color=&#8221;#ffffff&#8221; padding_top=&#8221;90&#8243; padding_bottom=&#8221;90&#8243;][vc_column][qode_circles columns=&#8221;four_columns&#8221; circle_line=&#8221;no_line&#8221;][qode_circle type=&#8221;icon_type&#8221; icon=&#8221;fa-eye&#8221; size=&#8221;fa-3x&#8221; title=&#8221;01 diagnosis&#8221; text=&#8221;Establish the diagnosis based on the 5 principles of Ishikawa. This method of analysis classifies the cause of the problems into 5 large categories: Equipment, Raw material, Method, environment and People. Whatever the cause it can be classified into one of the five categories.&#8221;][qode_circle type=&#8221;icon_type&#8221; icon=&#8221;fa-arrow-right&#8221; size=&#8221;fa-3x&#8221; title=&#8221;02 CAUSES&#8221; text=&#8221;Prioritize the causes according to their potential importance.&#8221;][qode_circle type=&#8221;icon_type&#8221; icon=&#8221;fa-exclamation&#8221; size=&#8221;fa-3x&#8221; title=&#8221;03 recommendations&#8221; text=&#8221;Using experience, find recommendations linked to concerned parameters.&#8221;][qode_circle type=&#8221;icon_type&#8221; icon=&#8221;fa-arrows-alt&#8221; size=&#8221;fa-3x&#8221; title=&#8221;04 action plan&#8221; text=&#8221;Elaborate an action plan. This action plan will be carried out by the company if possible or we can manage it for you.&#8221;][\/qode_circles][\/vc_column][\/vc_row][vc_row css_animation=&#8221;&#8221; row_type=&#8221;row&#8221; use_row_as_full_screen_section=&#8221;no&#8221; type=&#8221;full_width&#8221; angled_section=&#8221;no&#8221; text_align=&#8221;center&#8221; background_image_as_pattern=&#8221;without_pattern&#8221; background_image=&#8221;16396&#8243; padding_top=&#8221;650&#8243;][vc_column][\/vc_column][\/vc_row][vc_row css_animation=&#8221;&#8221; row_type=&#8221;row&#8221; use_row_as_full_screen_section=&#8221;no&#8221; type=&#8221;grid&#8221; angled_section=&#8221;no&#8221; text_align=&#8221;left&#8221; background_image_as_pattern=&#8221;without_pattern&#8221; background_color=&#8221;#ffffff&#8221; padding_top=&#8221;97&#8243;][vc_column width=&#8221;1\/2&#8243;][vc_row_inner row_type=&#8221;row&#8221; type=&#8221;full_width&#8221; text_align=&#8221;center&#8221; css_animation=&#8221;&#8221;][vc_column_inner][vc_separator type=&#8221;transparent&#8221; up=&#8221;10&#8243; down=&#8221;0&#8243;][vc_column_text]<\/p>\n<h2 style=\"text-align: center;\">Our solutions<\/h2>\n<p>[\/vc_column_text][vc_separator type=&#8221;small&#8221; position=&#8221;center&#8221; up=&#8221;7&#8243; down=&#8221;38&#8243;][vc_column_text]<\/p>\n<p style=\"text-align: left;\"><strong>Attached to management principles by quality,<\/strong>\u00a0Fr\u00e9d\u00e9ric Menguy offers solutions which respect your quality approach. To make sure that solutions proposed to solve your <a href=\"https:\/\/www.fredericmenguy.fr\/en\/problem-classification\/\">manufacturing problems<\/a> last in time, he uses the following :<\/p>\n<p>[\/vc_column_text][vc_separator type=&#8221;transparent&#8221; up=&#8221;20&#8243; down=&#8221;20&#8243;][\/vc_column_inner][\/vc_row_inner]<div class=\"q_list number circle_number\">\n\t<\/p>\n<ul>\n<li>on continuing improvement approach<\/li>\n<li>on active staff participation<\/li>\n<li>on food safety and hygiene legislation<\/li>\n<\/ul>\n<p><\/div>[vc_separator type=&#8221;transparent&#8221; up=&#8221;0&#8243; down=&#8221;50&#8243;][\/vc_column][vc_column width=&#8221;1\/2&#8243;][vc_single_image image=&#8221;16410&#8243; img_size=&#8221;full&#8221; alignment=&#8221;center&#8221; style=&#8221;vc_box_border_circle&#8221; qode_css_animation=&#8221;element_from_right&#8221; transition_delay=&#8221;0.3&#8243;][vc_separator type=&#8221;transparent&#8221; up=&#8221;80&#8243; down=&#8221;8&#8243;][\/vc_column][\/vc_row][vc_row css_animation=&#8221;&#8221; row_type=&#8221;row&#8221; use_row_as_full_screen_section=&#8221;no&#8221; type=&#8221;grid&#8221; angled_section=&#8221;no&#8221; text_align=&#8221;left&#8221; background_image_as_pattern=&#8221;without_pattern&#8221; background_image=&#8221;15168&#8243; padding_top=&#8221;87&#8243; padding_bottom=&#8221;69&#8243; css=&#8221;.vc_custom_1481197145955{background-position: center !important;background-repeat: no-repeat !important;background-size: cover !important;}&#8221;][vc_column][vc_column_text]<\/p>\n<h2 style=\"text-align: center;\">The means<\/h2>\n<p>[\/vc_column_text][vc_separator type=&#8221;small&#8221; position=&#8221;center&#8221; up=&#8221;7&#8243; down=&#8221;38&#8243;][vc_accordion style=&#8221;accordion&#8221;][vc_accordion_tab title=&#8221;Factory visit&#8221;][vc_column_text]Fr\u00e9d\u00e9ric Menguy visit your factory.[\/vc_column_text][\/vc_accordion_tab][vc_accordion_tab title=&#8221;Application Laboratory&#8221;][vc_column_text]Our <a href=\"https:\/\/www.fredericmenguy.fr\/en\/application-lab\/#products\">application laboratory<\/a> is available to work on technical problems you may have.[\/vc_column_text][\/vc_accordion_tab][vc_accordion_tab title=&#8221;physico-chemical measures&#8221;][vc_column_text]Realization of physico-chemical measures either, on site or in one of our partner laboratories :<\/p>\n<ul>\n<li>Products : humidity level, water activity aw, texture, composition<\/li>\n<li>Process : pans, air process (temperature, relative humidity, air flow)<\/li>\n<li>Maturing phases : ageing phase (temp, Hr%, air flow), storage phase<\/li>\n<\/ul>\n<p>[\/vc_column_text][\/vc_accordion_tab][vc_accordion_tab title=&#8221;ingredient and equipment supply&#8221;][vc_column_text]If necessary, use the ingredient and equipment supply network of FMDE, the company of Fr\u00e9d\u00e9ric Menguy.[\/vc_column_text][\/vc_accordion_tab][vc_accordion_tab title=&#8221;network of independent consultants&#8221;][vc_column_text]If the complexity of the problem requires it, he will use his network of independent consultants (see <a href=\"https:\/\/www.fredericmenguy.fr\/en\/partners\/\">partner networks<\/a>). In this case he will make sure to respect the confidentiality of your production.[\/vc_column_text][\/vc_accordion_tab][\/vc_accordion][\/vc_column][\/vc_row][vc_row css_animation=&#8221;&#8221; row_type=&#8221;row&#8221; use_row_as_full_screen_section=&#8221;no&#8221; type=&#8221;full_width&#8221; angled_section=&#8221;no&#8221; text_align=&#8221;left&#8221; background_image_as_pattern=&#8221;without_pattern&#8221; background_image=&#8221;16414&#8243; padding_top=&#8221;650&#8243;][vc_column][\/vc_column][\/vc_row][vc_row css_animation=&#8221;&#8221; row_type=&#8221;row&#8221; use_row_as_full_screen_section=&#8221;no&#8221; type=&#8221;grid&#8221; angled_section=&#8221;no&#8221; text_align=&#8221;left&#8221; background_image_as_pattern=&#8221;without_pattern&#8221; background_color=&#8221;#ffffff&#8221; padding_top=&#8221;90&#8243; padding_bottom=&#8221;90&#8243;][vc_column][vc_column_text]<\/p>\n<h2 style=\"text-align: center;\">pan coating advice<\/h2>\n<p>[\/vc_column_text][vc_separator type=&#8221;small&#8221; position=&#8221;center&#8221; up=&#8221;7&#8243; down=&#8221;38&#8243;][vc_column_text]<\/p>\n<h4 style=\"text-align: center;\">Receive pan coating advice which is in line with the quality approach of your company<\/h4>\n<p>[\/vc_column_text][vc_separator type=&#8221;transparent&#8221; up=&#8221;60&#8243; down=&#8221;10&#8243;][vc_column_text]<span class='q_dropcap square' style='background-color:#6e6259;color:#ffffff;'>A<\/span>ttached to management principles by quality, Fr\u00e9d\u00e9ric Menguy offers solutions which respect your quality approach. To make sure that solutions proposed to solve your manufacturing problems last in time, he uses the following :[\/vc_column_text][vc_separator type=&#8221;transparent&#8221; up=&#8221;20&#8243; down=&#8221;20&#8243;][vc_row_inner row_type=&#8221;row&#8221; type=&#8221;full_width&#8221; text_align=&#8221;left&#8221; css_animation=&#8221;&#8221;][vc_column_inner width=&#8221;1\/6&#8243;][\/vc_column_inner][vc_column_inner width=&#8221;5\/6&#8243;]<div class=\"q_list number circle_number\">\n\t<\/p>\n<ul>\n<li>on continuing improvement approach<\/li>\n<li>on active staff participation<\/li>\n<li>on food safety and hygiene legislation<\/li>\n<\/ul>\n<p><\/div>[\/vc_column_inner][\/vc_row_inner][vc_separator type=&#8221;transparent&#8221; up=&#8221;20&#8243; down=&#8221;15&#8243;][vc_column_text]If the company has already obtained an ISO certification (especially ISO 22000), IFS or BRC certification, Fr\u00e9d\u00e9ric Menguy will make sure that his advice complies with the demands of the quality standards.<br \/>\nIf the company is not certified, he will follow the principles of HACCP method to elaborate an action plan to solve problems on the long term.[\/vc_column_text][\/vc_column][\/vc_row][vc_row row_type=&#8221;parallax&#8221; parallax_content_width=&#8221;in_grid&#8221; text_align=&#8221;left&#8221; full_screen_section_height=&#8221;no&#8221; background_image=&#8221;16411&#8243; section_height=&#8221;650&#8243;][vc_column][vc_separator type=&#8221;transparent&#8221; up=&#8221;93&#8243; down=&#8221;0&#8243;][vc_row_inner row_type=&#8221;row&#8221; type=&#8221;full_width&#8221; text_align=&#8221;left&#8221; css_animation=&#8221;&#8221;][vc_column_inner offset=&#8221;vc_col-lg-6 vc_col-md-6&#8243;][vc_single_image image=&#8221;16432&#8243; img_size=&#8221;full&#8221; alignment=&#8221;center&#8221; style=&#8221;vc_box_border_circle&#8221; qode_css_animation=&#8221;element_from_left&#8221; transition_delay=&#8221;0.3&#8243;][vc_separator type=&#8221;transparent&#8221; up=&#8221;23&#8243; down=&#8221;0&#8243;][\/vc_column_inner][vc_column_inner offset=&#8221;vc_col-lg-6 vc_col-md-6&#8243;][vc_separator type=&#8221;transparent&#8221; up=&#8221;46&#8243; down=&#8221;0&#8243;][vc_column_text]<\/p>\n<h2><strong><span style=\"color: #ffffff;\">Do you have a production problem\u00a0?<\/span><\/strong><\/h2>\n<p>[\/vc_column_text][vc_separator type=&#8221;small&#8221; position=&#8221;left&#8221; color=&#8221;#ffffff&#8221; down=&#8221;37&#8243;][vc_column_text]<\/p>\n<h4><span style=\"color: #ffffff;\">Let a pan coating expert help you <\/span><\/h4>\n<p>[\/vc_column_text][vc_separator type=&#8221;transparent&#8221; up=&#8221;30&#8243; down=&#8221;0&#8243;][vc_column_text]<span style=\"color: #ffffff;\">Today recognized as one of the best experts in pan coating, he guides industrial confectioners and artisan chocolatiers in their development in France as well as internationally.<\/span>[\/vc_column_text][vc_separator type=&#8221;transparent&#8221; up=&#8221;40&#8243; down=&#8221;0&#8243;]<a  itemprop=\"url\" href=\"https:\/\/www.fredericmenguy.fr\/en\/contact\/\" target=\"_self\" data-hover-background-color=\"#ffffff\" data-hover-border-color=\"#ffffff\" data-hover-color=\"#303030\" class=\"qbutton  default\" style=\"color: #ffffff; border-color: #e5a430; background-color:#e5a430;\">Contact Fr\u00e9d\u00e9ric Menguy<\/a>[vc_separator type=&#8221;transparent&#8221; up=&#8221;93&#8243; down=&#8221;0&#8243;][\/vc_column_inner][\/vc_row_inner][\/vc_column][\/vc_row][vc_row css_animation=&#8221;&#8221; row_type=&#8221;row&#8221; use_row_as_full_screen_section=&#8221;no&#8221; type=&#8221;full_width&#8221; angled_section=&#8221;no&#8221; text_align=&#8221;left&#8221; background_image_as_pattern=&#8221;without_pattern&#8221; padding_top=&#8221;15&#8243; padding_bottom=&#8221;0&#8243; css=&#8221;.vc_custom_1481193892951{background-color: #e5a430 !important;}&#8221;][vc_column][\/vc_column][\/vc_row][vc_row css_animation=&#8221;&#8221; row_type=&#8221;row&#8221; use_row_as_full_screen_section=&#8221;no&#8221; type=&#8221;full_width&#8221; angled_section=&#8221;no&#8221; text_align=&#8221;left&#8221; background_image_as_pattern=&#8221;without_pattern&#8221;][vc_column][vc_single_image image=&#8221;15418&#8243; img_size=&#8221;full&#8221; alignment=&#8221;center&#8221; qode_css_animation=&#8221;&#8221;][\/vc_column][\/vc_row][vc_row css_animation=&#8221;&#8221; row_type=&#8221;row&#8221; use_row_as_full_screen_section=&#8221;no&#8221; type=&#8221;full_width&#8221; angled_section=&#8221;no&#8221; text_align=&#8221;left&#8221; background_image_as_pattern=&#8221;without_pattern&#8221; padding_top=&#8221;15&#8243; padding_bottom=&#8221;0&#8243; css=&#8221;.vc_custom_1481193903771{background-color: #e5a430 !important;}&#8221;][vc_column][\/vc_column][\/vc_row]<\/p>\n<\/div>","protected":false},"excerpt":{"rendered":"<p>[vc_row css_animation=&#8221;&#8221; row_type=&#8221;row&#8221; use_row_as_full_screen_section=&#8221;no&#8221; type=&#8221;grid&#8221; angled_section=&#8221;no&#8221; text_align=&#8221;left&#8221; background_image_as_pattern=&#8221;without_pattern&#8221; background_color=&#8221;#ffffff&#8221; padding_top=&#8221;90&#8243; padding_bottom=&#8221;0&#8243;][vc_column][vc_column_text] Our approach [\/vc_column_text][vc_separator type=&#8221;small&#8221; position=&#8221;center&#8221; up=&#8221;7&#8243; down=&#8221;38&#8243;][vc_column_text] to solve your chocolate or sugar drag\u00e9es production problems [\/vc_column_text][vc_separator type=&#8221;transparent&#8221; up=&#8221;60&#8243; down=&#8221;10&#8243;][vc_column_text]r\u00e9d\u00e9ric Menguy has acquired a large experience in drag\u00e9es manufacturing but this experience is not&#8230;<\/p>\n","protected":false},"author":2,"featured_media":0,"parent":0,"menu_order":0,"comment_status":"open","ping_status":"closed","template":"full_width.php","meta":{"footnotes":""},"class_list":["post-16131","page","type-page","status-publish","hentry"],"yoast_head":"<!-- This site is optimized with the Yoast SEO plugin v27.5 - https:\/\/yoast.com\/product\/yoast-seo-wordpress\/ -->\n<title>Our technical solutions in pan coating \u2013 Fr\u00e9d\u00e9ric Menguy, pan coating expert<\/title>\n<meta name=\"description\" content=\"Confectioners, Fr\u00e9d\u00e9ric Menguy helps you solve chocolate and sugar drag\u00e9es production problems, in France or anywhere in the world.\" \/>\n<meta name=\"robots\" content=\"index, follow, max-snippet:-1, max-image-preview:large, max-video-preview:-1\" \/>\n<link rel=\"canonical\" href=\"https:\/\/www.fredericmenguy.fr\/en\/technical-solutions-in-pan-coating-the-approach\/\" \/>\n<meta property=\"og:locale\" content=\"en_US\" \/>\n<meta property=\"og:type\" content=\"article\" \/>\n<meta property=\"og:title\" content=\"Our technical solutions in pan coating \u2013 Fr\u00e9d\u00e9ric Menguy, pan coating expert\" \/>\n<meta property=\"og:description\" content=\"Confectioners, Fr\u00e9d\u00e9ric Menguy helps you solve chocolate and sugar drag\u00e9es production problems, in France or anywhere in the world.\" \/>\n<meta property=\"og:url\" content=\"https:\/\/www.fredericmenguy.fr\/en\/technical-solutions-in-pan-coating-the-approach\/\" \/>\n<meta property=\"og:site_name\" content=\"Fr\u00e9d\u00e9ric Menguy\" \/>\n<meta property=\"article:modified_time\" content=\"2022-05-30T07:58:39+00:00\" \/>\n<meta name=\"twitter:card\" content=\"summary_large_image\" \/>\n<meta name=\"twitter:site\" content=\"@FMenguy\" \/>\n<meta name=\"twitter:label1\" content=\"Est. reading time\" \/>\n\t<meta name=\"twitter:data1\" content=\"4 minutes\" \/>\n<script type=\"application\/ld+json\" class=\"yoast-schema-graph\">{\"@context\":\"https:\\\/\\\/schema.org\",\"@graph\":[{\"@type\":\"WebPage\",\"@id\":\"https:\\\/\\\/www.fredericmenguy.fr\\\/en\\\/technical-solutions-in-pan-coating-the-approach\\\/\",\"url\":\"https:\\\/\\\/www.fredericmenguy.fr\\\/en\\\/technical-solutions-in-pan-coating-the-approach\\\/\",\"name\":\"Our technical solutions in pan coating \u2013 Fr\u00e9d\u00e9ric Menguy, pan coating expert\",\"isPartOf\":{\"@id\":\"https:\\\/\\\/www.fredericmenguy.fr\\\/#website\"},\"datePublished\":\"2017-01-04T14:00:02+00:00\",\"dateModified\":\"2022-05-30T07:58:39+00:00\",\"description\":\"Confectioners, Fr\u00e9d\u00e9ric Menguy helps you solve chocolate and sugar drag\u00e9es production problems, in France or anywhere in the world.\",\"breadcrumb\":{\"@id\":\"https:\\\/\\\/www.fredericmenguy.fr\\\/en\\\/technical-solutions-in-pan-coating-the-approach\\\/#breadcrumb\"},\"inLanguage\":\"en-US\",\"potentialAction\":[{\"@type\":\"ReadAction\",\"target\":[\"https:\\\/\\\/www.fredericmenguy.fr\\\/en\\\/technical-solutions-in-pan-coating-the-approach\\\/\"]}]},{\"@type\":\"BreadcrumbList\",\"@id\":\"https:\\\/\\\/www.fredericmenguy.fr\\\/en\\\/technical-solutions-in-pan-coating-the-approach\\\/#breadcrumb\",\"itemListElement\":[{\"@type\":\"ListItem\",\"position\":1,\"name\":\"Accueil\",\"item\":\"https:\\\/\\\/www.fredericmenguy.fr\\\/en\\\/\"},{\"@type\":\"ListItem\",\"position\":2,\"name\":\"Technical solutions in pan coating \u2013 the approach\"}]},{\"@type\":\"WebSite\",\"@id\":\"https:\\\/\\\/www.fredericmenguy.fr\\\/#website\",\"url\":\"https:\\\/\\\/www.fredericmenguy.fr\\\/\",\"name\":\"Fr\u00e9d\u00e9ric Menguy\",\"description\":\"\",\"potentialAction\":[{\"@type\":\"SearchAction\",\"target\":{\"@type\":\"EntryPoint\",\"urlTemplate\":\"https:\\\/\\\/www.fredericmenguy.fr\\\/?s={search_term_string}\"},\"query-input\":{\"@type\":\"PropertyValueSpecification\",\"valueRequired\":true,\"valueName\":\"search_term_string\"}}],\"inLanguage\":\"en-US\"}]}<\/script>\n<!-- \/ Yoast SEO plugin. -->","yoast_head_json":{"title":"Our technical solutions in pan coating \u2013 Fr\u00e9d\u00e9ric Menguy, pan coating expert","description":"Confectioners, Fr\u00e9d\u00e9ric Menguy helps you solve chocolate and sugar drag\u00e9es production problems, in France or anywhere in the world.","robots":{"index":"index","follow":"follow","max-snippet":"max-snippet:-1","max-image-preview":"max-image-preview:large","max-video-preview":"max-video-preview:-1"},"canonical":"https:\/\/www.fredericmenguy.fr\/en\/technical-solutions-in-pan-coating-the-approach\/","og_locale":"en_US","og_type":"article","og_title":"Our technical solutions in pan coating \u2013 Fr\u00e9d\u00e9ric Menguy, pan coating expert","og_description":"Confectioners, Fr\u00e9d\u00e9ric Menguy helps you solve chocolate and sugar drag\u00e9es production problems, in France or anywhere in the world.","og_url":"https:\/\/www.fredericmenguy.fr\/en\/technical-solutions-in-pan-coating-the-approach\/","og_site_name":"Fr\u00e9d\u00e9ric Menguy","article_modified_time":"2022-05-30T07:58:39+00:00","twitter_card":"summary_large_image","twitter_site":"@FMenguy","twitter_misc":{"Est. reading time":"4 minutes"},"schema":{"@context":"https:\/\/schema.org","@graph":[{"@type":"WebPage","@id":"https:\/\/www.fredericmenguy.fr\/en\/technical-solutions-in-pan-coating-the-approach\/","url":"https:\/\/www.fredericmenguy.fr\/en\/technical-solutions-in-pan-coating-the-approach\/","name":"Our technical solutions in pan coating \u2013 Fr\u00e9d\u00e9ric Menguy, pan coating expert","isPartOf":{"@id":"https:\/\/www.fredericmenguy.fr\/#website"},"datePublished":"2017-01-04T14:00:02+00:00","dateModified":"2022-05-30T07:58:39+00:00","description":"Confectioners, Fr\u00e9d\u00e9ric Menguy helps you solve chocolate and sugar drag\u00e9es production problems, in France or anywhere in the world.","breadcrumb":{"@id":"https:\/\/www.fredericmenguy.fr\/en\/technical-solutions-in-pan-coating-the-approach\/#breadcrumb"},"inLanguage":"en-US","potentialAction":[{"@type":"ReadAction","target":["https:\/\/www.fredericmenguy.fr\/en\/technical-solutions-in-pan-coating-the-approach\/"]}]},{"@type":"BreadcrumbList","@id":"https:\/\/www.fredericmenguy.fr\/en\/technical-solutions-in-pan-coating-the-approach\/#breadcrumb","itemListElement":[{"@type":"ListItem","position":1,"name":"Accueil","item":"https:\/\/www.fredericmenguy.fr\/en\/"},{"@type":"ListItem","position":2,"name":"Technical solutions in pan coating \u2013 the approach"}]},{"@type":"WebSite","@id":"https:\/\/www.fredericmenguy.fr\/#website","url":"https:\/\/www.fredericmenguy.fr\/","name":"Fr\u00e9d\u00e9ric Menguy","description":"","potentialAction":[{"@type":"SearchAction","target":{"@type":"EntryPoint","urlTemplate":"https:\/\/www.fredericmenguy.fr\/?s={search_term_string}"},"query-input":{"@type":"PropertyValueSpecification","valueRequired":true,"valueName":"search_term_string"}}],"inLanguage":"en-US"}]}},"_links":{"self":[{"href":"https:\/\/www.fredericmenguy.fr\/en\/wp-json\/wp\/v2\/pages\/16131","targetHints":{"allow":["GET"]}}],"collection":[{"href":"https:\/\/www.fredericmenguy.fr\/en\/wp-json\/wp\/v2\/pages"}],"about":[{"href":"https:\/\/www.fredericmenguy.fr\/en\/wp-json\/wp\/v2\/types\/page"}],"author":[{"embeddable":true,"href":"https:\/\/www.fredericmenguy.fr\/en\/wp-json\/wp\/v2\/users\/2"}],"replies":[{"embeddable":true,"href":"https:\/\/www.fredericmenguy.fr\/en\/wp-json\/wp\/v2\/comments?post=16131"}],"version-history":[{"count":13,"href":"https:\/\/www.fredericmenguy.fr\/en\/wp-json\/wp\/v2\/pages\/16131\/revisions"}],"predecessor-version":[{"id":18847,"href":"https:\/\/www.fredericmenguy.fr\/en\/wp-json\/wp\/v2\/pages\/16131\/revisions\/18847"}],"wp:attachment":[{"href":"https:\/\/www.fredericmenguy.fr\/en\/wp-json\/wp\/v2\/media?parent=16131"}],"curies":[{"name":"wp","href":"https:\/\/api.w.org\/{rel}","templated":true}]}}